{"id":30,"date":"2011-12-06T12:30:17","date_gmt":"2011-12-06T12:30:17","guid":{"rendered":"https:\/\/blogs.ua.es\/monarquiahispanicaportugal\/?page_id=30"},"modified":"2011-12-06T15:14:49","modified_gmt":"2011-12-06T15:14:49","slug":"lecturas-sugeridas","status":"publish","type":"page","link":"https:\/\/blogs.ua.es\/monarquiahispanicaportugal\/lecturas-sugeridas\/","title":{"rendered":"lecturas sugeridas"},"content":{"rendered":"<div>\n<p dir=\"ltr\">Belenguer, Cebri\u00e1 Ernesto. Historia De La Espa\u00f1a Moderna: Desde Los Reyes Cat\u00f3licos Hasta Felipe II. Madrid: Gredos, 2011. Print.<\/p>\n<p dir=\"ltr\"><a href=\"https:\/\/blogs.ua.es\/monarquiahispanicaportugal\/files\/2011\/12\/9788424917609.jpg\"><img loading=\"lazy\" decoding=\"async\" class=\"alignnone size-medium wp-image-49\" src=\"https:\/\/blogs.ua.es\/monarquiahispanicaportugal\/files\/2011\/12\/9788424917609-199x300.jpg\" alt=\"\" width=\"199\" height=\"300\" srcset=\"https:\/\/blogs.ua.es\/monarquiahispanicaportugal\/files\/2011\/12\/9788424917609-199x300.jpg 199w, https:\/\/blogs.ua.es\/monarquiahispanicaportugal\/files\/2011\/12\/9788424917609.jpg 437w\" sizes=\"auto, (max-width: 199px) 100vw, 199px\" \/><\/a><\/p>\n<p dir=\"ltr\">Comellas, Jos\u00e9 Luis. Historia De Espa\u00f1a Moderna Y Contempor\u00e1nea. Madrid: Rialp, 2003. Print.<\/p>\n<p dir=\"ltr\"><a href=\"https:\/\/blogs.ua.es\/monarquiahispanicaportugal\/files\/2011\/12\/Sin-t\u00edtulo.png\"><img loading=\"lazy\" decoding=\"async\" class=\"alignnone size-medium wp-image-53\" src=\"https:\/\/blogs.ua.es\/monarquiahispanicaportugal\/files\/2011\/12\/Sin-t\u00edtulo-188x300.png\" alt=\"\" width=\"188\" height=\"300\" srcset=\"https:\/\/blogs.ua.es\/monarquiahispanicaportugal\/files\/2011\/12\/Sin-t\u00edtulo-188x300.png 188w, https:\/\/blogs.ua.es\/monarquiahispanicaportugal\/files\/2011\/12\/Sin-t\u00edtulo.png 249w\" sizes=\"auto, (max-width: 188px) 100vw, 188px\" \/><\/a><\/p>\n<p dir=\"ltr\">Lynch, John. Espana Bajo Los Austrias (I y II). Barcelona: Ed. Peninsula, 1975. Print.<\/p>\n<p dir=\"ltr\"><a href=\"https:\/\/blogs.ua.es\/monarquiahispanicaportugal\/files\/2011\/12\/18861641.jpg\"><img loading=\"lazy\" decoding=\"async\" class=\"alignnone size-medium wp-image-51\" src=\"https:\/\/blogs.ua.es\/monarquiahispanicaportugal\/files\/2011\/12\/18861641-195x300.jpg\" alt=\"\" width=\"195\" height=\"300\" srcset=\"https:\/\/blogs.ua.es\/monarquiahispanicaportugal\/files\/2011\/12\/18861641-195x300.jpg 195w, https:\/\/blogs.ua.es\/monarquiahispanicaportugal\/files\/2011\/12\/18861641.jpg 320w\" sizes=\"auto, (max-width: 195px) 100vw, 195px\" \/><\/a><\/p>\n<p dir=\"ltr\">Su\u00e1rez, Fern\u00e1ndez Luis. Los Reyes Cat\u00f3licos. Madrid: Ediciones Rialp, 1990. Print.<\/p>\n<p dir=\"ltr\"><a href=\"https:\/\/blogs.ua.es\/monarquiahispanicaportugal\/files\/2011\/12\/14719004.jpg\"><img loading=\"lazy\" decoding=\"async\" class=\"alignnone size-medium wp-image-52\" src=\"https:\/\/blogs.ua.es\/monarquiahispanicaportugal\/files\/2011\/12\/14719004-210x300.jpg\" alt=\"\" width=\"210\" height=\"300\" srcset=\"https:\/\/blogs.ua.es\/monarquiahispanicaportugal\/files\/2011\/12\/14719004-210x300.jpg 210w, https:\/\/blogs.ua.es\/monarquiahispanicaportugal\/files\/2011\/12\/14719004.jpg 525w\" sizes=\"auto, (max-width: 210px) 100vw, 210px\" \/><\/a><\/p>\n<\/div>\n","protected":false},"excerpt":{"rendered":"<p>Belenguer, Cebri\u00e1 Ernesto. Historia De La Espa\u00f1a Moderna: Desde Los Reyes Cat\u00f3licos Hasta Felipe II. Madrid: Gredos, 2011. Print. Comellas, Jos\u00e9 Luis. Historia De Espa\u00f1a Moderna Y Contempor\u00e1nea. Madrid: Rialp, 2003. Print. Lynch, John. Espana Bajo Los Austrias (I y &hellip; <a href=\"https:\/\/blogs.ua.es\/monarquiahispanicaportugal\/lecturas-sugeridas\/\">Continue reading <span class=\"meta-nav\">&rarr;<\/span><\/a><\/p>\n","protected":false},"author":2177,"featured_media":0,"parent":0,"menu_order":0,"comment_status":"open","ping_status":"open","template":"","meta":{"footnotes":""},"class_list":["post-30","page","type-page","status-publish","hentry"],"_links":{"self":[{"href":"https:\/\/blogs.ua.es\/monarquiahispanicaportugal\/wp-json\/wp\/v2\/pages\/30","targetHints":{"allow":["GET"]}}],"collection":[{"href":"https:\/\/blogs.ua.es\/monarquiahispanicaportugal\/wp-json\/wp\/v2\/pages"}],"about":[{"href":"https:\/\/blogs.ua.es\/monarquiahispanicaportugal\/wp-json\/wp\/v2\/types\/page"}],"author":[{"embeddable":true,"href":"https:\/\/blogs.ua.es\/monarquiahispanicaportugal\/wp-json\/wp\/v2\/users\/2177"}],"replies":[{"embeddable":true,"href":"https:\/\/blogs.ua.es\/monarquiahispanicaportugal\/wp-json\/wp\/v2\/comments?post=30"}],"version-history":[{"count":3,"href":"https:\/\/blogs.ua.es\/monarquiahispanicaportugal\/wp-json\/wp\/v2\/pages\/30\/revisions"}],"predecessor-version":[{"id":48,"href":"https:\/\/blogs.ua.es\/monarquiahispanicaportugal\/wp-json\/wp\/v2\/pages\/30\/revisions\/48"}],"wp:attachment":[{"href":"https:\/\/blogs.ua.es\/monarquiahispanicaportugal\/wp-json\/wp\/v2\/media?parent=30"}],"curies":[{"name":"wp","href":"https:\/\/api.w.org\/{rel}","templated":true}]}}