{"id":32,"date":"2011-12-06T12:30:59","date_gmt":"2011-12-06T12:30:59","guid":{"rendered":"https:\/\/blogs.ua.es\/monarquiahispanicaportugal\/?page_id=32"},"modified":"2011-12-11T15:11:53","modified_gmt":"2011-12-11T15:11:53","slug":"enlaces","status":"publish","type":"page","link":"https:\/\/blogs.ua.es\/monarquiahispanicaportugal\/enlaces\/","title":{"rendered":"enlaces"},"content":{"rendered":"<p><span style=\"text-decoration: underline\"><strong>Informaci\u00f3n General (b\u00e1sica):<\/strong><\/span><\/p>\n<ul>\n<li><a href=\"http:\/\/es.wikipedia.org\/wiki\/Reino_de_Portugal\">Reino de Portugal<\/a><\/li>\n<li><a href=\"http:\/\/es.wikipedia.org\/wiki\/Portugal_bajo_la_Casa_de_Austria\">Portugal bajo la Casa de Austria<\/a><\/li>\n<li><a href=\"http:\/\/es.wikipedia.org\/wiki\/Reyes_Cat\u00f3licos\">Los Reyes Cat\u00f3licos<\/a><\/li>\n<ul>\n<li><a href=\"http:\/\/es.wikipedia.org\/wiki\/Fernando_II_de_Arag\u00f3n\">Fernando<\/a><\/li>\n<li><a href=\"http:\/\/es.wikipedia.org\/wiki\/Isabel_I_de_Castilla\">Isabel \u00a0<\/a><\/li>\n<\/ul>\n<li><a href=\"http:\/\/es.wikipedia.org\/wiki\/Carlos_I_de_Espa\u00f1a\">Carlos I \u00a0<\/a><\/li>\n<li><a href=\"http:\/\/es.wikipedia.org\/wiki\/Felipe_II_de_Espa\u00f1a\">Felipe II<\/a><\/li>\n<\/ul>\n<p><strong><span style=\"text-decoration: underline\">Lecturas Sugeridas; Mis fuentes:<\/span><\/strong><\/p>\n<ul>\n<li><a href=\"https:\/\/blogs.ua.es\/monarquiahispanicaportugal\/lecturas-sugeridas\/\">Libros\u00a0<\/a><\/li>\n<li><a href=\"https:\/\/blogs.ua.es\/monarquiahispanicaportugal\/linajes-reales\/\">Linajes Reales<\/a><\/li>\n<\/ul>\n<p><span style=\"text-decoration: underline\"><strong>V\u00eddeos:<\/strong><\/span><\/p>\n<ul>\n<li><a href=\"http:\/\/www.youtube.com\/watch?v=Bn18k4OG_LE\">Tratado de Tordesillas<\/a><\/li>\n<li><a href=\"http:\/\/www.youtube.com\/watch?v=gskHwzV2UKs\">Batalla de Alc\u00e1ntara<\/a><\/li>\n<li><a href=\"http:\/\/www.youtube.com\/watch?v=rI_KRFEYutQ\">Reino de Felipe II<\/a><\/li>\n<\/ul>\n<p><strong><span style=\"text-decoration: underline\">Otros blogs:<\/span><\/strong><\/p>\n<ul>\n<li><a href=\"https:\/\/blogs.ua.es\/lamonarquiahispanicayportugal\/\">Otro blog sobre la Monarqu\u00eda Hisp\u00e1nica y Portugal<\/a><\/li>\n<li><a href=\"https:\/\/blogs.ua.es\/lanavegaciontransatlantica\/\">La Navegaci\u00f3n Transatl\u00e1ntica<\/a><\/li>\n<li><a href=\"https:\/\/blogs.ua.es\/vidaprivadacarlos1\/\">Carlos I &#8211; Vida\u00a0<\/a><\/li>\n<li>Felipe II<\/li>\n<ul>\n<li><a href=\"https:\/\/blogs.ua.es\/vidaprivfelipesegundo\/\">Versi\u00f3n I<\/a><\/li>\n<li><a href=\"https:\/\/blogs.ua.es\/vidaprivadafelipeii\/\">Versi\u00f3n II<\/a><\/li>\n<\/ul>\n<\/ul>\n<p>&nbsp;<\/p>\n<p>&nbsp;<\/p>\n<p>&nbsp;<\/p>\n<p>&nbsp;<\/p>\n","protected":false},"excerpt":{"rendered":"<p>Informaci\u00f3n General (b\u00e1sica): Reino de Portugal Portugal bajo la Casa de Austria Los Reyes Cat\u00f3licos Fernando Isabel \u00a0 Carlos I \u00a0 Felipe II Lecturas Sugeridas; Mis fuentes: Libros\u00a0 Linajes Reales V\u00eddeos: Tratado de Tordesillas Batalla de Alc\u00e1ntara Reino de Felipe &hellip; <a href=\"https:\/\/blogs.ua.es\/monarquiahispanicaportugal\/enlaces\/\">Continue reading <span class=\"meta-nav\">&rarr;<\/span><\/a><\/p>\n","protected":false},"author":2177,"featured_media":0,"parent":0,"menu_order":0,"comment_status":"open","ping_status":"open","template":"","meta":{"footnotes":""},"class_list":["post-32","page","type-page","status-publish","hentry"],"_links":{"self":[{"href":"https:\/\/blogs.ua.es\/monarquiahispanicaportugal\/wp-json\/wp\/v2\/pages\/32","targetHints":{"allow":["GET"]}}],"collection":[{"href":"https:\/\/blogs.ua.es\/monarquiahispanicaportugal\/wp-json\/wp\/v2\/pages"}],"about":[{"href":"https:\/\/blogs.ua.es\/monarquiahispanicaportugal\/wp-json\/wp\/v2\/types\/page"}],"author":[{"embeddable":true,"href":"https:\/\/blogs.ua.es\/monarquiahispanicaportugal\/wp-json\/wp\/v2\/users\/2177"}],"replies":[{"embeddable":true,"href":"https:\/\/blogs.ua.es\/monarquiahispanicaportugal\/wp-json\/wp\/v2\/comments?post=32"}],"version-history":[{"count":7,"href":"https:\/\/blogs.ua.es\/monarquiahispanicaportugal\/wp-json\/wp\/v2\/pages\/32\/revisions"}],"predecessor-version":[{"id":126,"href":"https:\/\/blogs.ua.es\/monarquiahispanicaportugal\/wp-json\/wp\/v2\/pages\/32\/revisions\/126"}],"wp:attachment":[{"href":"https:\/\/blogs.ua.es\/monarquiahispanicaportugal\/wp-json\/wp\/v2\/media?parent=32"}],"curies":[{"name":"wp","href":"https:\/\/api.w.org\/{rel}","templated":true}]}}