{"id":20,"date":"2011-01-12T22:13:55","date_gmt":"2011-01-12T22:13:55","guid":{"rendered":"https:\/\/blogs.ua.es\/moriscosespanamoderna\/"},"modified":"2011-01-12T22:50:50","modified_gmt":"2011-01-12T22:50:50","slug":"presentacion","status":"publish","type":"page","link":"https:\/\/blogs.ua.es\/moriscosespanamoderna\/presentacion\/","title":{"rendered":"1.- PRESENTACION"},"content":{"rendered":"<p>Hola, me llamo Jes\u00fas y este es mi blog, dedicado saber algo m\u00e1s sobre la vida de los moriscos durante la Espa\u00f1a de la Edad Moderna.<\/p>\n<p>Este blog se hace como parte de las pr\u00e1cticas del asignatura \u201cHistoria Moderna de Espa\u00f1a I\u201d de la licenciatura de historia de la universidad de Alicante, dentro del curso acad\u00e9mico 2010\/2011.<\/p>\n<p>Espero que os guste mi trabajo y que el blog tenga muchas visitas. Saludos a todos.<\/p>\n","protected":false},"excerpt":{"rendered":"<p>Hola, me llamo Jes\u00fas y este es mi blog, dedicado saber algo m\u00e1s sobre la vida de los moriscos durante la Espa\u00f1a de la Edad Moderna. Este blog se hace como parte de las pr\u00e1cticas del asignatura \u201cHistoria Moderna de &hellip; <a href=\"https:\/\/blogs.ua.es\/moriscosespanamoderna\/presentacion\/\">Continue reading <span class=\"meta-nav\">&rarr;<\/span><\/a><\/p>\n","protected":false},"author":2005,"featured_media":0,"parent":0,"menu_order":0,"comment_status":"open","ping_status":"closed","template":"","meta":{"footnotes":""},"class_list":["post-20","page","type-page","status-publish","hentry"],"_links":{"self":[{"href":"https:\/\/blogs.ua.es\/moriscosespanamoderna\/wp-json\/wp\/v2\/pages\/20","targetHints":{"allow":["GET"]}}],"collection":[{"href":"https:\/\/blogs.ua.es\/moriscosespanamoderna\/wp-json\/wp\/v2\/pages"}],"about":[{"href":"https:\/\/blogs.ua.es\/moriscosespanamoderna\/wp-json\/wp\/v2\/types\/page"}],"author":[{"embeddable":true,"href":"https:\/\/blogs.ua.es\/moriscosespanamoderna\/wp-json\/wp\/v2\/users\/2005"}],"replies":[{"embeddable":true,"href":"https:\/\/blogs.ua.es\/moriscosespanamoderna\/wp-json\/wp\/v2\/comments?post=20"}],"version-history":[{"count":2,"href":"https:\/\/blogs.ua.es\/moriscosespanamoderna\/wp-json\/wp\/v2\/pages\/20\/revisions"}],"predecessor-version":[{"id":41,"href":"https:\/\/blogs.ua.es\/moriscosespanamoderna\/wp-json\/wp\/v2\/pages\/20\/revisions\/41"}],"wp:attachment":[{"href":"https:\/\/blogs.ua.es\/moriscosespanamoderna\/wp-json\/wp\/v2\/media?parent=20"}],"curies":[{"name":"wp","href":"https:\/\/api.w.org\/{rel}","templated":true}]}}