{"id":22,"date":"2011-01-12T22:14:51","date_gmt":"2011-01-12T22:14:51","guid":{"rendered":"https:\/\/blogs.ua.es\/moriscosespanamoderna\/"},"modified":"2011-01-12T22:50:41","modified_gmt":"2011-01-12T22:50:41","slug":"introduccion","status":"publish","type":"page","link":"https:\/\/blogs.ua.es\/moriscosespanamoderna\/introduccion\/","title":{"rendered":"2.- INTRODUCCION"},"content":{"rendered":"<p>La expulsi\u00f3n de los moriscos, es decir, de la minor\u00eda musulmana que viv\u00eda en Espa\u00f1a como legado de la Espa\u00f1a \u00e1rabe, constituye uno de los temas capitales de nuestra historia. La tolerancia religiosa que hab\u00eda caracterizado la Edad Media, expresada por el mozarab\u00eda y el mudejar\u00eda \u00a0fue sustituida, con el advenimiento de los tiempos modernos, por la tendencia asimiladora de los Reyes Cat\u00f3licos y de los primeros Austria. Al fracasar la asimilaci\u00f3n gan\u00f3 cuerpo la idea de la expulsi\u00f3n, decretada por Felipe III en 1609.<\/p>\n<p>Ahora vamos a recordar una serie de t\u00e9rminos que nos pueden inducir en errores:<\/p>\n<p>Morisco: cristiano nuevo que proviene de moro y se ha convertido al catolicismo.<\/p>\n<p>Mud\u00e9jar: musulm\u00e1n que vive en un contexto dominado por los cristiano viejos y que sigue practicando su religi\u00f3n isl\u00e1mica.<\/p>\n<p>Moz\u00e1rabe: cristiano que vive en un contexto dominado por los musulmanes y se le permite seguir practicando su religi\u00f3n.<\/p>\n","protected":false},"excerpt":{"rendered":"<p>La expulsi\u00f3n de los moriscos, es decir, de la minor\u00eda musulmana que viv\u00eda en Espa\u00f1a como legado de la Espa\u00f1a \u00e1rabe, constituye uno de los temas capitales de nuestra historia. La tolerancia religiosa que hab\u00eda caracterizado la Edad Media, expresada &hellip; <a href=\"https:\/\/blogs.ua.es\/moriscosespanamoderna\/introduccion\/\">Continue reading <span class=\"meta-nav\">&rarr;<\/span><\/a><\/p>\n","protected":false},"author":2005,"featured_media":0,"parent":0,"menu_order":0,"comment_status":"open","ping_status":"closed","template":"","meta":{"footnotes":""},"class_list":["post-22","page","type-page","status-publish","hentry"],"_links":{"self":[{"href":"https:\/\/blogs.ua.es\/moriscosespanamoderna\/wp-json\/wp\/v2\/pages\/22","targetHints":{"allow":["GET"]}}],"collection":[{"href":"https:\/\/blogs.ua.es\/moriscosespanamoderna\/wp-json\/wp\/v2\/pages"}],"about":[{"href":"https:\/\/blogs.ua.es\/moriscosespanamoderna\/wp-json\/wp\/v2\/types\/page"}],"author":[{"embeddable":true,"href":"https:\/\/blogs.ua.es\/moriscosespanamoderna\/wp-json\/wp\/v2\/users\/2005"}],"replies":[{"embeddable":true,"href":"https:\/\/blogs.ua.es\/moriscosespanamoderna\/wp-json\/wp\/v2\/comments?post=22"}],"version-history":[{"count":3,"href":"https:\/\/blogs.ua.es\/moriscosespanamoderna\/wp-json\/wp\/v2\/pages\/22\/revisions"}],"predecessor-version":[{"id":24,"href":"https:\/\/blogs.ua.es\/moriscosespanamoderna\/wp-json\/wp\/v2\/pages\/22\/revisions\/24"}],"wp:attachment":[{"href":"https:\/\/blogs.ua.es\/moriscosespanamoderna\/wp-json\/wp\/v2\/media?parent=22"}],"curies":[{"name":"wp","href":"https:\/\/api.w.org\/{rel}","templated":true}]}}