{"id":37,"date":"2011-01-12T22:36:54","date_gmt":"2011-01-12T22:36:54","guid":{"rendered":"https:\/\/blogs.ua.es\/moriscosespanamoderna\/"},"modified":"2011-01-12T22:50:57","modified_gmt":"2011-01-12T22:50:57","slug":"revuelta-de-granada","status":"publish","type":"page","link":"https:\/\/blogs.ua.es\/moriscosespanamoderna\/revuelta-de-granada\/","title":{"rendered":"3.- REVUELTA DE GRANADA"},"content":{"rendered":"<p>La d\u00e9cada de los 60 es de grandes tensiones, que suben entre 1568 y 1570, con una revuelta en el Reino de Granada, que adquiere la categor\u00eda de guerra. En esta guerra de Granada, los moriscos de la Alpujarra y Granada se rebelaron y ofrecieron una dura resistencia contra los cristianos durante dos a\u00f1os. En 1570 tiene lugar la revuelta. Tras la conversi\u00f3n de los moriscos granadinos en 1500 por los Reyes Cat\u00f3licos, muchos se van al norte de \u00c1frica, pero una parte importante de la poblaci\u00f3n mora convertida se queda en Granada y en la zona monta\u00f1osa de la Alpujarra (Almer\u00eda, M\u00e1laga y Granada). Su situaci\u00f3n es diferente a los de la  Corona de Arag\u00f3n. Los moriscos granadinos hab\u00edan vivido solos como s\u00fabditos de un reino isl\u00e1mico hasta 1492, fecha en la que soportaron la colonizaci\u00f3n por parte de los cristianos viejos, que se convirtieron en funcionarios, eclesi\u00e1sticos y colonos agr\u00edcolas en las poblaciones donde viv\u00edan ellos. Los colonos cristianos viejos no aceptaban la situaci\u00f3n econ\u00f3mica de los moriscos granadinos que, a diferencia con los de Arag\u00f3n, pose\u00edan sus propiedades agr\u00edcolas y se dedicaban a la artesan\u00eda y al comercio, sobre todo de la seda, en focos de Granada, M\u00e1laga y Almer\u00eda. Estos productos eran exportados a Italia y obten\u00edan grandes beneficios econ\u00f3micos. En la Sierra de la Alpujarra se encuentran las moreras que producen la seda.<\/p>\n<p>La presi\u00f3n sobre esta econom\u00eda floreciente es muy dura por parte de:<\/p>\n<ul>\n<li>La Hacienda Real,      con impuestos crecientes para participar de ingresos moriscos.<\/li>\n<li>La presi\u00f3n de los colonos cristianos viejos, que      quer\u00edan apropiarse de estas tierras apoyados por la corona que los      proteg\u00eda, exigiendo a los moriscos que mostrasen t\u00edtulos de propiedad de      la tierra y si no lo hac\u00edan deb\u00edan pagar fuertes tasas, perder la      propiedad o permitir que estas pasasen a los colonos cristianos.<\/li>\n<\/ul>\n<p>Esta presi\u00f3n fue la pol\u00edtica sostenida entre 1550 y 1565, que cre\u00f3 un gran malestar. Coincidi\u00f3 con la expansi\u00f3n del poder\u00edo isl\u00e1mico en el Mediterr\u00e1neo; berberiscos y turcos se encontraban frente a la costa andaluza:<\/p>\n<ul>\n<li>En 1558, una armada de 4000 piratas argelinos      atacaron y saquearon Berja.<\/li>\n<li>En 1559, un contingente turco-argelino atac\u00f3 el      castillo de Fuengirola.<\/li>\n<li>En 1560, los corsarios berberiscos capturaron la      poblaci\u00f3n de una peque\u00f1a villa.<\/li>\n<li>En 1565, unos corsarios de Tetu\u00e1n entran en      Andaluc\u00eda y derrotan a un ej\u00e9rcito regular espa\u00f1ol, adentr\u00e1ndose 40km en la Alpujarra,      llev\u00e1ndose un gran n\u00famero de moriscos.<\/li>\n<\/ul>\n<p>Ante todos estos accidentes, el odio hacia los moriscos iba en aumento, pero la poblaci\u00f3n morisca segu\u00eda creciendo gracias a los altos \u00edndices de natalidad. As\u00ed que el 1 de Enero de 1567 (aniversario de la toma de Granada), Felipe II comienza una dura represi\u00f3n morisca con el inquisidor general, Don Diego de Espinosa, quien promulg\u00f3 un duro edicto y un nuevo funcionario encargado de que se cumpliera este edicto fue el presidente de la  Audiencia granadina, Don Pedro de Dreza.<\/p>\n<p>El edicto dec\u00eda que todos los moriscos granadinos deb\u00edan aprender castellano en 3 a\u00f1os, y a partir de ese momento estaba prohibido leer, escribir y hablar \u00e1rabe; deb\u00edan abandonar sus nombres y apellidos musulmanes, al igual que su ceremonial cultural, cerrar sus ba\u00f1os p\u00fablicos, no practicar el Cor\u00e1n\u2026<\/p>\n<p>Los moriscos creyeron que pod\u00edan negociar, por lo que env\u00edan un procurador a la a la corte para protestar ante Felipe II. Buscan un l\u00edder, Francisco N\u00fa\u00f1ez Mulei, para que hable con Diego de Espinosa en la Audiencia de Granada. Le explica que la represi\u00f3n no ser\u00eda buena ni para la econom\u00eda ni para la corona, y que algunas costumbres pod\u00edan practicarse por no ser incompatibles con el cristianismo, pero Dreza expres\u00f3 que Felipe II valoraba la religi\u00f3n por encima de la econom\u00eda.<\/p>\n<p>Tras un a\u00f1o de negociaciones, en 1568 estalla la revuelta, que fracasa, salvo en la monta\u00f1a de la Alpujarra, donde s\u00ed tiene \u00e9xito encabezada por Fernando de Valor, que recupera su nombre \u00e1rabe, Aben Omeya, y fue nombrado rey de los moriscos granadinos. En Marzo de 1569 la guerra ya est\u00e1 en marcha. De 150.000 moriscos, m\u00e1s de 50.000 estaban armados tras contactar con el norte de \u00c1frica, reciben armas de Argel. Incluso intentaron contactar con los turcos, pero el sult\u00e1n aprovech\u00f3 la conflictividad para atacar Chipre. Las tropas espa\u00f1olas se encontraban a las \u00f3rdenes del Duque de alba en los Pa\u00edses Bajos en 1569. La guerra se eterniza y los moriscos estaban venciendo, y en Enero de 1570, Felipe II, en apuros, hace intervenir a su hermanastro Don Juan de Austria con un ej\u00e9rcito profesional de italianos y castellanos. En Octubre del mismo a\u00f1o la rebeli\u00f3n se da como sofocada y se dan \u00f3rdenes a finales de ese mes de la deportaci\u00f3n masiva de los moriscos de Granada, tanto rebeldes como no. Esposados estos, fueron trasladados y repartidos por aldeas de Extremadura, Galicia, La Mancha y Castilla la Vieja.<\/p>\n<p>Diseminados y alejados de la costa pasan a ser una mano de obra barata. De los 150.000 moriscos, m\u00e1s de la mitad perecieron en la revuelta. Granada y la Alpujarra quedaron pr\u00e1cticamente vac\u00edas de moriscos, y se inicia el proceso de repoblaci\u00f3n. De cerca de 400 aldeas moriscas que quedaron vac\u00edas, s\u00f3lo 270 fueron repobladas con aproximadamente 12.000 familias de cristianos viejos.<\/p>\n<p>La corona hace su negocio, incauta las propiedades moriscas y las saca a la venta, entre los repobladores, pero Granada no volvi\u00f3 a tener su esplendor pasado. Las deportaciones no solucionaron el problema moro, sino que se extendi\u00f3 el conflicto a otros puntos de la pen\u00ednsula y se reaviv\u00f3 la animadversi\u00f3n de los cristianos viejos frente a sus vecinos moriscos.<\/p>\n","protected":false},"excerpt":{"rendered":"<p>La d\u00e9cada de los 60 es de grandes tensiones, que suben entre 1568 y 1570, con una revuelta en el Reino de Granada, que adquiere la categor\u00eda de guerra. En esta guerra de Granada, los moriscos de la Alpujarra y &hellip; <a href=\"https:\/\/blogs.ua.es\/moriscosespanamoderna\/revuelta-de-granada\/\">Continue reading <span class=\"meta-nav\">&rarr;<\/span><\/a><\/p>\n","protected":false},"author":2005,"featured_media":0,"parent":0,"menu_order":0,"comment_status":"open","ping_status":"closed","template":"","meta":{"footnotes":""},"class_list":["post-37","page","type-page","status-publish","hentry"],"_links":{"self":[{"href":"https:\/\/blogs.ua.es\/moriscosespanamoderna\/wp-json\/wp\/v2\/pages\/37","targetHints":{"allow":["GET"]}}],"collection":[{"href":"https:\/\/blogs.ua.es\/moriscosespanamoderna\/wp-json\/wp\/v2\/pages"}],"about":[{"href":"https:\/\/blogs.ua.es\/moriscosespanamoderna\/wp-json\/wp\/v2\/types\/page"}],"author":[{"embeddable":true,"href":"https:\/\/blogs.ua.es\/moriscosespanamoderna\/wp-json\/wp\/v2\/users\/2005"}],"replies":[{"embeddable":true,"href":"https:\/\/blogs.ua.es\/moriscosespanamoderna\/wp-json\/wp\/v2\/comments?post=37"}],"version-history":[{"count":3,"href":"https:\/\/blogs.ua.es\/moriscosespanamoderna\/wp-json\/wp\/v2\/pages\/37\/revisions"}],"predecessor-version":[{"id":39,"href":"https:\/\/blogs.ua.es\/moriscosespanamoderna\/wp-json\/wp\/v2\/pages\/37\/revisions\/39"}],"wp:attachment":[{"href":"https:\/\/blogs.ua.es\/moriscosespanamoderna\/wp-json\/wp\/v2\/media?parent=37"}],"curies":[{"name":"wp","href":"https:\/\/api.w.org\/{rel}","templated":true}]}}