{"id":70,"date":"2011-01-15T14:52:45","date_gmt":"2011-01-15T14:52:45","guid":{"rendered":"https:\/\/blogs.ua.es\/moriscosespanamoderna\/"},"modified":"2011-01-15T14:52:45","modified_gmt":"2011-01-15T14:52:45","slug":"4-desarrollo-de-la-expulsion","status":"publish","type":"page","link":"https:\/\/blogs.ua.es\/moriscosespanamoderna\/4-desarrollo-de-la-expulsion\/","title":{"rendered":"4.- DESARROLLO DE LA EXPULSI\u00d3N"},"content":{"rendered":"<p>El 9 de abril de 1609 se tom\u00f3 la decisi\u00f3n de expulsar a los moriscos. Pero el proceso pod\u00eda suponer problemas debido a la importancia en factores de poblaci\u00f3n de dichos habitantes. Se decidi\u00f3 empezar por Valencia, donde la poblaci\u00f3n morisca era mayor y los preparativos fueron llevados en el m\u00e1s estricto secreto. Desde comienzos de septiembre,\u00a0tercios llegados de\u00a0Italia tomaron posiciones en el norte y sur del reino de Valencia y el 22 de ese mes el virrey orden\u00f3 la publicaci\u00f3n del decreto. La aristocracia valenciana se reuni\u00f3 con representantes del gobierno para protestar por la expulsi\u00f3n, pues \u00e9sta supondr\u00eda una disminuci\u00f3n de sus ingresos, pero la oposici\u00f3n al decreto fue disminuida ante la oferta de quedarse con parte de la propiedad territorial de los moriscos. A la poblaci\u00f3n morisca se le permiti\u00f3 llevarse todo aquello que pudiesen, pero sus casas y terrenos pasar\u00edan a manos de sus se\u00f1ores, con pena de muerte en caso de quema o destrucci\u00f3n antes de la transferencia.<\/p>\n<p>A partir del 30 de septiembre fueron llevados a los puertos, donde como ofensa \u00faltima fueron obligados a pagar el pasaje. Los primeros moriscos fueron transportados al norte de\u00a0\u00c1frica, donde en ocasiones fueron atacados por la poblaci\u00f3n de los pa\u00edses receptores. Esto caus\u00f3 temores en la poblaci\u00f3n morisca restante en Valencia, y el 20 de octubre se produjo una rebeli\u00f3n morisca contra la expulsi\u00f3n. Los rebeldes fueron reducidos en noviembre y se termin\u00f3 con la expulsi\u00f3n de los \u00faltimos moriscos valencianos. A principios de\u00a01610 se realiz\u00f3 la expulsi\u00f3n de los moriscos aragoneses y en septiembre la de los moriscos catalanes.<\/p>\n<p>La expulsi\u00f3n de los moriscos de Castilla era una tarea m\u00e1s ardua, puesto que estaban mucho m\u00e1s dispersos tras haber sido repartidos en 1571 por el reino despu\u00e9s de la\u00a0<a title=\"Rebeli\u00f3n de las Alpujarras\" href=\"http:\/\/es.wikipedia.org\/wiki\/Rebeli%C3%B3n_de_las_Alpujarras\">rebeli\u00f3n de las Alpujarras<\/a>. Debido a esto, a la poblaci\u00f3n morisca se le dio una primera opci\u00f3n de salida voluntaria del pa\u00eds, donde pod\u00edan llevarse sus posesiones m\u00e1s valiosas y todo aquello que pudieran vender. As\u00ed, en Castilla la expulsi\u00f3n dur\u00f3 tres a\u00f1os (de 1611 a 1614) e incluso algunos consiguieron evadir la expulsi\u00f3n y permanecieron en Espa\u00f1a.<\/p>\n<p>La deportaci\u00f3n de los moriscos granadinos se realiz\u00f3 en columnas de 1.500 a 2.000 personas, escindidas en escuadras de 500 individuos. Cada columna segu\u00eda un itinerario particular con el fin de asegurar un mejor avituallamiento. Como media, la expedici\u00f3n recorr\u00eda un poco m\u00e1s de 4 leguas al d\u00eda, y para evitar que los m\u00e1s fuertes escapasen, se les ataba con esposas.<\/p>\n","protected":false},"excerpt":{"rendered":"<p>El 9 de abril de 1609 se tom\u00f3 la decisi\u00f3n de expulsar a los moriscos. Pero el proceso pod\u00eda suponer problemas debido a la importancia en factores de poblaci\u00f3n de dichos habitantes. Se decidi\u00f3 empezar por Valencia, donde la poblaci\u00f3n &hellip; <a href=\"https:\/\/blogs.ua.es\/moriscosespanamoderna\/4-desarrollo-de-la-expulsion\/\">Continue reading <span class=\"meta-nav\">&rarr;<\/span><\/a><\/p>\n","protected":false},"author":2005,"featured_media":0,"parent":0,"menu_order":0,"comment_status":"open","ping_status":"open","template":"","meta":{"footnotes":""},"class_list":["post-70","page","type-page","status-publish","hentry"],"_links":{"self":[{"href":"https:\/\/blogs.ua.es\/moriscosespanamoderna\/wp-json\/wp\/v2\/pages\/70","targetHints":{"allow":["GET"]}}],"collection":[{"href":"https:\/\/blogs.ua.es\/moriscosespanamoderna\/wp-json\/wp\/v2\/pages"}],"about":[{"href":"https:\/\/blogs.ua.es\/moriscosespanamoderna\/wp-json\/wp\/v2\/types\/page"}],"author":[{"embeddable":true,"href":"https:\/\/blogs.ua.es\/moriscosespanamoderna\/wp-json\/wp\/v2\/users\/2005"}],"replies":[{"embeddable":true,"href":"https:\/\/blogs.ua.es\/moriscosespanamoderna\/wp-json\/wp\/v2\/comments?post=70"}],"version-history":[{"count":2,"href":"https:\/\/blogs.ua.es\/moriscosespanamoderna\/wp-json\/wp\/v2\/pages\/70\/revisions"}],"predecessor-version":[{"id":72,"href":"https:\/\/blogs.ua.es\/moriscosespanamoderna\/wp-json\/wp\/v2\/pages\/70\/revisions\/72"}],"wp:attachment":[{"href":"https:\/\/blogs.ua.es\/moriscosespanamoderna\/wp-json\/wp\/v2\/media?parent=70"}],"curies":[{"name":"wp","href":"https:\/\/api.w.org\/{rel}","templated":true}]}}