{"id":73,"date":"2011-01-16T19:21:04","date_gmt":"2011-01-16T19:21:04","guid":{"rendered":"https:\/\/blogs.ua.es\/moriscosespanamoderna\/"},"modified":"2011-01-16T19:21:04","modified_gmt":"2011-01-16T19:21:04","slug":"5-bibliografia","status":"publish","type":"page","link":"https:\/\/blogs.ua.es\/moriscosespanamoderna\/5-bibliografia\/","title":{"rendered":"5.- BIBLIOGRAFIA"},"content":{"rendered":"<p>FUNDACION BANCAJA.\u00a0<em>La expulsi\u00f3n de los moriscos del Reino de Valencia.<\/em> Edici\u00f3n en Valencia, 1997.<\/p>\n<p>LOMAS CORTES, Manuel. <em>La expulsi\u00f3n de los moriscos del Reino de Arag\u00f3n: pol\u00edtica y administraci\u00f3n de una deportaci\u00f3n (1609-1611).<\/em> Editor: centro de estudios mud\u00e9jares, 2008.<\/p>\n<p>MARTINEZ RUIZ, Enrique. <em>La Espa\u00f1a Moderna.<\/em> Editorial Istmo. 1992.<\/p>\n","protected":false},"excerpt":{"rendered":"<p>FUNDACION BANCAJA.\u00a0La expulsi\u00f3n de los moriscos del Reino de Valencia. Edici\u00f3n en Valencia, 1997. LOMAS CORTES, Manuel. La expulsi\u00f3n de los moriscos del Reino de Arag\u00f3n: pol\u00edtica y administraci\u00f3n de una deportaci\u00f3n (1609-1611). Editor: centro de estudios mud\u00e9jares, 2008. MARTINEZ &hellip; <a href=\"https:\/\/blogs.ua.es\/moriscosespanamoderna\/5-bibliografia\/\">Continue reading <span class=\"meta-nav\">&rarr;<\/span><\/a><\/p>\n","protected":false},"author":2005,"featured_media":0,"parent":0,"menu_order":0,"comment_status":"open","ping_status":"open","template":"","meta":{"footnotes":""},"class_list":["post-73","page","type-page","status-publish","hentry"],"_links":{"self":[{"href":"https:\/\/blogs.ua.es\/moriscosespanamoderna\/wp-json\/wp\/v2\/pages\/73","targetHints":{"allow":["GET"]}}],"collection":[{"href":"https:\/\/blogs.ua.es\/moriscosespanamoderna\/wp-json\/wp\/v2\/pages"}],"about":[{"href":"https:\/\/blogs.ua.es\/moriscosespanamoderna\/wp-json\/wp\/v2\/types\/page"}],"author":[{"embeddable":true,"href":"https:\/\/blogs.ua.es\/moriscosespanamoderna\/wp-json\/wp\/v2\/users\/2005"}],"replies":[{"embeddable":true,"href":"https:\/\/blogs.ua.es\/moriscosespanamoderna\/wp-json\/wp\/v2\/comments?post=73"}],"version-history":[{"count":1,"href":"https:\/\/blogs.ua.es\/moriscosespanamoderna\/wp-json\/wp\/v2\/pages\/73\/revisions"}],"predecessor-version":[{"id":74,"href":"https:\/\/blogs.ua.es\/moriscosespanamoderna\/wp-json\/wp\/v2\/pages\/73\/revisions\/74"}],"wp:attachment":[{"href":"https:\/\/blogs.ua.es\/moriscosespanamoderna\/wp-json\/wp\/v2\/media?parent=73"}],"curies":[{"name":"wp","href":"https:\/\/api.w.org\/{rel}","templated":true}]}}