{"id":13,"date":"2011-12-02T12:02:56","date_gmt":"2011-12-02T12:02:56","guid":{"rendered":"https:\/\/blogs.ua.es\/movimentsjuvenilstransiciopolitica\/?page_id=13"},"modified":"2011-12-02T12:02:56","modified_gmt":"2011-12-02T12:02:56","slug":"pagina-de-prova","status":"publish","type":"page","link":"https:\/\/blogs.ua.es\/movimentsjuvenilstransiciopolitica\/pagina-de-prova\/","title":{"rendered":"P\u00e0gina de Prova"},"content":{"rendered":"<p>Hola aquesta \u00e9s una prova per al treball de Moviments Juvenils.Hola aquesta \u00e9s una prova per al treball de Moviments Juvenils. Hola aquesta \u00e9s una prova per al treball de Moviments JuvenilsHola aquesta \u00e9s una prova per al treball de Moviments Juvenils.\u00a0Hola aquesta \u00e9s una prova per al treball de Moviments Juvenils.\u00a0Hola aquesta \u00e9s una prova per al treball de Moviments Juvenils. Hola aquesta \u00e9s una prova per al treball de Moviments Juvenils.<\/p>\n","protected":false},"excerpt":{"rendered":"<p>Hola aquesta \u00e9s una prova per al treball de Moviments Juvenils.Hola aquesta \u00e9s una prova per al treball de Moviments Juvenils. Hola aquesta \u00e9s una prova per al treball de Moviments JuvenilsHola aquesta \u00e9s una prova per al treball de Moviments Juvenils.\u00a0Hola aquesta \u00e9s una prova per al treball de Moviments Juvenils.\u00a0Hola aquesta \u00e9s una [&hellip;]<\/p>\n","protected":false},"author":2477,"featured_media":0,"parent":0,"menu_order":0,"comment_status":"open","ping_status":"open","template":"","meta":{"footnotes":""},"class_list":["post-13","page","type-page","status-publish","hentry"],"_links":{"self":[{"href":"https:\/\/blogs.ua.es\/movimentsjuvenilstransiciopolitica\/wp-json\/wp\/v2\/pages\/13","targetHints":{"allow":["GET"]}}],"collection":[{"href":"https:\/\/blogs.ua.es\/movimentsjuvenilstransiciopolitica\/wp-json\/wp\/v2\/pages"}],"about":[{"href":"https:\/\/blogs.ua.es\/movimentsjuvenilstransiciopolitica\/wp-json\/wp\/v2\/types\/page"}],"author":[{"embeddable":true,"href":"https:\/\/blogs.ua.es\/movimentsjuvenilstransiciopolitica\/wp-json\/wp\/v2\/users\/2477"}],"replies":[{"embeddable":true,"href":"https:\/\/blogs.ua.es\/movimentsjuvenilstransiciopolitica\/wp-json\/wp\/v2\/comments?post=13"}],"version-history":[{"count":2,"href":"https:\/\/blogs.ua.es\/movimentsjuvenilstransiciopolitica\/wp-json\/wp\/v2\/pages\/13\/revisions"}],"predecessor-version":[{"id":15,"href":"https:\/\/blogs.ua.es\/movimentsjuvenilstransiciopolitica\/wp-json\/wp\/v2\/pages\/13\/revisions\/15"}],"wp:attachment":[{"href":"https:\/\/blogs.ua.es\/movimentsjuvenilstransiciopolitica\/wp-json\/wp\/v2\/media?parent=13"}],"curies":[{"name":"wp","href":"https:\/\/api.w.org\/{rel}","templated":true}]}}