{"id":32,"date":"2012-01-18T18:11:09","date_gmt":"2012-01-18T18:11:09","guid":{"rendered":"https:\/\/blogs.ua.es\/movimentsjuvenilstransiciopolitica\/?page_id=32"},"modified":"2012-01-18T21:56:34","modified_gmt":"2012-01-18T21:56:34","slug":"presentacio-del-blog","status":"publish","type":"page","link":"https:\/\/blogs.ua.es\/movimentsjuvenilstransiciopolitica\/presentacio-del-blog\/","title":{"rendered":"Presentaci\u00f3 del Blog"},"content":{"rendered":"<p>Transformaci\u00f3 i canvi s\u00f3n les dues paraules que caracteritzen l&#8217;\u00e8poca transit\u00f2ria de la pol\u00edtica espanyola, no sols va ser un canvi en l&#8217;\u00e0mbit pol\u00edtic sino que tamb\u00e9 van sorgir transformacions en la cinematografia, la m\u00fasica i l&#8217;oci, i amb aquest blog s&#8217;ha construit una mena de difusi\u00f3 dels principals moviments juvenils que van tindre lloc durant la Transici\u00f3 Pol\u00edtica Espanyola. A trav\u00e9s del\u00a0blog s&#8217;invita a totes aquelles persones que estiguen interesades en donar una mirada enrere cap a aquella \u00e8poca tan reivindicativa i contradict\u00f2ria, aix\u00ed com original i entretinguda.<\/p>\n","protected":false},"excerpt":{"rendered":"<p>Transformaci\u00f3 i canvi s\u00f3n les dues paraules que caracteritzen l&#8217;\u00e8poca transit\u00f2ria de la pol\u00edtica espanyola, no sols va ser un canvi en l&#8217;\u00e0mbit pol\u00edtic sino que tamb\u00e9 van sorgir transformacions en la cinematografia, la m\u00fasica i l&#8217;oci, i amb aquest blog s&#8217;ha construit una mena de difusi\u00f3 dels principals moviments juvenils que van tindre lloc [&hellip;]<\/p>\n","protected":false},"author":2477,"featured_media":0,"parent":0,"menu_order":0,"comment_status":"open","ping_status":"open","template":"","meta":{"footnotes":""},"class_list":["post-32","page","type-page","status-publish","hentry"],"_links":{"self":[{"href":"https:\/\/blogs.ua.es\/movimentsjuvenilstransiciopolitica\/wp-json\/wp\/v2\/pages\/32","targetHints":{"allow":["GET"]}}],"collection":[{"href":"https:\/\/blogs.ua.es\/movimentsjuvenilstransiciopolitica\/wp-json\/wp\/v2\/pages"}],"about":[{"href":"https:\/\/blogs.ua.es\/movimentsjuvenilstransiciopolitica\/wp-json\/wp\/v2\/types\/page"}],"author":[{"embeddable":true,"href":"https:\/\/blogs.ua.es\/movimentsjuvenilstransiciopolitica\/wp-json\/wp\/v2\/users\/2477"}],"replies":[{"embeddable":true,"href":"https:\/\/blogs.ua.es\/movimentsjuvenilstransiciopolitica\/wp-json\/wp\/v2\/comments?post=32"}],"version-history":[{"count":3,"href":"https:\/\/blogs.ua.es\/movimentsjuvenilstransiciopolitica\/wp-json\/wp\/v2\/pages\/32\/revisions"}],"predecessor-version":[{"id":77,"href":"https:\/\/blogs.ua.es\/movimentsjuvenilstransiciopolitica\/wp-json\/wp\/v2\/pages\/32\/revisions\/77"}],"wp:attachment":[{"href":"https:\/\/blogs.ua.es\/movimentsjuvenilstransiciopolitica\/wp-json\/wp\/v2\/media?parent=32"}],"curies":[{"name":"wp","href":"https:\/\/api.w.org\/{rel}","templated":true}]}}