{"id":34,"date":"2012-01-18T18:11:31","date_gmt":"2012-01-18T18:11:31","guid":{"rendered":"https:\/\/blogs.ua.es\/movimentsjuvenilstransiciopolitica\/?page_id=34"},"modified":"2012-01-18T21:44:56","modified_gmt":"2012-01-18T21:44:56","slug":"explicacio-general-del-tema","status":"publish","type":"page","link":"https:\/\/blogs.ua.es\/movimentsjuvenilstransiciopolitica\/explicacio-general-del-tema\/","title":{"rendered":"Explicaci\u00f3 general del tema"},"content":{"rendered":"<p>La Transici\u00f3 Pol\u00edtica Espanyola \u00e9s el per\u00edode durant el qual es du a terme el proc\u00e9s mitjan\u00e7ant el qual Espanya deixa enrere el r\u00e8gim dictatorial del general Francisco Franco, passant a regir-se per una Constituci\u00f3 que consagrava un Estat social i democr\u00e0tic de dret. Aleshores ens trobem enfront de una \u00e9poca de canvi i de confrontaci\u00f3 en tots el \u00e0mbits, desde la pol\u00edtica a la cultura, comen\u00e7a una nova societat. Per aix\u00f3 prenen una import\u00e0ncia significativa el moviments juvenils que es fan evidents a trav\u00e9s del cine, la m\u00fasica, les reivindicacions pol\u00edtiques, el teatre i tamb\u00e9 la literatura. A m\u00e9s ser\u00e0 un fen\u00f2men que presentar\u00e1 un major auge en aquelles ciutats espanyoles m\u00e9s singulars com Madrid, Vigo, Barcelona o Bilbao.<\/p>\n","protected":false},"excerpt":{"rendered":"<p>La Transici\u00f3 Pol\u00edtica Espanyola \u00e9s el per\u00edode durant el qual es du a terme el proc\u00e9s mitjan\u00e7ant el qual Espanya deixa enrere el r\u00e8gim dictatorial del general Francisco Franco, passant a regir-se per una Constituci\u00f3 que consagrava un Estat social i democr\u00e0tic de dret. Aleshores ens trobem enfront de una \u00e9poca de canvi i de [&hellip;]<\/p>\n","protected":false},"author":2477,"featured_media":0,"parent":0,"menu_order":0,"comment_status":"open","ping_status":"open","template":"","meta":{"footnotes":""},"class_list":["post-34","page","type-page","status-publish","hentry"],"_links":{"self":[{"href":"https:\/\/blogs.ua.es\/movimentsjuvenilstransiciopolitica\/wp-json\/wp\/v2\/pages\/34","targetHints":{"allow":["GET"]}}],"collection":[{"href":"https:\/\/blogs.ua.es\/movimentsjuvenilstransiciopolitica\/wp-json\/wp\/v2\/pages"}],"about":[{"href":"https:\/\/blogs.ua.es\/movimentsjuvenilstransiciopolitica\/wp-json\/wp\/v2\/types\/page"}],"author":[{"embeddable":true,"href":"https:\/\/blogs.ua.es\/movimentsjuvenilstransiciopolitica\/wp-json\/wp\/v2\/users\/2477"}],"replies":[{"embeddable":true,"href":"https:\/\/blogs.ua.es\/movimentsjuvenilstransiciopolitica\/wp-json\/wp\/v2\/comments?post=34"}],"version-history":[{"count":3,"href":"https:\/\/blogs.ua.es\/movimentsjuvenilstransiciopolitica\/wp-json\/wp\/v2\/pages\/34\/revisions"}],"predecessor-version":[{"id":75,"href":"https:\/\/blogs.ua.es\/movimentsjuvenilstransiciopolitica\/wp-json\/wp\/v2\/pages\/34\/revisions\/75"}],"wp:attachment":[{"href":"https:\/\/blogs.ua.es\/movimentsjuvenilstransiciopolitica\/wp-json\/wp\/v2\/media?parent=34"}],"curies":[{"name":"wp","href":"https:\/\/api.w.org\/{rel}","templated":true}]}}