{"id":36,"date":"2012-01-18T18:11:46","date_gmt":"2012-01-18T18:11:46","guid":{"rendered":"https:\/\/blogs.ua.es\/movimentsjuvenilstransiciopolitica\/?page_id=36"},"modified":"2012-01-18T22:17:46","modified_gmt":"2012-01-18T22:17:46","slug":"metodologia","status":"publish","type":"page","link":"https:\/\/blogs.ua.es\/movimentsjuvenilstransiciopolitica\/metodologia\/","title":{"rendered":"Metodolog\u00eda"},"content":{"rendered":"<p>Per a la realitzaci\u00f3 de cadascuna de les entrades de les que consta aquest blog s&#8217;han consultat de manera espec\u00edfica i detallada les p\u00e0gines web, els texts i els fragments per a agafar aquella informaci\u00f3 m\u00e9s rellevant i translladarla als diferents apartats del blog.\u00a0Aleshores s&#8217;ha utilitzat amb major incid\u00e8ncia el repositori institucional de l&#8217;Universitat d&#8217;Alacant, RUA. Aix\u00ed com Google Books, Wikipedia i YouTube d&#8217;on s&#8217;han agafat els recursos audiovisuals.<\/p>\n","protected":false},"excerpt":{"rendered":"<p>Per a la realitzaci\u00f3 de cadascuna de les entrades de les que consta aquest blog s&#8217;han consultat de manera espec\u00edfica i detallada les p\u00e0gines web, els texts i els fragments per a agafar aquella informaci\u00f3 m\u00e9s rellevant i translladarla als diferents apartats del blog.\u00a0Aleshores s&#8217;ha utilitzat amb major incid\u00e8ncia el repositori institucional de l&#8217;Universitat d&#8217;Alacant, [&hellip;]<\/p>\n","protected":false},"author":2477,"featured_media":0,"parent":0,"menu_order":0,"comment_status":"open","ping_status":"open","template":"","meta":{"footnotes":""},"class_list":["post-36","page","type-page","status-publish","hentry"],"_links":{"self":[{"href":"https:\/\/blogs.ua.es\/movimentsjuvenilstransiciopolitica\/wp-json\/wp\/v2\/pages\/36","targetHints":{"allow":["GET"]}}],"collection":[{"href":"https:\/\/blogs.ua.es\/movimentsjuvenilstransiciopolitica\/wp-json\/wp\/v2\/pages"}],"about":[{"href":"https:\/\/blogs.ua.es\/movimentsjuvenilstransiciopolitica\/wp-json\/wp\/v2\/types\/page"}],"author":[{"embeddable":true,"href":"https:\/\/blogs.ua.es\/movimentsjuvenilstransiciopolitica\/wp-json\/wp\/v2\/users\/2477"}],"replies":[{"embeddable":true,"href":"https:\/\/blogs.ua.es\/movimentsjuvenilstransiciopolitica\/wp-json\/wp\/v2\/comments?post=36"}],"version-history":[{"count":3,"href":"https:\/\/blogs.ua.es\/movimentsjuvenilstransiciopolitica\/wp-json\/wp\/v2\/pages\/36\/revisions"}],"predecessor-version":[{"id":82,"href":"https:\/\/blogs.ua.es\/movimentsjuvenilstransiciopolitica\/wp-json\/wp\/v2\/pages\/36\/revisions\/82"}],"wp:attachment":[{"href":"https:\/\/blogs.ua.es\/movimentsjuvenilstransiciopolitica\/wp-json\/wp\/v2\/media?parent=36"}],"curies":[{"name":"wp","href":"https:\/\/api.w.org\/{rel}","templated":true}]}}