{"id":2,"date":"2010-09-25T23:46:26","date_gmt":"2010-09-25T23:46:26","guid":{"rendered":""},"modified":"2010-09-27T12:29:55","modified_gmt":"2010-09-27T12:29:55","slug":"info","status":"publish","type":"page","link":"https:\/\/blogs.ua.es\/msalldelalgica\/info\/","title":{"rendered":"Informaci\u00f3n"},"content":{"rendered":"<div>\n<p style=\"text-align: justify\">Bienvenidos a todos los que quer\u00e1is curiosear un poco, por el mundillo cient\u00edfico que construye la base de la Ingenier\u00eda Inform\u00e1tica. Si consigo mantener este blog algo de tiempo, ir\u00e9 colgando temas relacionados con algunas asignaturas, como curiosidades o cosillas relacionadas, as\u00ed como temas de divulgaci\u00f3n cient\u00edfica, inform\u00e1tica&#8230; vamos, un poquito de todo para abrir nuestras mentes &#8220;m\u00e1s all\u00e1 de la L\u00f3gica&#8221;, y olvidarnos de todo lo mundano que hoy d\u00eda rodea nuestra realidad, y tratar de conocer, un poquito, el porqu\u00e9 de las cosas, intentando buscar un sentido de nuestra realidad un poco m\u00e1s all\u00e1 de lo que los telediarios, programas de coraz\u00f3n, telebasura, etc; nos pone a nuestra disposici\u00f3n.<\/p>\n<p><em>&#8220;\u00bfPor qu\u00e9 esta magn\u00edfica tecnolog\u00eda cient\u00edfica, que ahorra trabajo y nos hace la vida mas f\u00e1cil, nos aporta tan poca felicidad? La repuesta es est\u00e1, simplemente: porque a\u00fan no hemos aprendido a usarla con tino.&#8221; Albert Einstein<\/em><\/p>\n<\/div>\n","protected":false},"excerpt":{"rendered":"<p>Bienvenidos a todos los que quer\u00e1is curiosear un poco, por el mundillo cient\u00edfico que construye la base de la Ingenier\u00eda Inform\u00e1tica. Si consigo mantener este blog algo de tiempo, ir\u00e9 colgando temas relacionados con algunas asignaturas, como curiosidades o cosillas relacionadas, as\u00ed como temas de divulgaci\u00f3n cient\u00edfica, inform\u00e1tica&#8230; vamos, un poquito de todo para abrir [&hellip;]<\/p>\n","protected":false},"author":1339,"featured_media":0,"parent":0,"menu_order":0,"comment_status":"open","ping_status":"open","template":"","meta":{"footnotes":""},"class_list":["post-2","page","type-page","status-publish","hentry"],"_links":{"self":[{"href":"https:\/\/blogs.ua.es\/msalldelalgica\/wp-json\/wp\/v2\/pages\/2","targetHints":{"allow":["GET"]}}],"collection":[{"href":"https:\/\/blogs.ua.es\/msalldelalgica\/wp-json\/wp\/v2\/pages"}],"about":[{"href":"https:\/\/blogs.ua.es\/msalldelalgica\/wp-json\/wp\/v2\/types\/page"}],"author":[{"embeddable":true,"href":"https:\/\/blogs.ua.es\/msalldelalgica\/wp-json\/wp\/v2\/users\/1339"}],"replies":[{"embeddable":true,"href":"https:\/\/blogs.ua.es\/msalldelalgica\/wp-json\/wp\/v2\/comments?post=2"}],"version-history":[{"count":11,"href":"https:\/\/blogs.ua.es\/msalldelalgica\/wp-json\/wp\/v2\/pages\/2\/revisions"}],"predecessor-version":[{"id":46,"href":"https:\/\/blogs.ua.es\/msalldelalgica\/wp-json\/wp\/v2\/pages\/2\/revisions\/46"}],"wp:attachment":[{"href":"https:\/\/blogs.ua.es\/msalldelalgica\/wp-json\/wp\/v2\/media?parent=2"}],"curies":[{"name":"wp","href":"https:\/\/api.w.org\/{rel}","templated":true}]}}