{"id":4,"date":"2013-11-15T17:43:57","date_gmt":"2013-11-15T17:43:57","guid":{"rendered":"https:\/\/blogs.ua.es\/muchamiel2\/?page_id=4"},"modified":"2013-12-17T18:09:17","modified_gmt":"2013-12-17T18:09:17","slug":"presentacion","status":"publish","type":"page","link":"https:\/\/blogs.ua.es\/muchamiel2\/presentacion\/","title":{"rendered":"Presentaci\u00f3n"},"content":{"rendered":"<p>Somos Sergio Mart\u00ednez Climent, Ana Bel\u00e9n Vicente M\u00e1rquez \u00a0y Noem\u00ed Mart\u00ednez Alfaro de primer a\u00f1o de grado de Historia, Humanidades y Geograf\u00eda.<\/p>\n","protected":false},"excerpt":{"rendered":"<p>Somos Sergio Mart\u00ednez Climent, Ana Bel\u00e9n Vicente M\u00e1rquez \u00a0y Noem\u00ed Mart\u00ednez Alfaro de primer a\u00f1o de grado de Historia, Humanidades y Geograf\u00eda.<\/p>\n","protected":false},"author":3386,"featured_media":0,"parent":0,"menu_order":0,"comment_status":"open","ping_status":"open","template":"","meta":{"footnotes":""},"class_list":["post-4","page","type-page","status-publish","hentry"],"_links":{"self":[{"href":"https:\/\/blogs.ua.es\/muchamiel2\/wp-json\/wp\/v2\/pages\/4","targetHints":{"allow":["GET"]}}],"collection":[{"href":"https:\/\/blogs.ua.es\/muchamiel2\/wp-json\/wp\/v2\/pages"}],"about":[{"href":"https:\/\/blogs.ua.es\/muchamiel2\/wp-json\/wp\/v2\/types\/page"}],"author":[{"embeddable":true,"href":"https:\/\/blogs.ua.es\/muchamiel2\/wp-json\/wp\/v2\/users\/3386"}],"replies":[{"embeddable":true,"href":"https:\/\/blogs.ua.es\/muchamiel2\/wp-json\/wp\/v2\/comments?post=4"}],"version-history":[{"count":3,"href":"https:\/\/blogs.ua.es\/muchamiel2\/wp-json\/wp\/v2\/pages\/4\/revisions"}],"predecessor-version":[{"id":243,"href":"https:\/\/blogs.ua.es\/muchamiel2\/wp-json\/wp\/v2\/pages\/4\/revisions\/243"}],"wp:attachment":[{"href":"https:\/\/blogs.ua.es\/muchamiel2\/wp-json\/wp\/v2\/media?parent=4"}],"curies":[{"name":"wp","href":"https:\/\/api.w.org\/{rel}","templated":true}]}}