{"id":17,"date":"2020-12-16T16:19:27","date_gmt":"2020-12-16T16:19:27","guid":{"rendered":"https:\/\/blogs.ua.es\/muertecanovasprensa\/?page_id=17"},"modified":"2020-12-17T17:19:18","modified_gmt":"2020-12-17T17:19:18","slug":"metodologia","status":"publish","type":"page","link":"https:\/\/blogs.ua.es\/muertecanovasprensa\/metodologia\/","title":{"rendered":"Metodolog\u00eda"},"content":{"rendered":"<p>En el \u00e1mbito de la metodolog\u00eda empleada a la hora de realizar este trabajo, en primer lugar se ha realizado una labor de investigaci\u00f3n en hemerotecas, plataformas digitales de prensa y dem\u00e1s, para recabar la informaci\u00f3n o los ejemplos a utilizar. Ha sido quiz\u00e1 la parte m\u00e1s complicada del trabajo ir en busca de im\u00e1genes de peri\u00f3dicos del siglo XIX, puesto que cuanto m\u00e1s antiguos, menos ejemplares quedan y m\u00e1s ejemplares ya digitalizados.<br \/>\nUna vez superada la labor de recopilaci\u00f3n de elementos visuales y ya creado el blog, por supuesto, hemos usado los principios establecidos por el autor Jacques Kayser y mencionados en clase, siguiendo el esquema de: 1. personalidad del peri\u00f3dico, 2. morfolog\u00eda y 3. valorizaci\u00f3n; primero buscando situarlo ideol\u00f3gicamente para indagar sobre su identidad, buscar la informaci\u00f3n acerca de qui\u00e9n hab\u00eda detr\u00e1s de estos peri\u00f3dicos, tanto redactando como dirigi\u00e9ndolos (como ya establec\u00eda Bertaux, el an\u00e1lisis de qui\u00e9n lo cuenta); a continuaci\u00f3n, analizando su estructura y la disposici\u00f3n de sus elementos y ya por \u00faltimo su contenido, a\u00f1adi\u00e9ndole un an\u00e1lisis terminol\u00f3gico pues tambi\u00e9n aportar\u00eda mucha informaci\u00f3n acerca de la intencionalidad.<\/p>\n<p>Por \u00faltimo, se ha procedido a la puesta en com\u00fan de lo hallado, su procedente redacci\u00f3n y disertaci\u00f3n de las conclusiones.<\/p>\n","protected":false},"excerpt":{"rendered":"<p>En el \u00e1mbito de la metodolog\u00eda empleada a la hora de realizar este trabajo, en primer lugar se ha realizado una labor de investigaci\u00f3n en hemerotecas, plataformas digitales de prensa y dem\u00e1s, para recabar la informaci\u00f3n o los ejemplos a utilizar. Ha sido quiz\u00e1 la parte m\u00e1s complicada del trabajo ir en busca de im\u00e1genes [&hellip;]<\/p>\n","protected":false},"author":4482,"featured_media":0,"parent":0,"menu_order":0,"comment_status":"closed","ping_status":"closed","template":"","meta":{"footnotes":""},"class_list":["post-17","page","type-page","status-publish","hentry"],"_links":{"self":[{"href":"https:\/\/blogs.ua.es\/muertecanovasprensa\/wp-json\/wp\/v2\/pages\/17","targetHints":{"allow":["GET"]}}],"collection":[{"href":"https:\/\/blogs.ua.es\/muertecanovasprensa\/wp-json\/wp\/v2\/pages"}],"about":[{"href":"https:\/\/blogs.ua.es\/muertecanovasprensa\/wp-json\/wp\/v2\/types\/page"}],"author":[{"embeddable":true,"href":"https:\/\/blogs.ua.es\/muertecanovasprensa\/wp-json\/wp\/v2\/users\/4482"}],"replies":[{"embeddable":true,"href":"https:\/\/blogs.ua.es\/muertecanovasprensa\/wp-json\/wp\/v2\/comments?post=17"}],"version-history":[{"count":5,"href":"https:\/\/blogs.ua.es\/muertecanovasprensa\/wp-json\/wp\/v2\/pages\/17\/revisions"}],"predecessor-version":[{"id":209,"href":"https:\/\/blogs.ua.es\/muertecanovasprensa\/wp-json\/wp\/v2\/pages\/17\/revisions\/209"}],"wp:attachment":[{"href":"https:\/\/blogs.ua.es\/muertecanovasprensa\/wp-json\/wp\/v2\/media?parent=17"}],"curies":[{"name":"wp","href":"https:\/\/api.w.org\/{rel}","templated":true}]}}