{"id":21,"date":"2020-12-16T16:25:59","date_gmt":"2020-12-16T16:25:59","guid":{"rendered":"https:\/\/blogs.ua.es\/muertecanovasprensa\/?page_id=21"},"modified":"2020-12-17T17:12:42","modified_gmt":"2020-12-17T17:12:42","slug":"la-voz-de-la-provincia","status":"publish","type":"page","link":"https:\/\/blogs.ua.es\/muertecanovasprensa\/la-voz-de-la-provincia\/","title":{"rendered":"La Voz de la Provincia"},"content":{"rendered":"<p><img loading=\"lazy\" decoding=\"async\" class=\"aligncenter size-large wp-image-41\" src=\"https:\/\/blogs.ua.es\/muertecanovasprensa\/files\/2020\/12\/WhatsApp-Image-2020-12-15-at-17.57.50-673x1024.jpeg\" alt=\"\" width=\"620\" height=\"943\" srcset=\"https:\/\/blogs.ua.es\/muertecanovasprensa\/files\/2020\/12\/WhatsApp-Image-2020-12-15-at-17.57.50-673x1024.jpeg 673w, https:\/\/blogs.ua.es\/muertecanovasprensa\/files\/2020\/12\/WhatsApp-Image-2020-12-15-at-17.57.50-197x300.jpeg 197w, https:\/\/blogs.ua.es\/muertecanovasprensa\/files\/2020\/12\/WhatsApp-Image-2020-12-15-at-17.57.50-768x1168.jpeg 768w, https:\/\/blogs.ua.es\/muertecanovasprensa\/files\/2020\/12\/WhatsApp-Image-2020-12-15-at-17.57.50-1010x1536.jpeg 1010w, https:\/\/blogs.ua.es\/muertecanovasprensa\/files\/2020\/12\/WhatsApp-Image-2020-12-15-at-17.57.50.jpeg 1052w\" sizes=\"auto, (max-width: 620px) 100vw, 620px\" \/><\/p>\n<p>P\u00e1gina editada por Laura Cant\u00f3 L\u00f3pez.<\/p>\n","protected":false},"excerpt":{"rendered":"<p>P\u00e1gina editada por Laura Cant\u00f3 L\u00f3pez.<\/p>\n","protected":false},"author":4482,"featured_media":41,"parent":0,"menu_order":0,"comment_status":"closed","ping_status":"closed","template":"","meta":{"footnotes":""},"class_list":["post-21","page","type-page","status-publish","has-post-thumbnail","hentry"],"_links":{"self":[{"href":"https:\/\/blogs.ua.es\/muertecanovasprensa\/wp-json\/wp\/v2\/pages\/21","targetHints":{"allow":["GET"]}}],"collection":[{"href":"https:\/\/blogs.ua.es\/muertecanovasprensa\/wp-json\/wp\/v2\/pages"}],"about":[{"href":"https:\/\/blogs.ua.es\/muertecanovasprensa\/wp-json\/wp\/v2\/types\/page"}],"author":[{"embeddable":true,"href":"https:\/\/blogs.ua.es\/muertecanovasprensa\/wp-json\/wp\/v2\/users\/4482"}],"replies":[{"embeddable":true,"href":"https:\/\/blogs.ua.es\/muertecanovasprensa\/wp-json\/wp\/v2\/comments?post=21"}],"version-history":[{"count":8,"href":"https:\/\/blogs.ua.es\/muertecanovasprensa\/wp-json\/wp\/v2\/pages\/21\/revisions"}],"predecessor-version":[{"id":205,"href":"https:\/\/blogs.ua.es\/muertecanovasprensa\/wp-json\/wp\/v2\/pages\/21\/revisions\/205"}],"wp:featuredmedia":[{"embeddable":true,"href":"https:\/\/blogs.ua.es\/muertecanovasprensa\/wp-json\/wp\/v2\/media\/41"}],"wp:attachment":[{"href":"https:\/\/blogs.ua.es\/muertecanovasprensa\/wp-json\/wp\/v2\/media?parent=21"}],"curies":[{"name":"wp","href":"https:\/\/api.w.org\/{rel}","templated":true}]}}