{"id":26,"date":"2020-12-16T16:25:59","date_gmt":"2020-12-16T16:25:59","guid":{"rendered":"https:\/\/blogs.ua.es\/muertecanovasprensa\/?page_id=26"},"modified":"2020-12-17T17:39:37","modified_gmt":"2020-12-17T17:39:37","slug":"conclusiones","status":"publish","type":"page","link":"https:\/\/blogs.ua.es\/muertecanovasprensa\/conclusiones\/","title":{"rendered":"Conclusiones"},"content":{"rendered":"<p>Como conclusi\u00f3n, tras analizar las portadas de estos tres peri\u00f3dicos distintos hemos podido comprobar de primera mano las teor\u00edas de que es imposible un an\u00e1lisis subjetivo de la prensa y mucho menos en esta \u00e9poca, pues se empezar\u00e1 a tener en cuenta a los historiadores en el \u00e1mbito period\u00edstico a partir de de 1964. Por su parte, la prensa ha sido y es un elemento de manipulaci\u00f3n de unos hechos, de convencer a su p\u00fablico y juega una importante baza en el terreno pol\u00edtico, habiendo siempre un condicionamiento del lector y m\u00e1s en este siglo cuando se dar\u00eda el nacimiento de la opini\u00f3n p\u00fablica en Espa\u00f1a. Como dir\u00eda N. Gallerano, esta tem\u00e1tica est\u00e1 claramente \u201cen el l\u00edmite entre la investigaci\u00f3n hist\u00f3rica y la construcci\u00f3n de la opini\u00f3n p\u00fablica\u201d.<\/p>\n<p>Al ser conscientes de que la prensa es una fuente hist\u00f3rica parcial, hemos realizado una lectura distinta de estos documentos, siendo capaces ahora de ver que el peri\u00f3dico\u00a0<em>La Voz de la Provincia\u00a0<\/em>tiene una ideolog\u00eda totalmente conservadora pues enfocar\u00e1 su redacci\u00f3n en una alabanza al difunto en forma de carta de despedida, ejemplificando los t\u00edtulos explicativos con su sensacionalismo; hablando de manera progresiva en cuanto al grado de influencia ideol\u00f3gico apreciable en el texto, le seguir\u00eda el art\u00edculo escrito por\u00a0<em>La Correspondencia de Espa\u00f1a,<\/em> tambi\u00e9n de ideolog\u00eda conservadora (aunque es normal que los peri\u00f3dicos lo fuesen puesto que era el partido en el poder, es decir, pose\u00edan los medios y la ley estaba de su parte) pero m\u00e1s sutil a la hora de posicionarse dando la informaci\u00f3n; por \u00faltimo seg\u00fan este \u201cr\u00e1nking\u201d, la portada de <em>El Adelanto<\/em>\u00a0que detalla los hechos pero sin condenarlo demasiado y sin apelar al susodicho como \u201cSr\u201d manera de mostrar respeto por el difunto empleada en los dos anteriores casos, \u00a0por ser un peri\u00f3dico de car\u00e1cter m\u00e1s liberal.<\/p>\n<p>Para acabar, nos gustar\u00eda remarcar a N. Gallerano de nuevo pues con este trabajo hemos apreciado sus teor\u00edas en cuanto al uso p\u00fablico de la Historia en momentos de\u00a0 profundas discontinuidades o transformaciones, pues aunque sucediese en medio del periodo conocido como la Restauraci\u00f3n, este siglo en el pa\u00eds destac\u00f3 indudablemente por su inestabilidad y vaivenes.<\/p>\n<p>P\u00e1gina editada por Mar\u00eda Amparo Garc\u00eda.<\/p>\n","protected":false},"excerpt":{"rendered":"<p>Como conclusi\u00f3n, tras analizar las portadas de estos tres peri\u00f3dicos distintos hemos podido comprobar de primera mano las teor\u00edas de que es imposible un an\u00e1lisis subjetivo de la prensa y mucho menos en esta \u00e9poca, pues se empezar\u00e1 a tener en cuenta a los historiadores en el \u00e1mbito period\u00edstico a partir de de 1964. Por [&hellip;]<\/p>\n","protected":false},"author":4482,"featured_media":0,"parent":0,"menu_order":0,"comment_status":"closed","ping_status":"closed","template":"","meta":{"footnotes":""},"class_list":["post-26","page","type-page","status-publish","hentry"],"_links":{"self":[{"href":"https:\/\/blogs.ua.es\/muertecanovasprensa\/wp-json\/wp\/v2\/pages\/26","targetHints":{"allow":["GET"]}}],"collection":[{"href":"https:\/\/blogs.ua.es\/muertecanovasprensa\/wp-json\/wp\/v2\/pages"}],"about":[{"href":"https:\/\/blogs.ua.es\/muertecanovasprensa\/wp-json\/wp\/v2\/types\/page"}],"author":[{"embeddable":true,"href":"https:\/\/blogs.ua.es\/muertecanovasprensa\/wp-json\/wp\/v2\/users\/4482"}],"replies":[{"embeddable":true,"href":"https:\/\/blogs.ua.es\/muertecanovasprensa\/wp-json\/wp\/v2\/comments?post=26"}],"version-history":[{"count":5,"href":"https:\/\/blogs.ua.es\/muertecanovasprensa\/wp-json\/wp\/v2\/pages\/26\/revisions"}],"predecessor-version":[{"id":211,"href":"https:\/\/blogs.ua.es\/muertecanovasprensa\/wp-json\/wp\/v2\/pages\/26\/revisions\/211"}],"wp:attachment":[{"href":"https:\/\/blogs.ua.es\/muertecanovasprensa\/wp-json\/wp\/v2\/media?parent=26"}],"curies":[{"name":"wp","href":"https:\/\/api.w.org\/{rel}","templated":true}]}}