{"id":27,"date":"2020-12-16T16:25:59","date_gmt":"2020-12-16T16:25:59","guid":{"rendered":"https:\/\/blogs.ua.es\/muertecanovasprensa\/?page_id=27"},"modified":"2020-12-17T17:55:32","modified_gmt":"2020-12-17T17:55:32","slug":"bibliografia","status":"publish","type":"page","link":"https:\/\/blogs.ua.es\/muertecanovasprensa\/bibliografia\/","title":{"rendered":"Bibliograf\u00eda"},"content":{"rendered":"<p>&nbsp;<\/p>\n<p>-GALLERANO, N. (2007 ). Historia y uso p\u00fablico de la Historia<em>.<\/em> <em>Pasajes: revista de pensamiento contempor\u00e1neo. <\/em>N\u00ba 24<em>, <\/em>pp. 87-97.<\/p>\n<p>-KAYSER, J. (1961). <em>El peri\u00f3dico: estudios de morfolog\u00eda, de metodolog\u00eda y de prensa comparada.\u00a0<\/em>Quito, Ciespal.<\/p>\n<p>&#8211;<em>Biblioteca Virtual de Prensa Hist\u00f3rica<\/em>. Recuperado de: https:\/\/prensahistorica.mcu.es\/es\/inicio\/inicio.do<\/p>\n<p>&#8211; [No aparece]. (2016). La Restauraci\u00f3n espa\u00f1ola resumen. <em>Apuntes de Historia<\/em>. Recuperado de: https:\/\/www.apunteshistoria.info\/la-restauracion-espanola-resumen<\/p>\n<p>&nbsp;<\/p>\n<p>&nbsp;<\/p>\n<p>&nbsp;<\/p>\n<p>&nbsp;<\/p>\n","protected":false},"excerpt":{"rendered":"<p>&nbsp; -GALLERANO, N. (2007 ). Historia y uso p\u00fablico de la Historia. Pasajes: revista de pensamiento contempor\u00e1neo. N\u00ba 24, pp. 87-97. -KAYSER, J. (1961). El peri\u00f3dico: estudios de morfolog\u00eda, de metodolog\u00eda y de prensa comparada.\u00a0Quito, Ciespal. &#8211;Biblioteca Virtual de Prensa Hist\u00f3rica. Recuperado de: https:\/\/prensahistorica.mcu.es\/es\/inicio\/inicio.do &#8211; [No aparece]. (2016). La Restauraci\u00f3n espa\u00f1ola resumen. Apuntes de Historia. [&hellip;]<\/p>\n","protected":false},"author":4482,"featured_media":0,"parent":0,"menu_order":0,"comment_status":"closed","ping_status":"closed","template":"","meta":{"footnotes":""},"class_list":["post-27","page","type-page","status-publish","hentry"],"_links":{"self":[{"href":"https:\/\/blogs.ua.es\/muertecanovasprensa\/wp-json\/wp\/v2\/pages\/27","targetHints":{"allow":["GET"]}}],"collection":[{"href":"https:\/\/blogs.ua.es\/muertecanovasprensa\/wp-json\/wp\/v2\/pages"}],"about":[{"href":"https:\/\/blogs.ua.es\/muertecanovasprensa\/wp-json\/wp\/v2\/types\/page"}],"author":[{"embeddable":true,"href":"https:\/\/blogs.ua.es\/muertecanovasprensa\/wp-json\/wp\/v2\/users\/4482"}],"replies":[{"embeddable":true,"href":"https:\/\/blogs.ua.es\/muertecanovasprensa\/wp-json\/wp\/v2\/comments?post=27"}],"version-history":[{"count":3,"href":"https:\/\/blogs.ua.es\/muertecanovasprensa\/wp-json\/wp\/v2\/pages\/27\/revisions"}],"predecessor-version":[{"id":213,"href":"https:\/\/blogs.ua.es\/muertecanovasprensa\/wp-json\/wp\/v2\/pages\/27\/revisions\/213"}],"wp:attachment":[{"href":"https:\/\/blogs.ua.es\/muertecanovasprensa\/wp-json\/wp\/v2\/media?parent=27"}],"curies":[{"name":"wp","href":"https:\/\/api.w.org\/{rel}","templated":true}]}}