{"id":17,"date":"2021-11-19T16:43:07","date_gmt":"2021-11-19T16:43:07","guid":{"rendered":"https:\/\/blogs.ua.es\/mujeresactivistasmodernas\/?page_id=17"},"modified":"2025-11-13T15:55:04","modified_gmt":"2025-11-13T15:55:04","slug":"bibliografia","status":"publish","type":"page","link":"https:\/\/blogs.ua.es\/mujeresactivistasmodernas\/bibliografia\/","title":{"rendered":"8. Bibliograf\u00eda"},"content":{"rendered":"<p><strong>General <\/strong><\/p>\n<p><span style=\"font-weight: 400\">Aguado, Ana y Ramos, Dolores (2002). <\/span><i><span style=\"font-weight: 400\">La modernizaci\u00f3n de Espa\u00f1a (1917-1939): cultura y vida cotidiana.<\/span><\/i><span style=\"font-weight: 400\"> Madrid: S\u00edntesis.<\/span><\/p>\n<p><span style=\"font-weight: 400\">Aguado, Ana (2005). Entre lo p\u00fablico y lo privado: sufragio y divorcio en la Segunda Rep\u00fablica, <em>Ayer<\/em>, 60, 105-134.<\/span><\/p>\n<p><span style=\"font-weight: 400\">Aguado, Ana y Ramos, Dolores (2007). La modernidad que viene. Mujeres, vida cotidiana y espacios de ocio en los a\u00f1os veinte y treinta. <\/span><i><span style=\"font-weight: 400\">Arenal: revista de historia de las mujeres<\/span><\/i><span style=\"font-weight: 400\">, 14 (2), 265-289.\u00a0<\/span><\/p>\n<p><span style=\"font-weight: 400\">Aguado, Ana (2009). Republicanes i antifeixistes: identitat i mem\u00f2ria femenina a la Guerra Civil. En Girona, Albert y Navarro, Javier (Coords.). <\/span><i><span style=\"font-weight: 400\">Fa setanta anys: la Guerra Civil al Pa\u00eds Valenci\u00e0 <\/span><\/i><span style=\"font-weight: 400\">(pp. 169-180). Val\u00e9ncia: Servei de Publicacions de la Universitat de Val\u00e8ncia.\u00a0<\/span><\/p>\n<p>Aguado, A. (2014). Aprendiendo democracia: ciudadanas, republicanas y socialistas. En A. Aguado y L. Sanfeliu (eds.), <em>Caminos de democracia. Ciudadan\u00edas y culturas democr\u00e1ticas en el siglo XX<\/em> (pp. 27-44). Granada: Comares.<\/p>\n<p><span style=\"font-weight: 400\">Blasco, Inmaculada (2003). <em>Paradojas de la ortodoxia. Pol\u00edtica de masas y militancia cat\u00f3lica femenina en Espa\u00f1a (1919-1939)<\/em>. Zaragoza: PUZ.<\/span><\/p>\n<p><span style=\"font-weight: 400\">Llona, Miren (2020). Recordar el porvenir: las mujeres modernas y el desorden de g\u00e9nero en los a\u00f1os veinte y treinta. <\/span><i><span style=\"font-weight: 400\">Arenal: revista de historia de las mujeres<\/span><\/i><span style=\"font-weight: 400\">, 27(1), 5-32.<\/span><\/p>\n<p><span style=\"font-weight: 400\">Nash, Mary (1999). <\/span><i><span style=\"font-weight: 400\">Rojas. Las mujeres republicanas en la Guerra Civil<\/span><\/i><span style=\"font-weight: 400\">. Barcelona: Taurus.<\/span><\/p>\n<p>Nash, Mary (2009). <em>Ciudadanas y protagonistas hist\u00f3ricas. Mujeres republicanas en la II Rep\u00fablica y la Guerra Civil<\/em>. Madrid: Congreso de los Diputados.<\/p>\n<p>Nielfa Crist\u00f3bal, Gloria (coord..) (2015). <em>Mujeres en los Gobiernos locales. Alcaldesas y concejalas en la Espa\u00f1a contempor\u00e1nea<\/em>, Madrid, Biblioteca Nueva.<\/p>\n<p>Ramos Palomo, Mar\u00eda Dolores (2019). El feminismo republicano en la Guerra Civil: la Agrupaci\u00f3n de Mujeres Antifascistas y el maternalismo c\u00edvico. En T.M. Ortega L\u00f3pez, A. Aguado Hig\u00f3n y E. Hern\u00e1ndez Sancoica (eds.), <em>Mujeres, dones, mulleres, emakumeak. Estudios sobre la historia de las mujeres y del g\u00e9nero<\/em> (pp. 245-266). Madrid: C\u00e1tedra.<\/p>\n<p>Sanfeliu, Luz (2014). Educando para la democracia. Las Agrupaciones Femeninas Republicanas en la II Rep\u00fablica. En A. Aguado y L. Sanfeliu (eds.), <em>Caminos de democracia. Ciudadan\u00edas y culturas democr\u00e1ticas en el siglo XX<\/em> (pp. 225-241). Granada: Comares.<\/p>\n<p>Sanfeliu, Luz (2019). Uni\u00f3n Republicana Femenina: una escuela de formaci\u00f3n c\u00edvica (1931-1933). En T.M. Ortega L\u00f3pez, A. Aguado Hig\u00f3n y E. Hern\u00e1ndez Sancoica (eds.), <em>Mujeres, dones, mulleres, emakumeak. Estudios sobre la historia de las mujeres y del g\u00e9nero<\/em> (pp. 95-113). Madrid: C\u00e1tedra.<\/p>\n<p><span style=\"font-weight: 400\">Sanfeliu, Luz y Aguado, Ana (2021). Sociabilidad pol\u00edtica y asociacionismo femenino como pr\u00e1cticas de ciudadan\u00eda (1931-1933). <\/span><i><span style=\"font-weight: 400\">Historia Social<\/span><\/i><span style=\"font-weight: 400\">, 100, 117-135.<\/span><\/p>\n<p>Yusta Rodrigo, Mercedes (2011). La construcci\u00f3n de una cultura pol\u00edtica femenina desde el antifascismo (1934-1950). En A. Aguado y T. M. Ortega (eds.), <em>Feminismos y antifeminismos. Culturas pol\u00edticas e identidades de g\u00e9nero en la Espa\u00f1a del siglo XX<\/em> (pp. 253-281). Valencia: PUV.<\/p>\n<p><strong>Alicante<\/strong><\/p>\n<p>Cases Sola, Adriana (2010). Del \u2018\u00c1ngel del Hogar\u2019 al \u2018\u00c1ngel del Ayuntamiento\u2019. Mujeres e imagen del poder en Alicante (1923-1931), <em>Feminismo\/s<\/em>, 16, 139-158.<\/p>\n<p>Cases Sola, Adriana (2011). Mujeres, culturas pol\u00edticas y movilizaci\u00f3n electoral en la Segunda Rep\u00fablica. Alicante (1931-1936). En \u00c1. Barrio Alonso, J. De Hoyos Puente y R. Saavedra Arias (coords.), <em>Nuevos horizontes del pasado. Culturas pol\u00edticas, identidades y formas de representaci\u00f3n. <\/em>\u00a0Santander: Universidad de Cantabria.<\/p>\n<p>Domenech Jim\u00e9nez, Isabel (2018). <em>Las maestras de la guerra civil y el primer franquismo en la provincia de Alicante<\/em>. Alicante: Instituto de Cultura Juan Gil-Albert.<\/p>\n<p>Domenech Jim\u00e9nez, Isabel (2025). La preparaci\u00f3n laboral de las mujeres que trabajaron en la ciudad de Alicante desde mediados del siglo XIX a la II Rep\u00fablica. Alicante: Editorial Club Universitario.<\/p>\n<p>Establier P\u00e9rez, Helena y Moreno Seco, M\u00f3nica (2021). <em>Modernas, luchadoras y pioneras. Mujeres alicantinas de la Edad de Plata<\/em>. Alicante: Servicio de Publicaciones de la Universidad de Alicante.<\/p>\n<p>Lled\u00f3 Mas, Sandra (2023) La Uni\u00f3n de Muchachas del Pa\u00eds Valenci\u00e0. G\u00e9nero, juventud y antifascismo. Alicante: Instituto Universitario de Investigaci\u00f3n de Estudios de G\u00e9nero de la Universidad de Alicante, 2023. (Colecci\u00f3n LILITH joven), 76 p. Disponible en: http:\/\/rua.ua.es\/dspace\/handle\/10045\/136962<\/p>\n<p>Moreno Seco, M\u00f3nica (2009). Mujeres y Guerra Civil en el Pa\u00eds Valenciano. En Girona, Albert y Navarro, Javier (Coords.). <i>Fa setanta anys: la Guerra Civil al Pa\u00eds Valenci\u00e0,\u00a0<\/i> Val\u00e9ncia: Servei de Publicacions de la Universitat de Val\u00e8ncia, pp. 153-168.<\/p>\n<p>Moreno Seco, M\u00f3nica (2022). Ciutadanes: les dones durant la Segona Rep\u00fablica al Pa\u00eds Valenci\u00e0. En Aurelio Mart\u00ed Bataller (eds.), Hist\u00f2ria de la Segona Rep\u00fablica al Pa\u00eds Valenci\u00e0, Val\u00e8ncia: Instituci\u00f3 Alfons el Magn\u00e0nim, pp. 311-340.<\/p>\n<p>Ram\u00edrez Pacheco, Silvia (1992). Las organizaciones de mujeres durante la guerra civil en Alicante (1936-1939). Instituto de Cultura Juan Gil-Albert: <i>Ayudas a la investigaci\u00f3n, 1986-1987<\/i>, vol. V, Alicante, pp. 111-123.<\/p>\n","protected":false},"excerpt":{"rendered":"<p>General Aguado, Ana y Ramos, Dolores (2002). La modernizaci\u00f3n de Espa\u00f1a (1917-1939): cultura y vida cotidiana. Madrid: S\u00edntesis. Aguado, Ana (2005). Entre lo p\u00fablico y lo privado: sufragio y divorcio en la Segunda Rep\u00fablica, Ayer, 60, 105-134. Aguado, Ana y Ramos, Dolores (2007). La modernidad que viene. Mujeres, vida cotidiana y espacios de ocio en &hellip; <a href=\"https:\/\/blogs.ua.es\/mujeresactivistasmodernas\/bibliografia\/\" class=\"more-link\">Continue reading <span class=\"screen-reader-text\">8. Bibliograf\u00eda<\/span> <span class=\"meta-nav\">&rarr;<\/span><\/a><\/p>\n","protected":false},"author":4506,"featured_media":0,"parent":0,"menu_order":0,"comment_status":"closed","ping_status":"closed","template":"","meta":{"footnotes":""},"class_list":["post-17","page","type-page","status-publish","hentry"],"_links":{"self":[{"href":"https:\/\/blogs.ua.es\/mujeresactivistasmodernas\/wp-json\/wp\/v2\/pages\/17","targetHints":{"allow":["GET"]}}],"collection":[{"href":"https:\/\/blogs.ua.es\/mujeresactivistasmodernas\/wp-json\/wp\/v2\/pages"}],"about":[{"href":"https:\/\/blogs.ua.es\/mujeresactivistasmodernas\/wp-json\/wp\/v2\/types\/page"}],"author":[{"embeddable":true,"href":"https:\/\/blogs.ua.es\/mujeresactivistasmodernas\/wp-json\/wp\/v2\/users\/4506"}],"replies":[{"embeddable":true,"href":"https:\/\/blogs.ua.es\/mujeresactivistasmodernas\/wp-json\/wp\/v2\/comments?post=17"}],"version-history":[{"count":17,"href":"https:\/\/blogs.ua.es\/mujeresactivistasmodernas\/wp-json\/wp\/v2\/pages\/17\/revisions"}],"predecessor-version":[{"id":2210,"href":"https:\/\/blogs.ua.es\/mujeresactivistasmodernas\/wp-json\/wp\/v2\/pages\/17\/revisions\/2210"}],"wp:attachment":[{"href":"https:\/\/blogs.ua.es\/mujeresactivistasmodernas\/wp-json\/wp\/v2\/media?parent=17"}],"curies":[{"name":"wp","href":"https:\/\/api.w.org\/{rel}","templated":true}]}}