{"id":20,"date":"2021-11-19T16:43:57","date_gmt":"2021-11-19T16:43:57","guid":{"rendered":"https:\/\/blogs.ua.es\/mujeresactivistasmodernas\/?page_id=20"},"modified":"2025-10-23T17:59:28","modified_gmt":"2025-10-23T17:59:28","slug":"recursos","status":"publish","type":"page","link":"https:\/\/blogs.ua.es\/mujeresactivistasmodernas\/recursos\/","title":{"rendered":"7. Recursos"},"content":{"rendered":"<p><strong>Hemerotecas<\/strong><\/p>\n<p><a href=\"https:\/\/prensahistorica.mcu.es\/es\/inicio\/inicio.do\">Biblioteca Virtual de Prensa Hist\u00f3rica<\/a><\/p>\n<p><a href=\"https:\/\/www.cervantesvirtual.com\/portales\/hemeroteca\/\">Biblioteca Virtual Miguel de Cervantes<\/a><\/p>\n<p><a href=\"http:\/\/www.archivo.diputacionalicante.es\/fondos_dig.htm\">Fondos Digitalizados de Archivos Municipales<\/a><\/p>\n<p><a href=\"https:\/\/bivaldi.gva.es\/es\/publicaciones\/listar_numeros.do?busq_anyo=1894&amp;descendente=true&amp;campoOrden=fechaPublicacion#\">Hemeroteca de la Biblioteca Valenciana Digital<\/a><\/p>\n<p><a href=\"https:\/\/pares.culturaydeporte.gob.es\/inicio.html\">Portal de Archivos Espa\u00f1oles [PARES]<\/a><\/p>\n<p><a href=\"https:\/\/www.alicante.es\/es\/contenidos\/hemeroteca-del-archivo-municipal\">Prensa del Archivo Municipal de Alicante<\/a><\/p>\n<p><a href=\"https:\/\/prensahistorica.mcu.es\/es\/inicio\/inicio.do\">Prensa Hist\u00f3rica del Ministerio de Cultura<\/a><\/p>\n<p><a href=\"https:\/\/hemerotecadigital.bne.es\/hd\/es\/advanced\">Hemeroteca Digital de la Biblioteca Nacional<\/a><\/p>\n<p><a href=\"https:\/\/cgt.org.es\/revista-mujeres-libres\/\">Mujeres Libres<\/a><\/p>\n<p><a href=\"https:\/\/sidbrint.ub.edu\/ca\">SIDBRINT <\/a><\/p>\n<p><strong>Proyectos y p\u00e1ginas relacionadas<\/strong><\/p>\n<p><a href=\"https:\/\/archivodemocracia.ua.es\/\">Archivo de la Democracia (Universidad de Alicante)<\/a><\/p>\n<p><a href=\"https:\/\/aeihm.org\/\">AEHIM. Asociaci\u00f3n de Investigaci\u00f3n de Historia de las Mujeres<\/a><\/p>\n<p><a href=\"http:\/\/www.elche.me\/\">C\u00e1tedra Pedro Ibarra (Universidad Miguel Hern\u00e1ndez)<\/a><\/p>\n<p><a href=\"https:\/\/dbd.vives.org\/\">Diccionari Biogr\u00e0fic de Dones<\/a><\/p>\n<p><a href=\"https:\/\/www.museoreinasofia.es\/coleccion\/proyectos-investigacion\/mujeres-guerra-civil-espanola\">Frente y retaguardia: mujeres en la Guerra Civil, del Museo Nacional Reina Sof\u00eda<\/a><\/p>\n<p><a href=\"https:\/\/herstoricas.com\/\">Herst\u00f3ricas<\/a><\/p>\n<p><a href=\"https:\/\/humanidadesdigitales.uc3m.es\/s\/hismedi-g\/page\/inicio\">HISMEDI &#8211; Guerra Civil y Franquismo<\/a><\/p>\n<p><a href=\"https:\/\/www.mujeresenguerra.com\/\">Museo Virtual de la Mujer Combatiente\u00a0<\/a><\/p>\n<p><a href=\"https:\/\/www.ucm.es\/historiamujeresgeneroesp\">Recursos Did\u00e1cticos para la Historia Moderna y Contempor\u00e1nea de las Mujeres y las Relaciones de G\u00e9nero en Espa\u00f1a<\/a><\/p>\n<p><strong>Documentales<\/strong><\/p>\n<p><a href=\"https:\/\/www.youtube.com\/watch?v=wE1vofPQ8qI&amp;t=35s\">De toda la vida<\/a><\/p>\n<p><a href=\"https:\/\/www.youtube.com\/watch?v=3uf8kVYKsjE\">La Guerra cotidiana<\/a><\/p>\n<p><a href=\"https:\/\/www.youtube.com\/watch?v=FvGBJ23b83o\">Las maestras de la Rep\u00fablica<\/a><\/p>\n<p><a href=\"https:\/\/www.apuntmedia.es\/programes\/valentes\">Valentes \u00c0 punt<\/a><\/p>\n<p><strong>Filmograf\u00eda<\/strong><\/p>\n<p>\u00a1Ay, Carmela!<\/p>\n<p>Libertarias<\/p>\n<p>Tierra y libertad<\/p>\n<p><strong>Podcasts<\/strong><\/p>\n<p><a href=\"https:\/\/open.spotify.com\/show\/3Qja8I1Sj9nU6NrK4KCIFR\">\u00a1Ay, Campaneras!\u00a0<\/a><\/p>\n","protected":false},"excerpt":{"rendered":"<p>Hemerotecas Biblioteca Virtual de Prensa Hist\u00f3rica Biblioteca Virtual Miguel de Cervantes Fondos Digitalizados de Archivos Municipales Hemeroteca de la Biblioteca Valenciana Digital Portal de Archivos Espa\u00f1oles [PARES] Prensa del Archivo Municipal de Alicante Prensa Hist\u00f3rica del Ministerio de Cultura Hemeroteca Digital de la Biblioteca Nacional Mujeres Libres SIDBRINT Proyectos y p\u00e1ginas relacionadas Archivo de la &hellip; <a href=\"https:\/\/blogs.ua.es\/mujeresactivistasmodernas\/recursos\/\" class=\"more-link\">Continue reading <span class=\"screen-reader-text\">7. Recursos<\/span> <span class=\"meta-nav\">&rarr;<\/span><\/a><\/p>\n","protected":false},"author":4506,"featured_media":0,"parent":0,"menu_order":0,"comment_status":"closed","ping_status":"closed","template":"","meta":{"footnotes":""},"class_list":["post-20","page","type-page","status-publish","hentry"],"_links":{"self":[{"href":"https:\/\/blogs.ua.es\/mujeresactivistasmodernas\/wp-json\/wp\/v2\/pages\/20","targetHints":{"allow":["GET"]}}],"collection":[{"href":"https:\/\/blogs.ua.es\/mujeresactivistasmodernas\/wp-json\/wp\/v2\/pages"}],"about":[{"href":"https:\/\/blogs.ua.es\/mujeresactivistasmodernas\/wp-json\/wp\/v2\/types\/page"}],"author":[{"embeddable":true,"href":"https:\/\/blogs.ua.es\/mujeresactivistasmodernas\/wp-json\/wp\/v2\/users\/4506"}],"replies":[{"embeddable":true,"href":"https:\/\/blogs.ua.es\/mujeresactivistasmodernas\/wp-json\/wp\/v2\/comments?post=20"}],"version-history":[{"count":29,"href":"https:\/\/blogs.ua.es\/mujeresactivistasmodernas\/wp-json\/wp\/v2\/pages\/20\/revisions"}],"predecessor-version":[{"id":2173,"href":"https:\/\/blogs.ua.es\/mujeresactivistasmodernas\/wp-json\/wp\/v2\/pages\/20\/revisions\/2173"}],"wp:attachment":[{"href":"https:\/\/blogs.ua.es\/mujeresactivistasmodernas\/wp-json\/wp\/v2\/media?parent=20"}],"curies":[{"name":"wp","href":"https:\/\/api.w.org\/{rel}","templated":true}]}}