{"id":2147,"date":"2025-10-15T16:45:18","date_gmt":"2025-10-15T16:45:18","guid":{"rendered":"https:\/\/blogs.ua.es\/mujeresactivistasmodernas\/?page_id=2147"},"modified":"2025-11-13T15:52:46","modified_gmt":"2025-11-13T15:52:46","slug":"9-guia-docente","status":"publish","type":"page","link":"https:\/\/blogs.ua.es\/mujeresactivistasmodernas\/9-guia-docente\/","title":{"rendered":"6. Gu\u00eda did\u00e1ctica"},"content":{"rendered":"\n<p>Por aqu\u00ed os dejamos nuestra Gu\u00eda Did\u00e1ctica aplicable a los niveles de cuarto de ESO y en Bachillerato. <\/p>\n\n\n\n<div data-wp-interactive=\"core\/file\" class=\"wp-block-file\"><object data-wp-bind--hidden=\"!state.hasPdfPreview\" hidden class=\"wp-block-file__embed\" data=\"https:\/\/blogs.ua.es\/mujeresactivistasmodernas\/files\/2025\/10\/Copia-de-Gui\u0301a-dida\u0301ctica_compressed.pdf\" type=\"application\/pdf\" style=\"width:100%;height:600px\" aria-label=\"Embed of Copia de Gui\u0301a dida\u0301ctica_compressed.\"><\/object><a id=\"wp-block-file--media-c75dda25-3b6a-4293-a8dc-98f711267442\" href=\"https:\/\/blogs.ua.es\/mujeresactivistasmodernas\/files\/2025\/10\/Copia-de-Gui\u0301a-dida\u0301ctica_compressed.pdf\">Copia de Gui\u0301a dida\u0301ctica_compressed<\/a><a href=\"https:\/\/blogs.ua.es\/mujeresactivistasmodernas\/files\/2025\/10\/Copia-de-Gui\u0301a-dida\u0301ctica_compressed.pdf\" class=\"wp-block-file__button wp-element-button\" download aria-describedby=\"wp-block-file--media-c75dda25-3b6a-4293-a8dc-98f711267442\">Download<\/a><\/div>\n\n\n\n<p><\/p>\n\n\n\n<p>\u00a1Si lleg\u00e1is a aplicar alguna de las actividades no dud\u00e9is en dejarnos un comentario!<\/p>\n\n\n\n<p><\/p>\n\n\n\t<div id=\"respond\" class=\"comment-respond wp-block-post-comments-form\">\n\t\t<h3 id=\"reply-title\" class=\"comment-reply-title\">Deja un comentario <small><a rel=\"nofollow\" id=\"cancel-comment-reply-link\" href=\"\/mujeresactivistasmodernas\/wp-json\/wp\/v2\/pages\/2147#respond\" style=\"display:none;\">Cancelar respuesta<\/a><\/small><\/h3><form action=\"https:\/\/blogs.ua.es\/mujeresactivistasmodernas\/wp-comments-post.php\" method=\"post\" id=\"commentform\" class=\"comment-form\"><p class=\"comment-notes\"><span id=\"email-notes\">Tu direcci\u00f3n de correo electr\u00f3nico no ser\u00e1 publicada.<\/span> <span class=\"required-field-message\">Los campos necesarios est\u00e1n marcados <span class=\"required\">*<\/span><\/span><\/p><p class=\"comment-form-comment\"><label for=\"comment\">Comentario <span class=\"required\">*<\/span><\/label> <textarea id=\"comment\" name=\"comment\" cols=\"45\" rows=\"8\" maxlength=\"65525\" required><\/textarea><\/p><p class=\"comment-form-author\"><label for=\"author\">Nombre <span class=\"required\">*<\/span><\/label> <input id=\"author\" name=\"author\" type=\"text\" value=\"\" size=\"30\" maxlength=\"245\" autocomplete=\"name\" required \/><\/p>\n<p class=\"comment-form-email\"><label for=\"email\">Correo electr\u00f3nico <span class=\"required\">*<\/span><\/label> <input id=\"email\" name=\"email\" type=\"email\" value=\"\" size=\"30\" maxlength=\"100\" aria-describedby=\"email-notes\" autocomplete=\"email\" required \/><\/p>\n<p class=\"comment-form-url\"><label for=\"url\">Web<\/label> <input id=\"url\" name=\"url\" type=\"url\" value=\"\" size=\"30\" maxlength=\"200\" autocomplete=\"url\" \/><\/p>\n<p class=\"comment-form-cookies-consent\"><input id=\"wp-comment-cookies-consent\" name=\"wp-comment-cookies-consent\" type=\"checkbox\" value=\"yes\" \/> <label for=\"wp-comment-cookies-consent\">Save my name, email, and website in this browser for the next time I comment.<\/label><\/p>\n<p class=\"form-submit\"><input name=\"submit\" type=\"submit\" id=\"submit\" class=\"submit\" value=\"Publicar comentario\" \/> <input type='hidden' name='comment_post_ID' value='2147' id='comment_post_ID' \/>\n<input type='hidden' name='comment_parent' id='comment_parent' value='0' \/>\n<\/p><p style=\"display: none;\"><input type=\"hidden\" id=\"akismet_comment_nonce\" name=\"akismet_comment_nonce\" value=\"0b9140de33\" \/><\/p><p style=\"display: none !important;\"><label>&#916;<textarea name=\"ak_hp_textarea\" cols=\"45\" rows=\"8\" maxlength=\"100\"><\/textarea><\/label><input type=\"hidden\" id=\"ak_js_1\" name=\"ak_js\" value=\"72\"\/><script>document.getElementById( \"ak_js_1\" ).setAttribute( \"value\", ( new Date() ).getTime() );<\/script><\/p><\/form>\t<\/div><!-- #respond -->\n\t\n\n\n<p><\/p>\n","protected":false},"excerpt":{"rendered":"<p>Por aqu\u00ed os dejamos nuestra Gu\u00eda Did\u00e1ctica aplicable a los niveles de cuarto de ESO y en Bachillerato. \u00a1Si lleg\u00e1is a aplicar alguna de las actividades no dud\u00e9is en dejarnos un comentario!<\/p>\n","protected":false},"author":4506,"featured_media":0,"parent":0,"menu_order":0,"comment_status":"open","ping_status":"closed","template":"","meta":{"footnotes":""},"class_list":["post-2147","page","type-page","status-publish","hentry"],"_links":{"self":[{"href":"https:\/\/blogs.ua.es\/mujeresactivistasmodernas\/wp-json\/wp\/v2\/pages\/2147","targetHints":{"allow":["GET"]}}],"collection":[{"href":"https:\/\/blogs.ua.es\/mujeresactivistasmodernas\/wp-json\/wp\/v2\/pages"}],"about":[{"href":"https:\/\/blogs.ua.es\/mujeresactivistasmodernas\/wp-json\/wp\/v2\/types\/page"}],"author":[{"embeddable":true,"href":"https:\/\/blogs.ua.es\/mujeresactivistasmodernas\/wp-json\/wp\/v2\/users\/4506"}],"replies":[{"embeddable":true,"href":"https:\/\/blogs.ua.es\/mujeresactivistasmodernas\/wp-json\/wp\/v2\/comments?post=2147"}],"version-history":[{"count":6,"href":"https:\/\/blogs.ua.es\/mujeresactivistasmodernas\/wp-json\/wp\/v2\/pages\/2147\/revisions"}],"predecessor-version":[{"id":2209,"href":"https:\/\/blogs.ua.es\/mujeresactivistasmodernas\/wp-json\/wp\/v2\/pages\/2147\/revisions\/2209"}],"wp:attachment":[{"href":"https:\/\/blogs.ua.es\/mujeresactivistasmodernas\/wp-json\/wp\/v2\/media?parent=2147"}],"curies":[{"name":"wp","href":"https:\/\/api.w.org\/{rel}","templated":true}]}}