{"id":240,"date":"2022-02-24T16:01:39","date_gmt":"2022-02-24T16:01:39","guid":{"rendered":"https:\/\/blogs.ua.es\/mujeresactivistasmodernas\/?page_id=240"},"modified":"2026-04-01T17:14:35","modified_gmt":"2026-04-01T17:14:35","slug":"3-asociaciones","status":"publish","type":"page","link":"https:\/\/blogs.ua.es\/mujeresactivistasmodernas\/3-asociaciones\/","title":{"rendered":"3. Asociaciones"},"content":{"rendered":"<p><a href=\"https:\/\/blogs.ua.es\/mujeresactivistasmodernas\/2023\/02\/26\/accion-civica-de-la-mujer\/\">Acci\u00f3n C\u00edvica de la Mujer<\/a><\/p>\n<p><a href=\"https:\/\/blogs.ua.es\/mujeresactivistasmodernas\/2022\/02\/21\/agrupacion-de-mujeres-antifascistas\/\">Agrupaci\u00f3n de Mujeres Antifascistas<\/a><\/p>\n<p><a class=\"row-title\" href=\"https:\/\/blogs.ua.es\/mujeresactivistasmodernas\/wp-admin\/post.php?post=1626&amp;action=edit\" aria-label=\"\u201cAsociaci\u00f3n Cat\u00f3lica de Sirvientas Hijas de Santa Zita\u201d (Edit)\">Asociaci\u00f3n Cat\u00f3lica de Sirvientas Hijas de Santa Zita<\/a><\/p>\n<p><a href=\"https:\/\/blogs.ua.es\/mujeresactivistasmodernas\/2022\/04\/24\/asociacion-de-obreras-sogueras-de-callosa-de-segura\/\">Asociaci\u00f3n de Obreras Sogueras\u00a0<\/a><\/p>\n<p><a href=\"https:\/\/blogs.ua.es\/mujeresactivistasmodernas\/2022\/03\/22\/el-despertar-femenino\/\">El Despertar Femenino<\/a><\/p>\n<p><a href=\"https:\/\/blogs.ua.es\/mujeresactivistasmodernas\/2025\/05\/31\/el-remedio-sociedad-catolico-feminista-de-socorros-mutuos\/\">El Remedio. Sociedad Cat\u00f3lico-Feminista de Socorros Mutuos<\/a><\/p>\n<p><a href=\"https:\/\/blogs.ua.es\/mujeresactivistasmodernas\/2023\/04\/23\/fete-federacion-espanola-de-trabajadores-de-la-ensenanza\/\">FETE (Federaci\u00f3n Espa\u00f1ola de Trabajadores de la Ense\u00f1anza)<\/a><\/p>\n<p><a href=\"https:\/\/blogs.ua.es\/mujeresactivistasmodernas\/2025\/04\/09\/grupo-femenino-socialista\/\">Grupo Femenino Socialista\u00a0<\/a><\/p>\n<p><a href=\"https:\/\/blogs.ua.es\/mujeresactivistasmodernas\/2022\/02\/21\/izquierda-republicana-femenina\/\">Izquierda Republicana Femenina<\/a><\/p>\n<p><a href=\"https:\/\/blogs.ua.es\/mujeresactivistasmodernas\/2026\/04\/01\/juventudes-libertarias\/\">Juventudes Libertarias<\/a><\/p>\n<p><a href=\"https:\/\/blogs.ua.es\/mujeresactivistasmodernas\/2023\/01\/09\/mujeres-libres\/\">Mujeres Libres<\/a><\/p>\n<p><a href=\"https:\/\/blogs.ua.es\/mujeresactivistasmodernas\/2022\/03\/22\/sindicato-de-obreras-conserveras-agricultoras-sastresas-y-similares-de-almoradi\/\">Sindicato de Obreras, Conserveras, Agricultoras, Sastresas y Similares<\/a><\/p>\n<p><a href=\"https:\/\/blogs.ua.es\/mujeresactivistasmodernas\/2022\/04\/10\/sindicato-de-obreras-de-oficios-varios\/\">Sindicato de Obreras de Oficios Varios<\/a><\/p>\n<p><a href=\"https:\/\/blogs.ua.es\/mujeresactivistasmodernas\/2022\/04\/20\/sindicato-profesional-femenino-de-obreras-catolicas-de-orihuela\/\">Sindicato Profesional Femenino de Obreras Cat\u00f3licas de Orihuela<\/a><\/p>\n<p><a href=\"https:\/\/blogs.ua.es\/mujeresactivistasmodernas\/2023\/06\/11\/sociedad-la-esperanza\/\">Sociedad de obreras &#8220;La Esperanza&#8221;<\/a><\/p>\n<p><a href=\"https:\/\/blogs.ua.es\/mujeresactivistasmodernas\/2022\/03\/24\/socorro-blanco\/\">Socorro Blanco<\/a><\/p>\n<p><a href=\"https:\/\/blogs.ua.es\/mujeresactivistasmodernas\/2022\/04\/30\/socorro-rojo-internacional\/\">Socorro Rojo Internacional<\/a><\/p>\n<p><a href=\"https:\/\/blogs.ua.es\/mujeresactivistasmodernas\/2022\/05\/02\/union-de-muchachas\/\">Uni\u00f3n de Muchachas<\/a><\/p>\n<p><a href=\"https:\/\/blogs.ua.es\/mujeresactivistasmodernas\/2022\/02\/21\/union-republicana-femenina\/\">Uni\u00f3n Republicana Femenina\u00a0<\/a><\/p>\n<p><a href=\"https:\/\/blogs.ua.es\/mujeresactivistasmodernas\/2025\/05\/06\/la-union-sociedad-feminista-de-resistencia-y-socorros-mutuos\/\">La Uni\u00f3n. Sociedad Feminista de Resistencia y Socorros Mutuos<\/a><\/p>\n<p><a href=\"https:\/\/blogs.ua.es\/mujeresactivistasmodernas\/2023\/06\/12\/sindicato-union-tabaquera-de-las-cigarreras-de-alicante\/\">Uni\u00f3n Tabaquera<\/a><\/p>\n","protected":false},"excerpt":{"rendered":"<p>Acci\u00f3n C\u00edvica de la Mujer Agrupaci\u00f3n de Mujeres Antifascistas Asociaci\u00f3n Cat\u00f3lica de Sirvientas Hijas de Santa Zita Asociaci\u00f3n de Obreras Sogueras\u00a0 El Despertar Femenino El Remedio. Sociedad Cat\u00f3lico-Feminista de Socorros Mutuos FETE (Federaci\u00f3n Espa\u00f1ola de Trabajadores de la Ense\u00f1anza) Grupo Femenino Socialista\u00a0 Izquierda Republicana Femenina Juventudes Libertarias Mujeres Libres Sindicato de Obreras, Conserveras, Agricultoras, Sastresas &hellip; <a href=\"https:\/\/blogs.ua.es\/mujeresactivistasmodernas\/3-asociaciones\/\" class=\"more-link\">Continue reading <span class=\"screen-reader-text\">3. Asociaciones<\/span> <span class=\"meta-nav\">&rarr;<\/span><\/a><\/p>\n","protected":false},"author":4506,"featured_media":0,"parent":0,"menu_order":0,"comment_status":"closed","ping_status":"closed","template":"","meta":{"footnotes":""},"class_list":["post-240","page","type-page","status-publish","hentry"],"_links":{"self":[{"href":"https:\/\/blogs.ua.es\/mujeresactivistasmodernas\/wp-json\/wp\/v2\/pages\/240","targetHints":{"allow":["GET"]}}],"collection":[{"href":"https:\/\/blogs.ua.es\/mujeresactivistasmodernas\/wp-json\/wp\/v2\/pages"}],"about":[{"href":"https:\/\/blogs.ua.es\/mujeresactivistasmodernas\/wp-json\/wp\/v2\/types\/page"}],"author":[{"embeddable":true,"href":"https:\/\/blogs.ua.es\/mujeresactivistasmodernas\/wp-json\/wp\/v2\/users\/4506"}],"replies":[{"embeddable":true,"href":"https:\/\/blogs.ua.es\/mujeresactivistasmodernas\/wp-json\/wp\/v2\/comments?post=240"}],"version-history":[{"count":28,"href":"https:\/\/blogs.ua.es\/mujeresactivistasmodernas\/wp-json\/wp\/v2\/pages\/240\/revisions"}],"predecessor-version":[{"id":2304,"href":"https:\/\/blogs.ua.es\/mujeresactivistasmodernas\/wp-json\/wp\/v2\/pages\/240\/revisions\/2304"}],"wp:attachment":[{"href":"https:\/\/blogs.ua.es\/mujeresactivistasmodernas\/wp-json\/wp\/v2\/media?parent=240"}],"curies":[{"name":"wp","href":"https:\/\/api.w.org\/{rel}","templated":true}]}}