{"id":28,"date":"2021-11-19T16:49:25","date_gmt":"2021-11-19T16:49:25","guid":{"rendered":"https:\/\/blogs.ua.es\/mujeresactivistasmodernas\/?page_id=28"},"modified":"2026-01-08T10:53:58","modified_gmt":"2026-01-08T10:53:58","slug":"presentacion","status":"publish","type":"page","link":"https:\/\/blogs.ua.es\/mujeresactivistasmodernas\/presentacion\/","title":{"rendered":"1. Presentaci\u00f3n"},"content":{"rendered":"<p>Somos un grupo de historiadoras e historiadores vinculados a la Universidad de Alicante, interesado en dar a conocer el destacado activismo de mujeres desplegado en las d\u00e9cadas de los a\u00f1os veinte y treinta en la provincia de Alicante. Se trata de un proyecto abierto y colaborativo que recoge biograf\u00edas de mujeres activistas de distintas ideolog\u00edas e intereses, y que ir\u00e1 creciendo con nuevas biograf\u00edas, itinerarios por distintas ciudades y pueblos de la provincia y con cualquier otro tipo de aportaci\u00f3n vinculada con el tema.<\/p>\n<p>Si deseas colaborar con el proyecto, clica en el apartado <a href=\"https:\/\/blogs.ua.es\/mujeresactivistasmodernas\/contacto\/\"><strong>Contacto<\/strong>.<\/a><\/p>\n<p><img loading=\"lazy\" decoding=\"async\" class=\"wp-image-938 aligncenter\" src=\"https:\/\/blogs.ua.es\/mujeresactivistasmodernas\/files\/2022\/05\/jpeg-sin-info-Sketch00131-212x300.jpg\" alt=\"\" width=\"310\" height=\"439\" srcset=\"https:\/\/blogs.ua.es\/mujeresactivistasmodernas\/files\/2022\/05\/jpeg-sin-info-Sketch00131-212x300.jpg 212w, https:\/\/blogs.ua.es\/mujeresactivistasmodernas\/files\/2022\/05\/jpeg-sin-info-Sketch00131-724x1024.jpg 724w, https:\/\/blogs.ua.es\/mujeresactivistasmodernas\/files\/2022\/05\/jpeg-sin-info-Sketch00131-768x1086.jpg 768w, https:\/\/blogs.ua.es\/mujeresactivistasmodernas\/files\/2022\/05\/jpeg-sin-info-Sketch00131-1086x1536.jpg 1086w, https:\/\/blogs.ua.es\/mujeresactivistasmodernas\/files\/2022\/05\/jpeg-sin-info-Sketch00131-1448x2048.jpg 1448w, https:\/\/blogs.ua.es\/mujeresactivistasmodernas\/files\/2022\/05\/jpeg-sin-info-Sketch00131-scaled.jpg 1810w\" sizes=\"auto, (max-width: 310px) 100vw, 310px\" \/><\/p>\n<p>Colaboradoras\/es:<\/p>\n<p><strong>Arana Rodr\u00edguez, Aitor \u00a0 \u00a0 \u00a0 \u00a0 \u00a0 \u00a0 \u00a0 \u00a0 \u00a0 \u00a0 \u00a0 \u00a0 \u00a0 \u00a0 G\u00f3mez Vidal, Sara\u00a0<\/strong><\/p>\n<p><strong>Arribas Hammoudi, Sergio \u00a0 \u00a0 \u00a0 \u00a0 \u00a0 \u00a0 \u00a0 \u00a0 \u00a0 \u00a0 Guill\u00f3 Ruiz, Juan Carlos \u00a0 \u00a0 \u00a0 \u00a0 \u00a0 \u00a0 \u00a0 \u00a0 \u00a0 \u00a0 \u00a0 \u00a0 \u00a0<\/strong><\/p>\n<p><strong>Bl\u00e1zquez Poveda, Jordi \u00a0 \u00a0 \u00a0 \u00a0 \u00a0 \u00a0 \u00a0 \u00a0 \u00a0 \u00a0 \u00a0 \u00a0 \u00a0 \u00a0Lled\u00f3 Mas, Sandra\u00a0<\/strong><\/p>\n<p><strong>De Los R\u00edos Aranda, Lorena \u00a0 \u00a0 \u00a0 \u00a0 \u00a0 \u00a0 \u00a0 \u00a0 \u00a0 \u00a0Lucio Castillo, Miriam<br \/>\n<\/strong><\/p>\n<p><strong>Domenech Jim\u00e9nez, Isabel \u00a0 \u00a0 \u00a0 \u00a0 \u00a0 \u00a0 \u00a0 \u00a0 \u00a0 \u00a0 Mart\u00ednez S\u00e1nchez, Desir\u00e9e<br \/>\n<\/strong><\/p>\n<p><strong>Fern\u00e1ndez Cinnante, Sim\u00f3n \u00a0 \u00a0 \u00a0 \u00a0 \u00a0 \u00a0 \u00a0 \u00a0 \u00a0 Moreno Seco, M\u00f3nica (coord.)<br \/>\n<\/strong><\/p>\n<p><strong>Franc\u00e9s Rico, Jes\u00fas \u00a0 \u00a0 \u00a0 \u00a0 \u00a0 \u00a0 \u00a0 \u00a0 \u00a0 \u00a0 \u00a0 \u00a0 \u00a0 \u00a0 \u00a0 \u00a0 \u00a0 \u00a0 Navarro Sax, Pablo<br \/>\n<\/strong><\/p>\n<p><strong>Hern\u00e1ndez Ba\u00f1\u00f3n, Sara \u00a0 \u00a0 \u00a0 \u00a0 \u00a0 \u00a0 \u00a0 \u00a0 \u00a0 \u00a0 \u00a0 \u00a0 \u00a0 Ortiz P\u00e9rez, Samuel\u00a0<\/strong><\/p>\n<p><strong>Gallego Jim\u00e9nez, Manuel \u00a0 \u00a0 \u00a0 \u00a0 \u00a0 \u00a0 \u00a0 \u00a0 \u00a0 \u00a0 \u00a0 \u00a0Pastor Verd\u00fa, Lourdes \u00a0\u00a0<\/strong><\/p>\n<p><strong>Garc\u00eda Garc\u00eda, Judith \u00a0 \u00a0 \u00a0 \u00a0 \u00a0 \u00a0 \u00a0 \u00a0 \u00a0 \u00a0 \u00a0 \u00a0 \u00a0 \u00a0 \u00a0 \u00a0P\u00e9rez Garc\u00eda, \u00c1ngela<\/strong><\/p>\n<p><strong>Garis Puerto, Natalia \u00a0 \u00a0 \u00a0 \u00a0 \u00a0 \u00a0 \u00a0 \u00a0 \u00a0 \u00a0 \u00a0 \u00a0 \u00a0 \u00a0 \u00a0 \u00a0 R\u00edos Hidalgo, Noem\u00ed<br \/>\n<\/strong><\/p>\n<p><strong> G\u00f3mez Mej\u00edas, Mar\u00eda Jos\u00e9 \u00a0 \u00a0 \u00a0 \u00a0 \u00a0 \u00a0 \u00a0 \u00a0 \u00a0 \u00a0 \u00a0 Tortosa Calet, Luc\u00eda<a href=\"https:\/\/blogs.ua.es\/mujeresactivistasmodernas\/files\/2026\/01\/logo-vector-universidad-alicante-300x152-1.jpg\"><img loading=\"lazy\" decoding=\"async\" class=\"size-full wp-image-2238 alignleft\" src=\"https:\/\/blogs.ua.es\/mujeresactivistasmodernas\/files\/2026\/01\/logo-vector-universidad-alicante-300x152-1.jpg\" alt=\"\" width=\"300\" height=\"152\" \/><\/a><\/strong><\/p>\n<p><strong>\u00a0 \u00a0 \u00a0 \u00a0 \u00a0 \u00a0 \u00a0 \u00a0 \u00a0\u00a0<\/strong><\/p>\n<p>&nbsp;<\/p>\n<p><strong>\u00a0<\/strong><\/p>\n<p><strong>\u00a0<\/strong><\/p>\n<p>&nbsp;<\/p>\n<p>&nbsp;<\/p>\n","protected":false},"excerpt":{"rendered":"<p>Somos un grupo de historiadoras e historiadores vinculados a la Universidad de Alicante, interesado en dar a conocer el destacado activismo de mujeres desplegado en las d\u00e9cadas de los a\u00f1os veinte y treinta en la provincia de Alicante. Se trata de un proyecto abierto y colaborativo que recoge biograf\u00edas de mujeres activistas de distintas ideolog\u00edas &hellip; <a href=\"https:\/\/blogs.ua.es\/mujeresactivistasmodernas\/presentacion\/\" class=\"more-link\">Continue reading <span class=\"screen-reader-text\">1. Presentaci\u00f3n<\/span> <span class=\"meta-nav\">&rarr;<\/span><\/a><\/p>\n","protected":false},"author":4506,"featured_media":0,"parent":0,"menu_order":0,"comment_status":"closed","ping_status":"closed","template":"","meta":{"footnotes":""},"class_list":["post-28","page","type-page","status-publish","hentry"],"_links":{"self":[{"href":"https:\/\/blogs.ua.es\/mujeresactivistasmodernas\/wp-json\/wp\/v2\/pages\/28","targetHints":{"allow":["GET"]}}],"collection":[{"href":"https:\/\/blogs.ua.es\/mujeresactivistasmodernas\/wp-json\/wp\/v2\/pages"}],"about":[{"href":"https:\/\/blogs.ua.es\/mujeresactivistasmodernas\/wp-json\/wp\/v2\/types\/page"}],"author":[{"embeddable":true,"href":"https:\/\/blogs.ua.es\/mujeresactivistasmodernas\/wp-json\/wp\/v2\/users\/4506"}],"replies":[{"embeddable":true,"href":"https:\/\/blogs.ua.es\/mujeresactivistasmodernas\/wp-json\/wp\/v2\/comments?post=28"}],"version-history":[{"count":32,"href":"https:\/\/blogs.ua.es\/mujeresactivistasmodernas\/wp-json\/wp\/v2\/pages\/28\/revisions"}],"predecessor-version":[{"id":2242,"href":"https:\/\/blogs.ua.es\/mujeresactivistasmodernas\/wp-json\/wp\/v2\/pages\/28\/revisions\/2242"}],"wp:attachment":[{"href":"https:\/\/blogs.ua.es\/mujeresactivistasmodernas\/wp-json\/wp\/v2\/media?parent=28"}],"curies":[{"name":"wp","href":"https:\/\/api.w.org\/{rel}","templated":true}]}}