{"id":120,"date":"2011-11-24T11:45:30","date_gmt":"2011-11-24T11:45:30","guid":{"rendered":"https:\/\/blogs.ua.es\/mundoazteca\/?page_id=120"},"modified":"2011-12-24T19:19:06","modified_gmt":"2011-12-24T19:19:06","slug":"presentacion-del-blog","status":"publish","type":"page","link":"https:\/\/blogs.ua.es\/mundoazteca\/presentacion-del-blog\/","title":{"rendered":"Presentaci\u00f3n del Blog"},"content":{"rendered":"<div>\n<p>Hola compa\u00f1eros amantes de la Historia!<\/p>\n<p>Me voy a presentar:<\/p>\n<p>Soy una alumna de 4\u00ba de la Licenciatura de Humanidades. Y este blog, es un proyecto que se hace para la asignatura que se ofrece en cuarto curso: Historia Moderna de Espa\u00f1a.<\/p>\n<p>Est\u00e1 asignatura, la ofrece el Profesor Antonio Carrasco Rodr\u00edgez, Doctor en Historia Moderna.<\/p>\n<p>El Proyecto \u2013 Blog como pod\u00e9is ver, consiste en ofrecer una informaci\u00f3n acerca de los Aztecas. Y de qu\u00e9 se habla en este blog? para contestar a esta pregunta, te aconsejo que te enfrasques y navegues por estas p\u00e1ginas, para descubrir todo un mundo perdido: el de los Aztecas.<\/p>\n<p>A lo largo de tu navegaci\u00f3n, podr\u00e1s ver que este blog te dar\u00e1 un recorrido por todo el Mundo Azteca. Entrando desde su cultura, econom\u00eda, sociedad, juegos, religi\u00f3n, hasta su historia, con el pensamiento de que su Dios, Quetzalc\u00f3atl\u00a0 era <a href=\"http:\/\/es.wikipedia.org\/wiki\/Hern%C3%A1n_Cort%C3%A9s\" target=\"_blank\">Hern\u00e1n Cort\u00e9s.<\/a><\/p>\n<p>Espero que disfrut\u00e9is de este recorrido por tierras aztecas, y que su historia inunde tambi\u00e9n vuestros corazones.\u00a0 Te animo a que me hagas participe de vuestros conocimientos y experiencias que muy gratamente leer\u00e9 en\u00a0 mi blog:<\/p>\n<p>El Mundo Azteca.<\/p>\n<\/div>\n","protected":false},"excerpt":{"rendered":"<p>Hola compa\u00f1eros amantes de la Historia! Me voy a presentar: Soy una alumna de 4\u00ba de la Licenciatura de Humanidades. Y este blog, es un proyecto que se hace para la asignatura que se ofrece en cuarto curso: Historia Moderna &hellip; <a href=\"https:\/\/blogs.ua.es\/mundoazteca\/presentacion-del-blog\/\">Continue reading <span class=\"meta-nav\">&rarr;<\/span><\/a><\/p>\n","protected":false},"author":2164,"featured_media":0,"parent":0,"menu_order":0,"comment_status":"open","ping_status":"open","template":"","meta":{"footnotes":""},"class_list":["post-120","page","type-page","status-publish","hentry"],"_links":{"self":[{"href":"https:\/\/blogs.ua.es\/mundoazteca\/wp-json\/wp\/v2\/pages\/120","targetHints":{"allow":["GET"]}}],"collection":[{"href":"https:\/\/blogs.ua.es\/mundoazteca\/wp-json\/wp\/v2\/pages"}],"about":[{"href":"https:\/\/blogs.ua.es\/mundoazteca\/wp-json\/wp\/v2\/types\/page"}],"author":[{"embeddable":true,"href":"https:\/\/blogs.ua.es\/mundoazteca\/wp-json\/wp\/v2\/users\/2164"}],"replies":[{"embeddable":true,"href":"https:\/\/blogs.ua.es\/mundoazteca\/wp-json\/wp\/v2\/comments?post=120"}],"version-history":[{"count":5,"href":"https:\/\/blogs.ua.es\/mundoazteca\/wp-json\/wp\/v2\/pages\/120\/revisions"}],"predecessor-version":[{"id":375,"href":"https:\/\/blogs.ua.es\/mundoazteca\/wp-json\/wp\/v2\/pages\/120\/revisions\/375"}],"wp:attachment":[{"href":"https:\/\/blogs.ua.es\/mundoazteca\/wp-json\/wp\/v2\/media?parent=120"}],"curies":[{"name":"wp","href":"https:\/\/api.w.org\/{rel}","templated":true}]}}