{"id":22,"date":"2011-10-04T14:09:09","date_gmt":"2011-10-04T14:09:09","guid":{"rendered":"https:\/\/blogs.ua.es\/mundoazteca\/?page_id=22"},"modified":"2011-10-04T14:21:44","modified_gmt":"2011-10-04T14:21:44","slug":"cronologia-del-mundo","status":"publish","type":"page","link":"https:\/\/blogs.ua.es\/mundoazteca\/cronologia-del-mundo\/","title":{"rendered":"Cronolog\u00eda del Mundo"},"content":{"rendered":"<ul>\n<li><strong><span style=\"text-decoration: underline\">Valle de M\u00e9xico: <\/span><\/strong><\/li>\n<\/ul>\n<p><strong><\/strong><em><span style=\"text-decoration: underline\">A\u00f1os d.C 1200 <\/span><\/em><\/p>\n<p><em><\/em>Los aztecas penetran en el valle desde el Norte<\/p>\n<p><em><span style=\"text-decoration: underline\">A\u00f1os d. C 1250<\/span><\/em><\/p>\n<p>El valle estaba poblado por peque\u00f1os grupos tribales que guerreaban continuamente entre s\u00ed.<\/p>\n<p><em><span style=\"text-decoration: underline\">A\u00f1os d.C 1300 <\/span><\/em><\/p>\n<p>Fecha tradicional de la fundaci\u00f3n de Tenochtitl\u00e1n<\/p>\n<p><em><span style=\"text-decoration: underline\">A\u00f1os d.C 1350<\/span><\/em><\/p>\n<p>Son desecados los pantanos y se construyen calzadas con canales entre ellas.<\/p>\n<p><em><span style=\"text-decoration: underline\">A\u00f1os d.C 1370<\/span><\/em><\/p>\n<p>Muere Tenoch, el rey sacerdote de los aztecas, que siguen sometidos a los tepanecas que controlan el valle.<\/p>\n<p><em><span style=\"text-decoration: underline\">A\u00f1os d.C 1400<\/span><\/em><\/p>\n<p>Son derrotados los tepanecas. Los aztecas ampl\u00edan sus territorios y se apoderan de todo el valle. Los dem\u00e1s tribus les pagan tributo. Gobierno de una aristocracia militar.<\/p>\n<p><em><span style=\"text-decoration: underline\">A\u00f1os d.C 1450 \u2013 1487<\/span><\/em><\/p>\n<p>Es consagrado el gran templo de Tenochtitl\u00e1n. Son sacrificados muchos prisioneros. Expansi\u00f3n azteca hacia el sur para ocupar las tierras de los mayas.<\/p>\n<p><em><span style=\"text-decoration: underline\">A\u00f1os d.C 1500<\/span><\/em><\/p>\n<p>Moctezuma II, elegido Gran Portavoz<\/p>\n<p><em><span style=\"text-decoration: underline\">A\u00f1os d.C 1519<\/span><\/em><\/p>\n<p>Cort\u00e9s desembarca en M\u00e9xico. Muerte de Moctezuma<\/p>\n<p><em><span style=\"text-decoration: underline\">A\u00f1os d.C 1520 \u2013 21<\/span><\/em><\/p>\n<p>Es destruida Tenochtitl\u00e1n<\/p>\n<p><em><span style=\"text-decoration: underline\">A\u00f1os d.C 1535<\/span><\/em><\/p>\n<p>M\u00e9xico es gobernada por un virrey en nombre del rey de Espa\u00f1a. Es reconstruida Tenochtitl\u00e1n como capital de Nueva Espa\u00f1a. Exportaci\u00f3n\u00a0de plata en Espa\u00f1a.<\/p>\n<ul>\n<li><strong><span style=\"text-decoration: underline\">En Europa:<\/span><\/strong><br \/>\n<em><\/em><\/li>\n<\/ul>\n<p><em><span style=\"text-decoration: underline\">A\u00f1os d.c 1204<\/span><\/em><\/p>\n<p>Carta Cruzada<\/p>\n<p><em><span style=\"text-decoration: underline\">A\u00f1os d.c 1212<\/span><\/em><\/p>\n<p>Desastre almohade en la batalla de las Navas de Tolosa<\/p>\n<p><em><span style=\"text-decoration: underline\">A\u00f1os d.c 1215<\/span><\/em><\/p>\n<p>Se firma la Carta Magna.<\/p>\n<p><em><span style=\"text-decoration: underline\">A\u00f1os d.c 1306<\/span><\/em><\/p>\n<p>Los jud\u00edos son expulsados de Francia.<\/p>\n<p><em><span style=\"text-decoration: underline\">A\u00f1os d.C 1350<\/span><\/em><\/p>\n<p>La peste negra azota Europa y provoca su colapso econ\u00f3mico. Revuelta de los campesinos en Inglaterra.<\/p>\n<p><em><span style=\"text-decoration: underline\">A\u00f1os d.c 1415<\/span><\/em><\/p>\n<p>El rey de Inglaterra Enrique IV, derrota a los franceses.<\/p>\n<p><em><span style=\"text-decoration: underline\">A\u00f1os d.c 1431<\/span><\/em><\/p>\n<p>Muerte de Juana de Arco. Inglaterra va perdiendo territorios en Francia. Guerras de las Rosas en Inglaterra.<\/p>\n<p><em><span style=\"text-decoration: underline\">A\u00f1os d.c 1478<\/span><\/em><\/p>\n<p>Primer Zar Ruso (Iv\u00e1n III).<\/p>\n<p><em><span style=\"text-decoration: underline\">A\u00f1os d.c 1492<\/span><\/em><\/p>\n<p>Crist\u00f3bal Col\u00f3n descubre Am\u00e9rica.<\/p>\n<p><em><span style=\"text-decoration: underline\">A\u00f1os d.c 1493<\/span><\/em><\/p>\n<p>Reparto del Nuevo Mundo entre Espa\u00f1a y Portugal.<\/p>\n<p><em><span style=\"text-decoration: underline\">A\u00f1os d.c 1550<\/span><\/em><\/p>\n<p>N\u00e1poles, Venecia, Mil\u00e1n, Constantinopla y Paris, \u00fanicas ciudades europeas con m\u00e1s de 100.000 habitantes.<\/p>\n<p><em><span style=\"text-decoration: underline\">A\u00f1os d.c 1557<\/span><\/em><\/p>\n<p>Victoria Espa\u00f1ola sobre los franceses en San Quint\u00edn.<\/p>\n<ul>\n<li><strong><em><span style=\"text-decoration: underline\">Asia y \u00c1frica:<\/span><\/em><\/strong><\/li>\n<\/ul>\n<p><em><span style=\"text-decoration: underline\">A\u00f1os d.C 1200<\/span><\/em><\/p>\n<p>Los mongoles inician bajo Genghis Khan la conquista de China. Son los \u00fanicos que logran en toda la historia invadir Rusia con \u00e9xito en invierno.<\/p>\n<p><em><span style=\"text-decoration: underline\">A\u00f1os d.C 1275<\/span><\/em><\/p>\n<p>Marco Polo visita China. Kublai Khan gobierna en China. Auge del imperio Otomano.<\/p>\n<p><em><span style=\"text-decoration: underline\">A\u00f1os d.C 1300<\/span><\/em><\/p>\n<p>Comercio con \u00c1frica a trav\u00e9s de Oriente Medio.<\/p>\n<p><em><span style=\"text-decoration: underline\">A\u00f1os d.C 1350<\/span><\/em><\/p>\n<p>La dinast\u00eda Ming en Cgina, con una nueva capital en Beijing (Pekin). China es el Estado m\u00e1s avanzado y fuerte del mundo. Exporta seda y algod\u00f3n a Occidente.<\/p>\n<p><em><span style=\"text-decoration: underline\">A\u00f1os d.C 1400<\/span><\/em><\/p>\n<p>Se instaura el reino de Benin en \u00c1frica. Varios exploradores buscan una ruta por el mar hacia la India y China a trav\u00e9s del Caribe.<\/p>\n<p><em><span style=\"text-decoration: underline\">A\u00f1os d.C 1498<\/span><\/em><\/p>\n<p>Vasco de Gama hace el primer viaje de ida y vuelta por el mar entre Europa y la India. Espa\u00f1a inicia la conquista del norte de \u00c1frica.<\/p>\n<p><em><span style=\"text-decoration: underline\">A\u00f1os d.C 1500<\/span><\/em><\/p>\n<p>Introducci\u00f3n de la ca\u00f1a de az\u00facar, el arroz y los c\u00edtricos en Europa desde Asia.<\/p>\n<p><em><span style=\"text-decoration: underline\">A\u00f1os d.C 1550<\/span><\/em><\/p>\n<p>La dinast\u00eda Mughal en la India. Llegan a Am\u00e9rica los primeros esclavos procedentes de \u00c1frica.<\/p>\n<ul>\n<li><strong><span style=\"text-decoration: underline\">Artes y Ciencias:<\/span><\/strong><br \/>\n<em><\/em><\/li>\n<\/ul>\n<p><em><span style=\"text-decoration: underline\">A\u00f1os d.C 1200<\/span><\/em><\/p>\n<p>Torre del Oro de Sevilla.<\/p>\n<p><em><span style=\"text-decoration: underline\">A\u00f1os d.C 1226<\/span><\/em><\/p>\n<p>Muerte de San Francisco de As\u00eds. Gran \u00e9poca de la construcci\u00f3n de catedrales. Universidades de Oxford y Cambridge.<\/p>\n<p><em><span style=\"text-decoration: underline\">A\u00f1os d.C 1250<\/span><\/em><\/p>\n<p>Se inicia el siglo de los grandes poetas italianos, especialmente de Dante y Petrarca. El lat\u00edn es lengua erudita en Europa y la arquitectura isl\u00e1mica llega a la India.<\/p>\n<p><em><span style=\"text-decoration: underline\">A\u00f1os d.C 1300<\/span><\/em><\/p>\n<p>Se inventan los lentes en Italia.<\/p>\n<p><em><span style=\"text-decoration: underline\">A\u00f1os d.C 1339<\/span><\/em><\/p>\n<p>Construcci\u00f3n del Kremlin en Mosc\u00fa.<\/p>\n<p><em><span style=\"text-decoration: underline\">A\u00f1os d.C 1350<\/span><\/em><\/p>\n<p>Los aztecas escriben sus c\u00f3dices e inventan un complicado calendario.<\/p>\n<p><em><span style=\"text-decoration: underline\">A\u00f1os d.C 1400<\/span><\/em><\/p>\n<p>Comienza el Renacimiento italiano. Muerte de Geoffrey Chaucer en Inglaterra.<\/p>\n<p><em><span style=\"text-decoration: underline\">A\u00f1os d.C 1430<\/span><\/em><\/p>\n<p>Se construye la fortaleza de Zimbabwe en \u00c1frica.<\/p>\n<p><em><span style=\"text-decoration: underline\">A\u00f1os d.C 1445<\/span><\/em><\/p>\n<p>Gutenberg imprime el primer libro: la Biblia.<\/p>\n<p><em><span style=\"text-decoration: underline\">A\u00f1os d.C 1450<\/span><\/em><\/p>\n<p>\u00c9poca de los grandes artistas italianos. Lonardo da Vinci (1452- 1519); Miguel \u00c1ngel (1475 \u2013 1564); Rafael (1483 \u2013 1520).<\/p>\n<p><em><span style=\"text-decoration: underline\">A\u00f1os d.C 1500<\/span><\/em><\/p>\n<p>Introducci\u00f3n de la patata en Europa desde Suram\u00e9rica.<\/p>\n<p><em><span style=\"text-decoration: underline\">A\u00f1os d.C 1550<\/span><\/em><\/p>\n<p>En Alemania se inventa el primer reloj de bolsillo.<\/p>\n<p><em><span style=\"text-decoration: underline\">A\u00f1os d.C 1559<\/span><\/em><\/p>\n<p>Se introduce en Europa el tabaco desde Am\u00e9rica.<\/p>\n","protected":false},"excerpt":{"rendered":"<p>Valle de M\u00e9xico: A\u00f1os d.C 1200 Los aztecas penetran en el valle desde el Norte A\u00f1os d. C 1250 El valle estaba poblado por peque\u00f1os grupos tribales que guerreaban continuamente entre s\u00ed. A\u00f1os d.C 1300 Fecha tradicional de la fundaci\u00f3n &hellip; <a href=\"https:\/\/blogs.ua.es\/mundoazteca\/cronologia-del-mundo\/\">Continue reading <span class=\"meta-nav\">&rarr;<\/span><\/a><\/p>\n","protected":false},"author":2164,"featured_media":0,"parent":0,"menu_order":0,"comment_status":"open","ping_status":"open","template":"","meta":{"footnotes":""},"class_list":["post-22","page","type-page","status-publish","hentry"],"_links":{"self":[{"href":"https:\/\/blogs.ua.es\/mundoazteca\/wp-json\/wp\/v2\/pages\/22","targetHints":{"allow":["GET"]}}],"collection":[{"href":"https:\/\/blogs.ua.es\/mundoazteca\/wp-json\/wp\/v2\/pages"}],"about":[{"href":"https:\/\/blogs.ua.es\/mundoazteca\/wp-json\/wp\/v2\/types\/page"}],"author":[{"embeddable":true,"href":"https:\/\/blogs.ua.es\/mundoazteca\/wp-json\/wp\/v2\/users\/2164"}],"replies":[{"embeddable":true,"href":"https:\/\/blogs.ua.es\/mundoazteca\/wp-json\/wp\/v2\/comments?post=22"}],"version-history":[{"count":6,"href":"https:\/\/blogs.ua.es\/mundoazteca\/wp-json\/wp\/v2\/pages\/22\/revisions"}],"predecessor-version":[{"id":457,"href":"https:\/\/blogs.ua.es\/mundoazteca\/wp-json\/wp\/v2\/pages\/22\/revisions\/457"}],"wp:attachment":[{"href":"https:\/\/blogs.ua.es\/mundoazteca\/wp-json\/wp\/v2\/media?parent=22"}],"curies":[{"name":"wp","href":"https:\/\/api.w.org\/{rel}","templated":true}]}}