{"id":247,"date":"2011-12-14T09:17:01","date_gmt":"2011-12-14T09:17:01","guid":{"rendered":"https:\/\/blogs.ua.es\/mundoazteca\/?page_id=247"},"modified":"2011-12-15T14:28:54","modified_gmt":"2011-12-15T14:28:54","slug":"moctezuma-ii","status":"publish","type":"page","link":"https:\/\/blogs.ua.es\/mundoazteca\/moctezuma-ii\/","title":{"rendered":"Moctezuma II"},"content":{"rendered":"<p style=\"text-align: justify\">Os animo a conocer un poco m\u00e1s, al gran orador azteca, Moctezuma II.<\/p>\n<p style=\"text-align: justify\"><em>&#8220;Yo, Moctezuma, gran orador de los aztecas, que hubo de entregar su imperio a los conquistadores&#8221;.<\/em><\/p>\n<p style=\"text-align: justify\"><a href=\"https:\/\/blogs.ua.es\/mundoazteca\/files\/2011\/12\/moctezuma.jpg\"><img loading=\"lazy\" decoding=\"async\" class=\"aligncenter size-full wp-image-248\" src=\"https:\/\/blogs.ua.es\/mundoazteca\/files\/2011\/12\/moctezuma.jpg\" alt=\"\" width=\"235\" height=\"299\" \/><\/a><\/p>\n<p style=\"text-align: justify\">Moctezuma Xocoyotzin, que era hijo de Axay\u00e1catl, se convirti\u00f3 contra su voluntad en sucesor de Ahu\u00edzotl como gobernante de Tenochtitlan. Podemos decir de \u00e9l, que no le gustaba el contacto con las personas de su pueblo.<\/p>\n<p style=\"text-align: justify\">Cuando en 1519 recibi\u00f3 las primeras noticias de la llegada de gente extra\u00f1a a la costa, <em><strong>Moctezuma II<\/strong><\/em> envi\u00f3 a investigar a un embajador que llevaba dos trajes: uno de ellos del dio<em><\/em>s <a href=\"http:\/\/www.angelfire.com\/al\/quetzalcoatl\/quet01.html\" target=\"_blank\"><em>Quetzalcoatl<\/em><\/a> y otro del dios <a href=\"http:\/\/www.iglisaw.com\/docs\/libros_espanol\/gnosis\/compendio_conferencias\/EL%20DIOS%20TLALOC.pdf\" target=\"_blank\">Tl\u00e1loc<\/a>. El embajador deb\u00eda vestir al lider de los extra\u00f1os (los espa\u00f1oles) con el traje del dios cuyos atributos fueran m\u00e1s semejantes a \u00e9ste, y lo visti\u00f3 con el traje de Quetzalcoatl. Al recibir la noticia, Moctezuma II, que era extremadamente supersticioso, se asust\u00f3 y envi\u00f3 todo tipo de tesoros y presentes, para mantener alejados a los espa\u00f1oles, pero con esto consigui\u00f3 aumentar la moral y el deseo de riqueza de los soldados.<\/p>\n<p style=\"text-align: justify\">El 8 de noviembre de 1519, Moctezuma II se encontr\u00f3 con Hern\u00e1n Cort\u00e9s, convencido de que era el dios Quetzalcoatl, ya que seg\u00fan la leyenda, tras haberse enfrentado a Huitzilopochtli, dios de la guerra, Quetzalc\u00f3atl habr\u00eda partido hacia Oriente por el mar, haciendo la promesa de que volver\u00eda en el a\u00f1o azteca de Ce Acatl, fecha que casualmente corresponder\u00eda al a\u00f1o 1519 y sobre todo, con la llegada de los espa\u00f1oles. La actitud de Moctezuma II ha sido objeto de numerosas especulaciones. S\u00f3lo aquellos que demostraban valent\u00eda en combate, pod\u00edan llegar a ser Tlatoani (Gran Sacerdotes, como Reyes o Emperadores) y, sin embargo, los actos que la historia cuenta de Moctezuma II son de un lider atemorizado. Moctezuma II cedi\u00f3 a todas las peticiones de Hern\u00e1n Cort\u00e9s puesto que no pudo reunir un ej\u00e9rcito lo bastante grande como para poder vencer a los espa\u00f1oles.<\/p>\n<p style=\"text-align: justify\">Pero Hern\u00e1n Cort\u00e9s, no se sent\u00eda satisfecho con las ofrendas concedidas, porque sab\u00eda que sus vidas tanto la suya como la de sus hombres\u00a0 depend\u00edan totalmente de la voluntad del emperador. As\u00ed pues,\u00a0 hizo prisionero a Moctezuma\u00a0 pero lo mantuvo con una posici\u00f3n simb\u00f3lica en el trono, y \u00e9l y sus hombres, caballos, y m\u00e1s de 3000 aliados Tlaxcaltecas fueron asentados en el grandioso palacio de Axay\u00e1catl. A continuaci\u00f3n de lo sucedido, las im\u00e1genes de los dioses aztecas fueron derribadas y sustituidas por im\u00e1genes cristianas y se elimin\u00f3 el sacrificio humano. A los espa\u00f1oles se les dieron grandes cantidades de presentes y tambi\u00e9n el\u00a0 penacho de Moctezuma. Moctezuma II consinti\u00f3 ser bautizado y declarado s\u00fabdito de Espa\u00f1a, donde todav\u00eda viven sus descendientes, los condes de Miravalle.<\/p>\n<p style=\"text-align: justify\">La tensi\u00f3n del pueblo ante la opresi\u00f3n espa\u00f1ola, va aumentando con el tiempo, hasta que en Junio de 1520, estallar\u00eda, y se formar\u00eda una revuelta, que dio lugar a violentas confrontaciones durante varios d\u00edas. Cort\u00e9s intentar\u00eda usar al emperador para calmar al pueblo y conseguir salir de la ciudad. Pero cuando Moctezuma se dirigi\u00f3 al pueblo, la rabia de toda la\u00a0 multitud hizo que la gente lo apedreara, caus\u00e1ndole la muerte. Aunque hay muchas otras versiones, que nos hacen menci\u00f3n a que Moctezuma y otros nobles aztecas sucumbieron bajo las espadas espa\u00f1olas.<\/p>\n<p style=\"text-align: justify\">Finalmente, los espa\u00f1oles tendr\u00edan que huir de Tenochtitl\u00e1n el 30 de Junio de 1520, fecha que pasar\u00eda a la historia conocida como:\u00a0 <em>&#8220;La Noche Triste&#8221;.<\/em><\/p>\n<p style=\"text-align: justify\">Moctezuma pens\u00f3 que Hern\u00e1n Cort\u00e9s, era el dios, por una profec\u00eda muy antigua que dec\u00eda as\u00ed:<\/p>\n<h3 style=\"text-align: justify\"><em><strong>La profec\u00eda de las se\u00f1ales:<\/strong><\/em><\/h3>\n<p style=\"text-align: justify\">Cuenta la leyenda, que los diez a\u00f1os anteriores a la llegada de los espa\u00f1oles, se suceder\u00edan ocho se\u00f1ales, que profetizaron el fin del imperio azteca. Las se\u00f1ales eran:<\/p>\n<ul style=\"text-align: justify\">\n<li>Una columna de fuego que apareci\u00f3 en el cielo nocturno (posiblemente un cometa).<\/li>\n<li>Un cometa que apareci\u00f3 en el cielo durante el d\u00eda.<\/li>\n<li>El templo de Huitzilopochtli fue arrasado por el fuego.<\/li>\n<li>Un rayo cay\u00f3 en el templo de Tzonmolco.<\/li>\n<li>Tenochtitlan se inund\u00f3.<\/li>\n<li>Gentes extra\u00f1as, con un cuerpo y varias cabezas, se ver\u00edan rondando la ciudad.<\/li>\n<li>Se escuch\u00f3 a una pla\u00f1idera dirigir un canto f\u00fanebre a los aztecas.<\/li>\n<li>Se caz\u00f3 un extra\u00f1o p\u00e1jaro. Cuando Moctezuma mir\u00f3 en sus pupilas, pudo ver hombres desconocidos desembarcando en la costa.<\/li>\n<\/ul>\n<p style=\"text-align: justify\"><a href=\"https:\/\/blogs.ua.es\/mundoazteca\/files\/2011\/12\/aus_6_07_2.jpg\"><img loading=\"lazy\" decoding=\"async\" class=\"aligncenter size-full wp-image-249\" src=\"https:\/\/blogs.ua.es\/mundoazteca\/files\/2011\/12\/aus_6_07_2.jpg\" alt=\"\" width=\"602\" height=\"650\" srcset=\"https:\/\/blogs.ua.es\/mundoazteca\/files\/2011\/12\/aus_6_07_2.jpg 602w, https:\/\/blogs.ua.es\/mundoazteca\/files\/2011\/12\/aus_6_07_2-277x300.jpg 277w\" sizes=\"auto, (max-width: 602px) 100vw, 602px\" \/><\/a><\/p>\n","protected":false},"excerpt":{"rendered":"<p>Os animo a conocer un poco m\u00e1s, al gran orador azteca, Moctezuma II. &#8220;Yo, Moctezuma, gran orador de los aztecas, que hubo de entregar su imperio a los conquistadores&#8221;. Moctezuma Xocoyotzin, que era hijo de Axay\u00e1catl, se convirti\u00f3 contra su &hellip; <a href=\"https:\/\/blogs.ua.es\/mundoazteca\/moctezuma-ii\/\">Continue reading <span class=\"meta-nav\">&rarr;<\/span><\/a><\/p>\n","protected":false},"author":2164,"featured_media":0,"parent":0,"menu_order":0,"comment_status":"open","ping_status":"open","template":"","meta":{"footnotes":""},"class_list":["post-247","page","type-page","status-publish","hentry"],"_links":{"self":[{"href":"https:\/\/blogs.ua.es\/mundoazteca\/wp-json\/wp\/v2\/pages\/247","targetHints":{"allow":["GET"]}}],"collection":[{"href":"https:\/\/blogs.ua.es\/mundoazteca\/wp-json\/wp\/v2\/pages"}],"about":[{"href":"https:\/\/blogs.ua.es\/mundoazteca\/wp-json\/wp\/v2\/types\/page"}],"author":[{"embeddable":true,"href":"https:\/\/blogs.ua.es\/mundoazteca\/wp-json\/wp\/v2\/users\/2164"}],"replies":[{"embeddable":true,"href":"https:\/\/blogs.ua.es\/mundoazteca\/wp-json\/wp\/v2\/comments?post=247"}],"version-history":[{"count":6,"href":"https:\/\/blogs.ua.es\/mundoazteca\/wp-json\/wp\/v2\/pages\/247\/revisions"}],"predecessor-version":[{"id":254,"href":"https:\/\/blogs.ua.es\/mundoazteca\/wp-json\/wp\/v2\/pages\/247\/revisions\/254"}],"wp:attachment":[{"href":"https:\/\/blogs.ua.es\/mundoazteca\/wp-json\/wp\/v2\/media?parent=247"}],"curies":[{"name":"wp","href":"https:\/\/api.w.org\/{rel}","templated":true}]}}