{"id":329,"date":"2011-12-20T12:28:18","date_gmt":"2011-12-20T12:28:18","guid":{"rendered":"https:\/\/blogs.ua.es\/mundoazteca\/?page_id=329"},"modified":"2011-12-20T15:09:47","modified_gmt":"2011-12-20T15:09:47","slug":"bibliografia","status":"publish","type":"page","link":"https:\/\/blogs.ua.es\/mundoazteca\/bibliografia\/","title":{"rendered":"Bibliograf\u00eda"},"content":{"rendered":"<p style=\"text-align: justify\">En cuanto a la bibliograf\u00eda utilizada en mi blog, he de decir que pod\u00e9is encontrar desde numerosos libros interesantes, hasta p\u00e1ginas webs muy bien desarrolladas.<\/p>\n<p>En primer lugar, hare menci\u00f3n de los libros:<\/p>\n<p>&#8211; Yo, Moctezuma II: Gran Orador de los aztecas que hubo que entregar su imperio a los conquistadores\/ texto Didier Grosjean y Claudine Roland: Ilustraci\u00f3n Jean- Michel Payet; Traducci\u00f3n de Andrea Morales (1991).<\/p>\n<p>&#8211; <strong>La civilizaci\u00f3n azteca<\/strong><br \/>\n<!-- Print the author, if one exists --> \u00a0\u00a0\u00a0\u00a0Vaillant, George C.<\/p>\n<p>&#8211; Mesoam\u00e9rica: olmecas, mayas, aztecas: las grandes civilizaciones del Nuevo Mundo \/ Antonio Aimi\u00a0(2003).<\/p>\n<p>&#8211; Hablan los aztecas : historia general de las cosas de Nueva Espa\u00f1a \/ Fray Bernardino de Sahag\u00fan, y los informantes aztecas ; edici\u00f3n de Claus Litterscheid ; pr\u00f3logo de Juan Rulfo\u00a0(1985).<\/p>\n<p>&#8211;\u00a0 Los aztecas : la serpiente emplumada\u00a0(2002).<\/p>\n<p>&#8211;\u00a0 Los aztecas \/ escrito por Philip Ardagh ; ilustrado por Colin King\u00a0(1998).<\/p>\n<p>&#8211; Moctezuma \/ \u00c1lvaro Cruz Garc\u00eda.\u00a0(2004).<\/p>\n<p>En cuanto a las p\u00e1ginas web utilizadas, puedo destacar las siguientes:<\/p>\n<p>&#8211; <a href=\"http:\/\/www.pantheon.org\/mythica\/areas\/\" target=\"_blank\">Encyclopedia Mythica<\/a><\/p>\n<p>&#8211; <a href=\"http:\/\/members.aol.com\/concharw\/index1.htm\">Concha\u00b4s Art History Links<\/a><\/p>\n<p>&#8211;\u00a0 <a href=\"http:\/\/www.artehistoria.com\/\">Artehistoria.com<\/a><\/p>\n<p>&#8211;\u00a0 <a href=\"http:\/\/www.windows.ucar.edu\/cgi-bin\/tour.cgi?link=\/mythology\/mythology.html&amp;frp=\/windows3.html&amp;fr=f&amp;sw=false&amp;art=ok&amp;cdp=\/windows3.html&amp;cd=false&amp;edu=elem\">Mythology<\/a><\/p>\n<p>&#8211;\u00a0 <a href=\"http:\/\/pubpages.unh.edu\/%7Ecbsiren\/myth.html\">Myths and Legends<\/a><\/p>\n<p>&#8211;\u00a0 <a href=\"http:\/\/www.mundohistoria.org\/blog\/articulos_web\/la-guerra-mundo-azteca\">http:\/\/www.mundohistoria.org\/blog\/articulos_web\/la-guerra-mundo-azteca<\/a><\/p>\n<p>&#8211; Wikipedia<\/p>\n<p>Todas estos libros y p\u00e1ginas, han sido utilizados para sacar informaci\u00f3n y poder ir completando y desarrollando este blog, t\u00edtulado el Mundo Azteca.<\/p>\n<p>Espero que os sirva mi informaci\u00f3n, y sobre todo, que al leer cada apartado de su historia, os lleve a imaginar toda esa serie de historias y de vivencias que han llenado a esta civilizaci\u00f3n.<\/p>\n","protected":false},"excerpt":{"rendered":"<p>En cuanto a la bibliograf\u00eda utilizada en mi blog, he de decir que pod\u00e9is encontrar desde numerosos libros interesantes, hasta p\u00e1ginas webs muy bien desarrolladas. En primer lugar, hare menci\u00f3n de los libros: &#8211; Yo, Moctezuma II: Gran Orador de &hellip; <a href=\"https:\/\/blogs.ua.es\/mundoazteca\/bibliografia\/\">Continue reading <span class=\"meta-nav\">&rarr;<\/span><\/a><\/p>\n","protected":false},"author":2164,"featured_media":0,"parent":0,"menu_order":0,"comment_status":"open","ping_status":"open","template":"","meta":{"footnotes":""},"class_list":["post-329","page","type-page","status-publish","hentry"],"_links":{"self":[{"href":"https:\/\/blogs.ua.es\/mundoazteca\/wp-json\/wp\/v2\/pages\/329","targetHints":{"allow":["GET"]}}],"collection":[{"href":"https:\/\/blogs.ua.es\/mundoazteca\/wp-json\/wp\/v2\/pages"}],"about":[{"href":"https:\/\/blogs.ua.es\/mundoazteca\/wp-json\/wp\/v2\/types\/page"}],"author":[{"embeddable":true,"href":"https:\/\/blogs.ua.es\/mundoazteca\/wp-json\/wp\/v2\/users\/2164"}],"replies":[{"embeddable":true,"href":"https:\/\/blogs.ua.es\/mundoazteca\/wp-json\/wp\/v2\/comments?post=329"}],"version-history":[{"count":5,"href":"https:\/\/blogs.ua.es\/mundoazteca\/wp-json\/wp\/v2\/pages\/329\/revisions"}],"predecessor-version":[{"id":333,"href":"https:\/\/blogs.ua.es\/mundoazteca\/wp-json\/wp\/v2\/pages\/329\/revisions\/333"}],"wp:attachment":[{"href":"https:\/\/blogs.ua.es\/mundoazteca\/wp-json\/wp\/v2\/media?parent=329"}],"curies":[{"name":"wp","href":"https:\/\/api.w.org\/{rel}","templated":true}]}}