{"id":43,"date":"2011-10-11T14:24:32","date_gmt":"2011-10-11T14:24:32","guid":{"rendered":"https:\/\/blogs.ua.es\/mundoazteca\/?page_id=43"},"modified":"2011-12-17T18:54:43","modified_gmt":"2011-12-17T18:54:43","slug":"43-2","status":"publish","type":"page","link":"https:\/\/blogs.ua.es\/mundoazteca\/43-2\/","title":{"rendered":"Presentaci\u00f3n de los Aztecas"},"content":{"rendered":"<p style=\"text-align: justify\"><a href=\"https:\/\/blogs.ua.es\/mundoazteca\/files\/2011\/10\/l_texcoco1.jpg\"><img loading=\"lazy\" decoding=\"async\" class=\"aligncenter size-full wp-image-62\" src=\"https:\/\/blogs.ua.es\/mundoazteca\/files\/2011\/10\/l_texcoco1.jpg\" alt=\"\" width=\"400\" height=\"310\" srcset=\"https:\/\/blogs.ua.es\/mundoazteca\/files\/2011\/10\/l_texcoco1.jpg 400w, https:\/\/blogs.ua.es\/mundoazteca\/files\/2011\/10\/l_texcoco1-300x232.jpg 300w\" sizes=\"auto, (max-width: 400px) 100vw, 400px\" \/><\/a>Hace unos ochocientos a\u00f1os, una tribu errante penetr\u00f3 en un valle situado en la altiplanicie del pa\u00eds que hoy llamamos M\u00e9xico. Aquellas gentes se daban a s\u00ed mismas el nombre de mexicas, pero nosotros los conocemos por el nombre de aztecas. Llegaron a ser el pueblo m\u00e1s fuerte de todo el valle. Dieron a su pa\u00eds el nombre de An\u00e1huac, que quiere decir Tierra entre Aguas, y ejercieron su poder desde la capital, Tenochtitl\u00e1n. Se consideraban herederos leg\u00edtimos de los toltecas, los antiguos se\u00f1ores del valle.<\/p>\n<p style=\"text-align: justify\">Los aztecas se cre\u00edan guiados por el dios de su tribu, <em>Huitzilopochtli: <\/em>El colibr\u00ed de la Izquierda. Un dios guerrero que exig\u00eda sacrificios humanos.<br \/>\nLos sacerdotes llevaron consigo una imagen del dios durante el largo viaje que emprendieron en busca de una tierra donde asentarse. Obligados a avanzar sin descanso, anduvieron de un lado a otro durante casi doscientos a\u00f1os hasta que su dios les permiti\u00f3 detenerse en una isla infestada de mosquitos que se hallaba en medio de una laguna. Un \u00e1guila posada sobre un cacto mientras devoraba una serpiente sirvi\u00f3 de se\u00f1al para fijar el emplazamiento de su ciudad. Supieron que deb\u00edan quedarse ah\u00ed, porque el \u00e1guila era el s\u00edmbolo del sol que les daba la vida y el cacto significaba los corazones humanos que el dios reclamaba para vivir.<\/p>\n<p style=\"text-align: center\"><strong><em><span style=\"text-decoration: underline\">El Dios<br \/>\nHuitzilopochtli:<\/span><\/em><\/strong><em><\/em><strong>El Colibr\u00ed de la Izquierda<\/strong><\/p>\n<p style=\"text-align: justify\"><img loading=\"lazy\" decoding=\"async\" class=\"aligncenter size-medium wp-image-48\" src=\"https:\/\/blogs.ua.es\/mundoazteca\/files\/2011\/10\/613423azteca3xp02-204x300.jpg\" alt=\"\" width=\"200\" height=\"284\" \/><\/p>\n<p style=\"text-align: justify\">Tenochtitl\u00e1n fue fundada hacia el a\u00f1o 1325. Los aztecas emplearon<br \/>\nlos cien a\u00f1os siguientes en organizarse y en edificar su capital, que estaba<br \/>\ndividida en cuatro barrios con manzanas para cada grupo de familias y gremios de artesanos. Como carec\u00edan de tierra y de materias primas, los aztecas comerciaban con las tribus vecinas y se casaban con miembros de sus familias nobles. Pronto acabar\u00edan por apoderarse tambi\u00e9n de sus tierras. Hacia el a\u00f1o 1500 ya eran due\u00f1os de todo el valle, y Tenochtitl\u00e1n se convirti\u00f3 en centro de un fuerte poder militar. Veinte a\u00f1os m\u00e1s tarde, los aztecas a su vez ser\u00edan invadidos.<\/p>\n<p style=\"text-align: justify\">\n","protected":false},"excerpt":{"rendered":"<p>Hace unos ochocientos a\u00f1os, una tribu errante penetr\u00f3 en un valle situado en la altiplanicie del pa\u00eds que hoy llamamos M\u00e9xico. Aquellas gentes se daban a s\u00ed mismas el nombre de mexicas, pero nosotros los conocemos por el nombre de &hellip; <a href=\"https:\/\/blogs.ua.es\/mundoazteca\/43-2\/\">Continue reading <span class=\"meta-nav\">&rarr;<\/span><\/a><\/p>\n","protected":false},"author":2164,"featured_media":0,"parent":0,"menu_order":0,"comment_status":"open","ping_status":"open","template":"","meta":{"footnotes":""},"class_list":["post-43","page","type-page","status-publish","hentry"],"_links":{"self":[{"href":"https:\/\/blogs.ua.es\/mundoazteca\/wp-json\/wp\/v2\/pages\/43","targetHints":{"allow":["GET"]}}],"collection":[{"href":"https:\/\/blogs.ua.es\/mundoazteca\/wp-json\/wp\/v2\/pages"}],"about":[{"href":"https:\/\/blogs.ua.es\/mundoazteca\/wp-json\/wp\/v2\/types\/page"}],"author":[{"embeddable":true,"href":"https:\/\/blogs.ua.es\/mundoazteca\/wp-json\/wp\/v2\/users\/2164"}],"replies":[{"embeddable":true,"href":"https:\/\/blogs.ua.es\/mundoazteca\/wp-json\/wp\/v2\/comments?post=43"}],"version-history":[{"count":14,"href":"https:\/\/blogs.ua.es\/mundoazteca\/wp-json\/wp\/v2\/pages\/43\/revisions"}],"predecessor-version":[{"id":322,"href":"https:\/\/blogs.ua.es\/mundoazteca\/wp-json\/wp\/v2\/pages\/43\/revisions\/322"}],"wp:attachment":[{"href":"https:\/\/blogs.ua.es\/mundoazteca\/wp-json\/wp\/v2\/media?parent=43"}],"curies":[{"name":"wp","href":"https:\/\/api.w.org\/{rel}","templated":true}]}}