{"id":43,"date":"2011-12-29T19:45:30","date_gmt":"2011-12-29T19:45:30","guid":{"rendered":"https:\/\/blogs.ua.es\/museosalicantinos\/?page_id=43"},"modified":"2011-12-29T21:18:41","modified_gmt":"2011-12-29T21:18:41","slug":"presentacion","status":"publish","type":"page","link":"https:\/\/blogs.ua.es\/museosalicantinos\/presentacion\/","title":{"rendered":"Presentaci\u00f3n"},"content":{"rendered":"<p style=\"text-align: justify\">En la ciudad de Alicante podemos encontrar gran variedad de museos que nos ofrecen una amplia oferta de colecciones para poder visitar durante todo el a\u00f1o. A continuaci\u00f3n haremos una breve rese\u00f1a sobre cada uno de los museos.<\/p>\n<p style=\"text-align: justify\"><strong>Museo Arqueol\u00f3gico Provincial (MARQ)<\/strong><\/p>\n<p style=\"text-align: justify\">En este museo podemos hacer un recorrido por la historia de Alicante mediante \u00a0una muestra de las diferentes etapas de la historia desde el Paleol\u00edtico hasta la Cultura Moderna Contempor\u00e1nea.<\/p>\n<p style=\"text-align: justify\">Web: <a href=\"http:\/\/www.marqalicante.com\/\" target=\"_blank\">www.marqalicante.com<\/a><\/p>\n<p style=\"text-align: justify\"><strong>Museo de Bellas Artes Gravina (MUBAG)<\/strong><\/p>\n<p style=\"text-align: justify\">\u00a0Alberga grandes obras cedidas por la Diputaci\u00f3n Provincial de Alicante y est\u00e1 compuesto por obras de arte alicantino del periodo comprendido entre la Edad Media y las primeras d\u00e9cadas del s. XX.<\/p>\n<p style=\"text-align: justify\">Web: <a href=\"http:\/\/www.mubag.org\/\" target=\"_blank\">www.mubag.org<\/a><\/p>\n<p style=\"text-align: justify\"><strong>Museo de Arte Contempor\u00e1neo de Alicante (MACA)<\/strong><\/p>\n<p style=\"text-align: justify\">Encontramos importantes colecciones de arte del siglo XX, cuenta con obras donadas por los pintores Eusebio Sempere, Chillida, Picasso, Dal\u00ed y Mir\u00f3 entre otros.<\/p>\n<p style=\"text-align: justify\">Web: <a href=\"http:\/\/www.maca-alicante.com\/\" target=\"_blank\">www.maca-alicante.com<\/a><\/p>\n<p style=\"text-align: justify\"><strong>Museo de la Universidad de Alicante (MUA)<\/strong><\/p>\n<p style=\"text-align: justify\">Este museo lo podemos encontrar en el recinto de la Universidad de Alicante. Est\u00e1 dedicado principalmente al arte contempor\u00e1neo, es un espacio de dinamizaci\u00f3n y difusi\u00f3n cultural donde convergen el arte, la m\u00fasica, el teatro, el cina, la fotograf\u00eda, la arqueolog\u00eda y la investigaci\u00f3n.<\/p>\n<p style=\"text-align: justify\">\u00a0Web: <a href=\"http:\/\/www.mua.ua.es\/\" target=\"_blank\">www.mua.ua.es<\/a><\/p>\n<p style=\"text-align: justify\"><strong>Museo de la Ciudad de Alicante (MUSA)<\/strong><\/p>\n<p style=\"text-align: justify\">Integrado por cinco salas se compone de las siguientes \u00e1reas: el edificio cuerpo de Ingenieros, el antiguo hospital, la sala larga, sala de la mina o cuevas de los ingleses complementado con el aljibe. Estos museos representan la historia de la ciudad de Alicante mediante las exposiciones que albergan cada sala, representando as\u00ed a las gentes y acontecimientos de la \u00e9poca.<\/p>\n<p style=\"text-align: justify\"><strong>\u00a0<\/strong><strong>Museo de Fogueres<\/strong><\/p>\n<p style=\"text-align: justify\">El museo de les Fogueres est\u00e1 dedicado a la fiesta principal de la ciudad de Alicante. Muestra las diferentes etapas de evoluci\u00f3n que ha tenido esta fiesta. Tambi\u00e9n se pueden observar colecciones de los ninots indultados, maquetas de hogueras, trajes t\u00edpicos\u2026<\/p>\n<p style=\"text-align: justify\"><strong>Museo de Belenes<\/strong><\/p>\n<p style=\"text-align: justify\">Ofrece una exposici\u00f3n permanente de belenes como referente de la gran tradici\u00f3n belenista en Espa\u00f1a y del mundo. Cuenta con belenes de diferentes or\u00edgenes.<\/p>\n<p style=\"text-align: justify\">Web: <a href=\"http:\/\/www.alicante-ayto.es\/cultura\/home.html\" target=\"_blank\">www.alicante-ayto.es\/cultura\/home.html<\/a><\/p>\n<p style=\"text-align: justify\">\u00a0<strong>Museo Taurino<\/strong><\/p>\n<p style=\"text-align: justify\">Cuenta con una exposici\u00f3n permanente situada en las dependencias de la Plaza de Toros de la ciudad. En esta exposici\u00f3n podemos encontrar la cultura tauromaquia alicantina representada por los toreros como Vicente Blau, Jos\u00e9 Mar\u00eda Manzanares, Francisco Ant\u00f3n y Luis Francisco Espl\u00e1.<\/p>\n<p style=\"text-align: justify\"><strong>Museo de Aguas de Alicante<\/strong><\/p>\n<p style=\"text-align: justify\">Ubicado en el parque de la Ereta nos ofrece un espacio cultural y did\u00e1ctico donde podemos conocer la historia del agua en la ciudad. Junto al museo se encuentran los Pozos de Garrig\u00f3s que es otro atractivo tur\u00edstico y cultural.<\/p>\n<p style=\"text-align: justify\">Web: <a href=\"http:\/\/www.alicante-ayto.es\/cultura\/home.html\" target=\"_blank\">www.alicante-ayto.es\/cultura\/home.html<\/a><\/p>\n<p style=\"text-align: justify\">\u00a0<strong>Yacimiento Arqueol\u00f3gico Lucentum<\/strong><\/p>\n<p style=\"text-align: justify\"><strong>\u00a0<\/strong>Situado en el Tossal de Manises, podemos hallar restos arqueol\u00f3gicos de relevante importancia como referencia del periodo ibero-romano y que perteneci\u00f3 a la ciudad romana de Lucentum. Es uno de los yacimientos m\u00e1s importantes de la Comunidad Valenciana.<\/p>\n<p style=\"text-align: justify\">\u00a0<strong>Centro Cultural Las Cigarreras<\/strong><\/p>\n<p style=\"text-align: justify\">Es un conjunto arquitect\u00f3nico que destaca en todo el patrimonio urbano de la ciudad. Se realizan grandes representaciones de obras teatrales, conciertos de m\u00fasica y otras actuaciones.<\/p>\n<p>&nbsp;<\/p>\n<p>&nbsp;<\/p>\n<p>&nbsp;<\/p>\n<p>&nbsp;<\/p>\n<p>&nbsp;<\/p>\n<p>&nbsp;<\/p>\n<p>&nbsp;<\/p>\n<p>&nbsp;<\/p>\n<p>&nbsp;<\/p>\n<p>&nbsp;<\/p>\n<p>&nbsp;<\/p>\n<p>&nbsp;<\/p>\n<p>&nbsp;<\/p>\n<p>&nbsp;<\/p>\n<p>&nbsp;<\/p>\n<p>&nbsp;<\/p>\n<p>&nbsp;<\/p>\n<p>&nbsp;<\/p>\n","protected":false},"excerpt":{"rendered":"<p>En la ciudad de Alicante podemos encontrar gran variedad de museos que nos ofrecen una amplia oferta de colecciones para poder visitar durante todo el a\u00f1o. A continuaci\u00f3n haremos una breve rese\u00f1a sobre cada uno de los museos. Museo Arqueol\u00f3gico Provincial (MARQ) En este museo podemos hacer un recorrido por la historia de Alicante mediante [&hellip;]<\/p>\n","protected":false},"author":2480,"featured_media":0,"parent":0,"menu_order":1,"comment_status":"open","ping_status":"open","template":"","meta":{"footnotes":""},"class_list":["post-43","page","type-page","status-publish","hentry"],"_links":{"self":[{"href":"https:\/\/blogs.ua.es\/museosalicantinos\/wp-json\/wp\/v2\/pages\/43","targetHints":{"allow":["GET"]}}],"collection":[{"href":"https:\/\/blogs.ua.es\/museosalicantinos\/wp-json\/wp\/v2\/pages"}],"about":[{"href":"https:\/\/blogs.ua.es\/museosalicantinos\/wp-json\/wp\/v2\/types\/page"}],"author":[{"embeddable":true,"href":"https:\/\/blogs.ua.es\/museosalicantinos\/wp-json\/wp\/v2\/users\/2480"}],"replies":[{"embeddable":true,"href":"https:\/\/blogs.ua.es\/museosalicantinos\/wp-json\/wp\/v2\/comments?post=43"}],"version-history":[{"count":7,"href":"https:\/\/blogs.ua.es\/museosalicantinos\/wp-json\/wp\/v2\/pages\/43\/revisions"}],"predecessor-version":[{"id":45,"href":"https:\/\/blogs.ua.es\/museosalicantinos\/wp-json\/wp\/v2\/pages\/43\/revisions\/45"}],"wp:attachment":[{"href":"https:\/\/blogs.ua.es\/museosalicantinos\/wp-json\/wp\/v2\/media?parent=43"}],"curies":[{"name":"wp","href":"https:\/\/api.w.org\/{rel}","templated":true}]}}