{"id":55,"date":"2011-12-29T21:13:58","date_gmt":"2011-12-29T21:13:58","guid":{"rendered":"https:\/\/blogs.ua.es\/museosalicantinos\/?page_id=55"},"modified":"2012-01-13T12:31:44","modified_gmt":"2012-01-13T12:31:44","slug":"referencias-publicadas-2","status":"publish","type":"page","link":"https:\/\/blogs.ua.es\/museosalicantinos\/referencias-publicadas-2\/","title":{"rendered":"Referencias"},"content":{"rendered":"<p><a href=\"https:\/\/blogs.ua.es\/museosalicantinos\/2011\/12\/29\/guia-del-museo-de-bellas-artes-gravina\/\" target=\"_blank\">1) Gu\u00eda del Museo de Bellas Artes Gravina.<\/a><\/p>\n<p><a href=\"https:\/\/blogs.ua.es\/museosalicantinos\/2012\/01\/03\/marq-arqueologia-y-museos\/\" target=\"_blank\">2) Marq, arqueolog\u00eda y museos.<\/a><\/p>\n<p><a href=\"https:\/\/blogs.ua.es\/museosalicantinos\/2012\/01\/08\/actos-culturales-en-el-museo-taurino-de-alicante\/\" target=\"_blank\">3) Actos culturales en el Museo Taurino de Alicante.<\/a><\/p>\n<p><a href=\"https:\/\/blogs.ua.es\/museosalicantinos\/2012\/01\/08\/dia-internacional-de-los-museos\/\" target=\"_blank\">4) D\u00eda internacional de los museos con el MARQ y el MUBAG.<\/a><\/p>\n<p><a href=\"5) El MARQ desvela 'El enigma de la momia'.\" target=\"_blank\">5) El MARQ desvela &#8216;El enigma de la momia&#8217;.<\/a><\/p>\n<p><a href=\"https:\/\/blogs.ua.es\/museosalicantinos\/2012\/01\/09\/10-anos-de-mubag\/\" target=\"_blank\">6) 10 a\u00f1os de MUBAG.<\/a><\/p>\n<p><a href=\"https:\/\/blogs.ua.es\/museosalicantinos\/2012\/01\/09\/exposicion-de-figuras-de-la-necropolis-de-la-albufera\/\" target=\"_blank\">7) Exposici\u00f3n de figuras de la necr\u00f3polis de la Albufera.<\/a><\/p>\n<p><a href=\"https:\/\/blogs.ua.es\/museosalicantinos\/2012\/01\/12\/burbujas-de-luz-en-los-pozos-de-garrigos\/\" target=\"_blank\">8 ) Burbujas de luz en los pozos de Garrig\u00f3s.<\/a><\/p>\n<p><a href=\"https:\/\/blogs.ua.es\/museosalicantinos\/2012\/01\/12\/arqueologia-de-calpe-en-el-marq\/\" target=\"_blank\">9) Arqueolog\u00eda de Calpe en el MARQ.<\/a><\/p>\n<p><a href=\"https:\/\/blogs.ua.es\/museosalicantinos\/2012\/01\/12\/web-del-patronato-muncipal-de-turismo-de-alicante\/\" target=\"_blank\">10) Web del patronato municipal de turismo de Alicante.<\/a><\/p>\n<p><a href=\"https:\/\/blogs.ua.es\/museosalicantinos\/2012\/01\/12\/colecciones-permanentes-en-el-maca\/\" target=\"_blank\">11) Colecciones permanentes en el MACA.<\/a><\/p>\n<p><a href=\"https:\/\/blogs.ua.es\/museosalicantinos\/2012\/01\/12\/museo-del-del-castillo-de-alicante\/\" target=\"_blank\">12) Museo del castillo de Alicante.<\/a><\/p>\n<p><a href=\"https:\/\/blogs.ua.es\/museosalicantinos\/2012\/01\/12\/cartel-de-la-exposicion-ermitage\/\" target=\"_blank\">13) Cartel de la exposici\u00f3n Ermitage.<\/a><\/p>\n<p><a href=\"https:\/\/blogs.ua.es\/museosalicantinos\/2012\/01\/12\/nueva-obra-de-arte-en-el-mubag\/\" target=\"_blank\">14) Nueva obra de arte en el MUBAG.<\/a><\/p>\n<p><a href=\"https:\/\/blogs.ua.es\/museosalicantinos\/2012\/01\/12\/exposicion-en-el-mua\/\" target=\"_blank\">15) Exposici\u00f3n en el Mua.<\/a><\/p>\n<p><a href=\"https:\/\/blogs.ua.es\/museosalicantinos\/2012\/01\/12\/museo-de-belenes\/\" target=\"_blank\">16) Museo de belenes.<\/a><\/p>\n<p><a href=\"https:\/\/blogs.ua.es\/museosalicantinos\/2012\/01\/13\/yacimiento-arqueologico-lucentum\/\" target=\"_blank\">17) Yacimiento arqueol\u00f3gico de Lucentum.<\/a><\/p>\n<p><a href=\"https:\/\/blogs.ua.es\/museosalicantinos\/2012\/01\/13\/programacion-de-las-cigarreras\/\" target=\"_blank\">18) Programaci\u00f3n de las Cigarreras.<\/a><\/p>\n<p><a href=\"https:\/\/blogs.ua.es\/museosalicantinos\/2012\/01\/13\/marq-en-imagenes\/\" target=\"_blank\">19) MARQ en im\u00e1genes.<\/a><\/p>\n<p><a href=\"https:\/\/blogs.ua.es\/museosalicantinos\/2012\/01\/13\/gran-exito-del-ermitage\/\" target=\"_blank\">20) Gran \u00e9xito del Ermitage.<\/a><\/p>\n<p>&nbsp;<\/p>\n<p>&nbsp;<\/p>\n<p>&nbsp;<\/p>\n<p>&nbsp;<\/p>\n<p>&nbsp;<\/p>\n<p>&nbsp;<\/p>\n<p>&nbsp;<\/p>\n<p>&nbsp;<\/p>\n<p>&nbsp;<\/p>\n<p>&nbsp;<\/p>\n","protected":false},"excerpt":{"rendered":"<p>1) Gu\u00eda del Museo de Bellas Artes Gravina. 2) Marq, arqueolog\u00eda y museos. 3) Actos culturales en el Museo Taurino de Alicante. 4) D\u00eda internacional de los museos con el MARQ y el MUBAG. 5) El MARQ desvela &#8216;El enigma de la momia&#8217;. 6) 10 a\u00f1os de MUBAG. 7) Exposici\u00f3n de figuras de la necr\u00f3polis [&hellip;]<\/p>\n","protected":false},"author":2480,"featured_media":0,"parent":0,"menu_order":5,"comment_status":"open","ping_status":"open","template":"","meta":{"footnotes":""},"class_list":["post-55","page","type-page","status-publish","hentry"],"_links":{"self":[{"href":"https:\/\/blogs.ua.es\/museosalicantinos\/wp-json\/wp\/v2\/pages\/55","targetHints":{"allow":["GET"]}}],"collection":[{"href":"https:\/\/blogs.ua.es\/museosalicantinos\/wp-json\/wp\/v2\/pages"}],"about":[{"href":"https:\/\/blogs.ua.es\/museosalicantinos\/wp-json\/wp\/v2\/types\/page"}],"author":[{"embeddable":true,"href":"https:\/\/blogs.ua.es\/museosalicantinos\/wp-json\/wp\/v2\/users\/2480"}],"replies":[{"embeddable":true,"href":"https:\/\/blogs.ua.es\/museosalicantinos\/wp-json\/wp\/v2\/comments?post=55"}],"version-history":[{"count":8,"href":"https:\/\/blogs.ua.es\/museosalicantinos\/wp-json\/wp\/v2\/pages\/55\/revisions"}],"predecessor-version":[{"id":212,"href":"https:\/\/blogs.ua.es\/museosalicantinos\/wp-json\/wp\/v2\/pages\/55\/revisions\/212"}],"wp:attachment":[{"href":"https:\/\/blogs.ua.es\/museosalicantinos\/wp-json\/wp\/v2\/media?parent=55"}],"curies":[{"name":"wp","href":"https:\/\/api.w.org\/{rel}","templated":true}]}}