{"id":33,"date":"2012-01-12T19:13:35","date_gmt":"2012-01-12T19:13:35","guid":{"rendered":"https:\/\/blogs.ua.es\/museosprovincialicante\/?page_id=33"},"modified":"2012-01-16T17:10:31","modified_gmt":"2012-01-16T17:10:31","slug":"recursos-de-informacion-consultados","status":"publish","type":"page","link":"https:\/\/blogs.ua.es\/museosprovincialicante\/recursos-de-informacion-consultados\/","title":{"rendered":"Recursos de informaci\u00f3n"},"content":{"rendered":"<p>Para la composici\u00f3n de este blog hemos recurrido a la consulta de numerosas fuentes:<\/p>\n<p>&#8211; Bibliotecas de la Universidad de Alicante.<\/p>\n<p>-Numerosas\u00a0p\u00e1ginas web.<\/p>\n<p>-RUA, Repositorio Institucional de la Universidad de Alicante. .<\/p>\n<p>-Gu\u00edas tur\u00edsticas.<\/p>\n","protected":false},"excerpt":{"rendered":"<p>Para la composici\u00f3n de este blog hemos recurrido a la consulta de numerosas fuentes: &#8211; Bibliotecas de la Universidad de Alicante. -Numerosas\u00a0p\u00e1ginas web. -RUA, Repositorio Institucional de la Universidad de Alicante. . -Gu\u00edas tur\u00edsticas.<\/p>\n","protected":false},"author":2587,"featured_media":0,"parent":0,"menu_order":0,"comment_status":"open","ping_status":"open","template":"","meta":{"footnotes":""},"class_list":["post-33","page","type-page","status-publish","hentry"],"_links":{"self":[{"href":"https:\/\/blogs.ua.es\/museosprovincialicante\/wp-json\/wp\/v2\/pages\/33","targetHints":{"allow":["GET"]}}],"collection":[{"href":"https:\/\/blogs.ua.es\/museosprovincialicante\/wp-json\/wp\/v2\/pages"}],"about":[{"href":"https:\/\/blogs.ua.es\/museosprovincialicante\/wp-json\/wp\/v2\/types\/page"}],"author":[{"embeddable":true,"href":"https:\/\/blogs.ua.es\/museosprovincialicante\/wp-json\/wp\/v2\/users\/2587"}],"replies":[{"embeddable":true,"href":"https:\/\/blogs.ua.es\/museosprovincialicante\/wp-json\/wp\/v2\/comments?post=33"}],"version-history":[{"count":4,"href":"https:\/\/blogs.ua.es\/museosprovincialicante\/wp-json\/wp\/v2\/pages\/33\/revisions"}],"predecessor-version":[{"id":65,"href":"https:\/\/blogs.ua.es\/museosprovincialicante\/wp-json\/wp\/v2\/pages\/33\/revisions\/65"}],"wp:attachment":[{"href":"https:\/\/blogs.ua.es\/museosprovincialicante\/wp-json\/wp\/v2\/media?parent=33"}],"curies":[{"name":"wp","href":"https:\/\/api.w.org\/{rel}","templated":true}]}}