{"id":161,"date":"2013-01-28T11:39:04","date_gmt":"2013-01-28T11:39:04","guid":{"rendered":"https:\/\/blogs.ua.es\/nachocanut\/?page_id=161"},"modified":"2013-01-28T17:34:02","modified_gmt":"2013-01-28T17:34:02","slug":"nacho-canut","status":"publish","type":"page","link":"https:\/\/blogs.ua.es\/nachocanut\/nacho-canut\/","title":{"rendered":"Nacho Canut"},"content":{"rendered":"<p><strong>Ignacio Canut Guill\u00e9n<\/strong>, m\u00e1s conocido como\u00a0<strong>Nacho Canut<\/strong>, es un\u00a0compositor\u00a0y\u00a0bajista\u00a0espa\u00f1ol, nacido el\u00a05 de junio\u00a0de\u00a01957\u00a0en\u00a0Valencia.<\/p>\n<h3>1977-1982: Durante\u00a0La Movida<\/h3>\n<p><a href=\"https:\/\/blogs.ua.es\/nachocanut\/files\/2013\/01\/nacho-canut.jpg\"><img loading=\"lazy\" decoding=\"async\" class=\"alignleft size-full wp-image-165\" src=\"https:\/\/blogs.ua.es\/nachocanut\/files\/2013\/01\/nacho-canut.jpg\" alt=\"\" width=\"276\" height=\"182\" \/><\/a>A finales de\u00a01970 Nacho Canut, Alaska,\u00a0Carlos Berlanga\u00a0y\u00a0Enrique Sierra formaron uno de los primeros grupos\u00a0Punk\u00a0en Espa\u00f1a, Kaka de Luxe.<\/p>\n<p>Tras la repentina separaci\u00f3n de\u00a0Kaka de Luxe, Canut\u00a0form\u00f3\u00a0en 1979 \u00a0otro grupo de mayor \u00e9xito, Alaska y los Pegamoides, \u00a0junto a\u00a0Alaska,Carlos Berlanga,\u00a0Ana Curra\u00a0y\u00a0Eduardo Benavente, lanzando el \u00e9xito\u00a0<em>&#8220;Bailando&#8221;<\/em>\u00a0y otras canciones como\u00a0<em>&#8220;Horror en el Hipermercado&#8221;<\/em>\u00a0o\u00a0<em>&#8220;El jard\u00edn&#8221;,<\/em>\u00a0que fue el \u00faltimo sencillo del grupo. Adem\u00e1s, tambi\u00e9n obtuvieron \u00e9xito con el lanzamiento de la pel\u00edcula\u00a0<em>Pepi, Luci, Bom y otras chicas del mont\u00f3n,<\/em>\u00a0de\u00a0Pedro Almod\u00f3var,\u00a0en la cual aparec\u00eda la vocalista\u00a0Alaska\u00a0interpretando \u00a0canciones como\u00a0<em>&#8220;Murciana Marrana&#8221;<\/em>\u00a0(1979).<\/p>\n<p>Tambi\u00e9n form\u00f3 un grupo paralelo llamado\u00a0Paralisis Permanente\u00a0junto a otros miembros de\u00a0Alaska y los Pegamoides, que lanzaron el \u00e9xito\u00a0<em>&#8220;Quiero ser santa&#8221;<\/em>\u00a0(1982). El grupo se disolvi\u00f3 un a\u00f1o despu\u00e9s debido a la muerte de Eduardo y la disoluci\u00f3n de Pegamoides.<\/p>\n<h3>1982 -1989: Junto a\u00a0Alaska y Dinarama<\/h3>\n<p><a href=\"https:\/\/blogs.ua.es\/nachocanut\/files\/2013\/01\/Alaska-Y-Dinarama.jpg\"><img loading=\"lazy\" decoding=\"async\" class=\"alignleft size-thumbnail wp-image-177\" src=\"https:\/\/blogs.ua.es\/nachocanut\/files\/2013\/01\/Alaska-Y-Dinarama-290x290.jpg\" alt=\"\" width=\"290\" height=\"290\" \/><\/a>Tras la disoluci\u00f3n de\u00a0Pegamoides,\u00a0<strong>Nacho Canut<\/strong>,\u00a0Carlos Berlanga\u00a0y un poco m\u00e1s tarde\u00a0Alaska\u00a0decidieron formar un nuevo grupo de un estilo m\u00e1s\u00a0Pop rock\u00a0y\u00a0Disco. Al principio tuvo otros nombres como: Dynarama (en los primeros conciertos), Dinarama (+ Alaska) y finalmente\u00a0Alaska y Dinarama.<\/p>\n<p>Despu\u00e9s del cambio se lanz\u00f3 un \u00e1lbum titulado\u00a0<em>Canciones profanas<\/em>\u00a0en\u00a01983. Otras grandes canciones que se lanzaron como sencillo fueron\u00a0<em>&#8220;Crisis&#8221;<\/em>,\u00a0<em>&#8220;Perlas ensangrentadas&#8221;<\/em>,\u00a0<em>&#8220;Deja de bailar&#8221;<\/em>\u00a0y, finalmente,\u00a0<em>&#8220;Rey del Glam&#8221;<\/em>.<\/p>\n<p>En\u00a01984\u00a0lleg\u00f3 el \u00e9xito &#8220;Ni t\u00fa ni nadie&#8221;, que acompa\u00f1aba al gran \u00e1lbum\u00a0<em>Deseo carnal.<\/em>\u00a0Tuvo gran \u00e9xito entre la juventud debido a la integraci\u00f3n de\u00a0Olvido\u00a0en el programa infantil\u00a0<em>La bola de cristal,<\/em>\u00a0lo que hizo que la gente se interesase m\u00e1s por el grupo. Tambi\u00e9n otros sencillos fueron un \u00e9xito como\u00a0<em>&#8220;Un hombre de verdad&#8221;<\/em>\u00a0(1985) o\u00a0<em>&#8220;C\u00f3mo pudiste hacerme esto a m\u00ed&#8221;<\/em>\u00a0(1984).<\/p>\n<p>1985\u00a0fue un a\u00f1o de descanso en el que el grupo lanz\u00f3 la banda sonora del programa\u00a0<em>La bola de cristal<\/em>\u00a0y, un a\u00f1o m\u00e1s tarde, el popular sencillo,\u00a0<em>&#8220;A qui\u00e9n le importa&#8221;&#8216;, inclu\u00eddo en el nuevo \u00e1lbum<\/em>\u00a0<em>No es pecado,<\/em>\u00a0que tambi\u00e9n ten\u00eda otros sencillos como\u00a0<em>&#8220;La funcionaria asesina&#8221; (1986),<\/em>\u00a0&#8220;S\u00f3lo creo lo que veo&#8221;\u00a0<em>(1986) y<\/em>\u00a0&#8220;Un mill\u00f3n de hormigas&#8221;\u00a0<em>(1987).<\/em><\/p>\n<p>En\u00a01989 publican un disco con nuevas influencias Acid, con tres sencillos:\u00a0<em>&#8220;Mi novio es un Zombi&#8221;<\/em>\u00a0(canci\u00f3n del grupo paralelo de Nacho\u00a0Los Vegetales),\u00a0<em>&#8220;Quiero ser santa&#8221;<\/em>\u00a0(canci\u00f3n del grupo paralelo de\u00a0Eduardo Benavente\u00a0y\u00a0<strong>Nacho Canut<\/strong>) y finalmente\u00a0<em>&#8220;Descong\u00e9late&#8221;<\/em>\u00a0(tambi\u00e9n inclu\u00eddo en la banda sonora de la pel\u00edcula &#8220;Descong\u00e9late&#8221;). A finales de\u00a01989, el grupo hizo un concierto y, tras unas desavenencias entre los componentes, se disolvi\u00f3.<\/p>\n<h3>1989-presente: Con\u00a0Fangoria<\/h3>\n<p><a href=\"https:\/\/blogs.ua.es\/nachocanut\/files\/2013\/01\/Alaska_Nacho_Canut_forman_Fangoria.jpg\"><img loading=\"lazy\" decoding=\"async\" class=\"alignleft size-thumbnail wp-image-167\" src=\"https:\/\/blogs.ua.es\/nachocanut\/files\/2013\/01\/Alaska_Nacho_Canut_forman_Fangoria-290x277.jpg\" alt=\"\" width=\"290\" height=\"277\" \/><\/a>En la fiesta de Halloween de\u00a01989\u00a0se present\u00f3 un nuevo grupo llamado &#8220;Alaska y Fangoria&#8221;, que m\u00e1s tarde se acabar\u00eda llamando\u00a0Fangoria, en el que participaban los miembros de\u00a0Dinarama\u00a0a excepci\u00f3n de Carlos Berlanga, quien decidi\u00f3 marcharse. Un a\u00f1o despu\u00e9s Fangoria dio un concierto interpretando \u00e9xitos de otros grupos anteriores como:\u00a0<em>&#8220;Quiero ser santa&#8221;<\/em>,\u00a0<em>&#8220;La mosca muerta&#8221;<\/em>\u00a0o<em>&#8220;Descong\u00e9late&#8221;<\/em>. Adem\u00e1s de estas tambi\u00e9n interpretaron un par de maquetas t\u00edtuladas:\u00a0<em>&#8220;Nunca tiro a dar&#8221;<\/em>\u00a0y\u00a0<em>&#8220;Perdiendo el tiempo&#8221;<\/em>.<\/p>\n<p>Durante ese mismo a\u00f1o\u00a0Fangoria\u00a0(ya sin la mayor\u00eda de integrantes de\u00a0Dinarama) lanz\u00f3 un sencillo t\u00edtulado\u00a0<em>&#8220;En mi prisi\u00f3n&#8221;,<\/em>\u00a0que estar\u00eda inclu\u00eddo en el nuevo \u00e1lbum\u00a0<em>Salto mortal<\/em>.\u00a0<em>&#8220;Hagamos algo superficial y vulgar&#8221;<\/em>\u00a0y\u00a0<em>&#8220;Punto y final&#8221;<\/em>\u00a0fueron los dos siguientes sencillos del grupo durante la etapa de\u00a01991.<\/p>\n<p>Tras la etapa\u00a0<em>Post-Dinarama,<\/em>\u00a0el grupo cre\u00f3 una discogr\u00e1fica propia donde grabar\u00edan m\u00e1s tarde una serie de\u00a0temas t\u00edtulados\u00a0<em>Un d\u00eda cualquiera en Vulcano<\/em> <em>S.E.P. 1.0<\/em>,\u00a0<em>Un d\u00eda cualquiera en Vulcano S.E.P. 2.0<\/em>,\u00a0<em>Un d\u00eda cualquiera en Vulcano S.E.P. 3.0<\/em>\u00a0y, finalmente,\u00a0<em>A la felicidad por la electr\u00f3nica, entre<\/em>\u00a01992 y 1996. Algunos de los sencillos m\u00e1s celebrados de estos discos fue<em>&#8220;S\u00e1lvame&#8221;&#8216; y<\/em>\u00a0&#8220;En la Disneylandia del amor&#8221;<em>.<\/em><\/p>\n<p>La etapa que dura de\u00a01996\u00a0hasta\u00a01997\u00a0no tiene mayor intriga debido a que ofrecen pocas actuaciones. En\u00a01996,\u00a0Alaska\u00a0y\u00a0<strong>Nacho Canut<\/strong>\u00a0decidieron grabar la BSO de la pel\u00edcula espa\u00f1ola &#8220;La lengua asesina&#8221;, de donde se sac\u00f3 el sencillo\u00a0<em>&#8220;La lengua asesina&#8221;<\/em>\u00a0(1996). Adem\u00e1s de su participaci\u00f3n en la banda sonora, un a\u00f1o m\u00e1s tarde Fangoria interpret\u00f3 junto a un mito del romanticismo como Camilo Sesto sus \u00e9xitos\u00a0<em>&#8220;Vivir as\u00ed es morir de amor&#8221;<\/em>\u00a0y\u00a0<em>&#8220;El amor de mi vida&#8221;<\/em>\u00a0para un programa de televisi\u00f3n. Un a\u00f1o m\u00e1s en el que Fangoria se mantiene en el\u00a0<em>Underground<\/em>,\u00a0<em>Interferencias<\/em>\u00a0(1998) se titular\u00eda el \u00e1lbum de versiones del grupo. Aqu\u00ed se conten\u00eda varios \u00e9xitos como\u00a0<em>&#8220;Interferencias&#8221;,<\/em>\u00a0de\u00a0Radio Futura, o\u00a0<em>&#8220;Mi gran noche&#8221;,<\/em>\u00a0de\u00a0Raphael. De este \u00e1lbum no se lanz\u00f3 ningun sencillo debido al poco presupuesto del grupo aunque el \u00e1lbum tuvo gran \u00e9xito entre el publico.<\/p>\n<p>Por fin llegar\u00eda el \u00e9xito para el grupo con el \u00e1lbum\u00a0<em>Una temporada en el infierno,<\/em>\u00a0que recog\u00eda canciones m\u00e1s melanc\u00f3licas y m\u00e1s\u00a0pop. Esto se puede apreciar en las canciones\u00a0<em>&#8220;Electricistas&#8221;<\/em>,\u00a0<em>&#8220;Me odio cuando miento&#8221;<\/em>\u00a0o\u00a0<em>&#8220;Cierra los ojos&#8221;<\/em>. En el mismo a\u00f1o participaron en\u00a0Radio 3\u00a0cantando algunas de las canciones del \u00e1lbum y un a\u00f1o depu\u00e9s en\u00a0S\u00f3nar\u00a0cantando algunas de las canciones de Dinarama.<\/p>\n<p>No ser\u00eda menos exitosa la etapa de\u00a02001\u00a0a\u00a02003.\u00a0<em>&#8220;<\/em>Naturaleza muerta<em>&#8221; <\/em>arras\u00f3 en las listas con los \u00e9xitos\u00a0&#8220;No s\u00e9 qu\u00e9 me das&#8221;<em>,<\/em>\u00a0&#8220;Hombres&#8221;\u00a0<em>y<\/em>\u00a0&#8220;Eternamente inocente&#8221;<em>.<\/em>\u00a0Participaron en varios programas alcanzando un \u00e9xito sin precedentes, lo que les dio el empuj\u00f3n para lanzar otro \u00e1lbum exitoso.<\/p>\n<p><a href=\"https:\/\/blogs.ua.es\/nachocanut\/files\/2013\/01\/Nacho-Canut_grande.jpg\"><img loading=\"lazy\" decoding=\"async\" class=\"alignleft  wp-image-168\" src=\"https:\/\/blogs.ua.es\/nachocanut\/files\/2013\/01\/Nacho-Canut_grande-290x290.jpg\" alt=\"\" width=\"261\" height=\"261\" \/><\/a><\/p>\n<p>Curiosidades<\/p>\n<ul>\n<li>Tiene influencias como\u00a0David Bowie,\u00a0Ramones\u00a0y el\u00a0Travestismo.<\/li>\n<li>Debido a las discusiones que tuvo con\u00a0Carlos Berlanga,\u00a0Alaska y Dinarama\u00a0se disolvi\u00f3 y apareci\u00f3\u00a0Fangoria\u00a0(aunque despu\u00e9s Berlanga, Nacho y Alaska volvieron a trabajar juntos).<\/li>\n<li>Ha escrito casi todas las canciones de\u00a0Pegamoides\u00a0y\u00a0Dinarama\u00a0junto a\u00a0Carlos Berlanga.<\/li>\n<li>Ha formado grupos alternativos como:\u00a0Par\u00e1lisis Permanente,\u00a0Los Vegetales\u00a0e Intronautas.<\/li>\n<\/ul>\n","protected":false},"excerpt":{"rendered":"<p>Ignacio Canut Guill\u00e9n, m\u00e1s conocido como\u00a0Nacho Canut, es un\u00a0compositor\u00a0y\u00a0bajista\u00a0espa\u00f1ol, nacido el\u00a05 de junio\u00a0de\u00a01957\u00a0en\u00a0Valencia. 1977-1982: Durante\u00a0La Movida A finales de\u00a01970 Nacho Canut, Alaska,\u00a0Carlos Berlanga\u00a0y\u00a0Enrique Sierra formaron uno de los primeros grupos\u00a0Punk\u00a0en Espa\u00f1a, Kaka de Luxe. Tras la repentina separaci\u00f3n de\u00a0Kaka de &hellip; <a href=\"https:\/\/blogs.ua.es\/nachocanut\/nacho-canut\/\">Continue reading <span class=\"meta-nav\">&rarr;<\/span><\/a><\/p>\n","protected":false},"author":2866,"featured_media":0,"parent":0,"menu_order":0,"comment_status":"open","ping_status":"open","template":"","meta":{"footnotes":""},"class_list":["post-161","page","type-page","status-publish","hentry"],"_links":{"self":[{"href":"https:\/\/blogs.ua.es\/nachocanut\/wp-json\/wp\/v2\/pages\/161","targetHints":{"allow":["GET"]}}],"collection":[{"href":"https:\/\/blogs.ua.es\/nachocanut\/wp-json\/wp\/v2\/pages"}],"about":[{"href":"https:\/\/blogs.ua.es\/nachocanut\/wp-json\/wp\/v2\/types\/page"}],"author":[{"embeddable":true,"href":"https:\/\/blogs.ua.es\/nachocanut\/wp-json\/wp\/v2\/users\/2866"}],"replies":[{"embeddable":true,"href":"https:\/\/blogs.ua.es\/nachocanut\/wp-json\/wp\/v2\/comments?post=161"}],"version-history":[{"count":10,"href":"https:\/\/blogs.ua.es\/nachocanut\/wp-json\/wp\/v2\/pages\/161\/revisions"}],"predecessor-version":[{"id":164,"href":"https:\/\/blogs.ua.es\/nachocanut\/wp-json\/wp\/v2\/pages\/161\/revisions\/164"}],"wp:attachment":[{"href":"https:\/\/blogs.ua.es\/nachocanut\/wp-json\/wp\/v2\/media?parent=161"}],"curies":[{"name":"wp","href":"https:\/\/api.w.org\/{rel}","templated":true}]}}