{"id":22,"date":"2013-01-10T18:00:32","date_gmt":"2013-01-10T18:00:32","guid":{"rendered":"https:\/\/blogs.ua.es\/nachoduato\/?page_id=22"},"modified":"2013-01-25T00:07:21","modified_gmt":"2013-01-25T00:07:21","slug":"presentacion-del-blog","status":"publish","type":"page","link":"https:\/\/blogs.ua.es\/nachoduato\/presentacion-del-blog\/","title":{"rendered":"Presentaci\u00f3n del blog"},"content":{"rendered":"<p><img loading=\"lazy\" decoding=\"async\" class=\"size-medium wp-image-36 alignleft\" src=\"https:\/\/blogs.ua.es\/nachoduato\/files\/2013\/01\/12681296473621-300x192.jpg\" alt=\"\" width=\"300\" height=\"192\" srcset=\"https:\/\/blogs.ua.es\/nachoduato\/files\/2013\/01\/12681296473621-300x192.jpg 300w, https:\/\/blogs.ua.es\/nachoduato\/files\/2013\/01\/12681296473621.jpg 550w\" sizes=\"auto, (max-width: 300px) 100vw, 300px\" \/>Bienvenidos a mi blog.<\/p>\n<p>Soy <strong>Alba Mar\u00eda Fern\u00e1ndez<\/strong>, estudiante de primer curso de <strong>Humanidades<\/strong> en la <strong>Universidad de Alicante<\/strong>, y pretendo crear este blog dedicado al bailar\u00edn y core\u00f3grafo <strong>Nacho Duato<\/strong> para la asignatura de <strong>Fuentes y Documentos para la Historia<\/strong>.<\/p>\n<p>Su objetivo es dar un repaso a la vida del bailar\u00edn, deteni\u00e9ndonos en los puntos m\u00e1s importantes de su carrera como su libro <em>El placer de la danza<\/em>, las compa\u00f1\u00edas en las que ha trabajado, sus trabajos en televisi\u00f3n, sus premios y un largo etc\u00e9tera.<\/p>\n<p>Si quieres adentrarte en el m\u00e1gico mundo de la danza junto a Nacho Duato, sigue leyendo\u00a0<span style=\"font-size: 16px\">porque <\/span><strong>\u00e9ste es tu blog<\/strong><span style=\"font-size: 16px\">.<\/span><\/p>\n","protected":false},"excerpt":{"rendered":"<p>Bienvenidos a mi blog. Soy Alba Mar\u00eda Fern\u00e1ndez, estudiante de primer curso de Humanidades en la Universidad de Alicante, y pretendo crear este blog dedicado al bailar\u00edn y core\u00f3grafo Nacho Duato para la asignatura de Fuentes y Documentos para la &hellip; <a href=\"https:\/\/blogs.ua.es\/nachoduato\/presentacion-del-blog\/\">Continue reading <span class=\"meta-nav\">&rarr;<\/span><\/a><\/p>\n","protected":false},"author":2865,"featured_media":0,"parent":0,"menu_order":0,"comment_status":"open","ping_status":"open","template":"","meta":{"footnotes":""},"class_list":["post-22","page","type-page","status-publish","hentry"],"_links":{"self":[{"href":"https:\/\/blogs.ua.es\/nachoduato\/wp-json\/wp\/v2\/pages\/22","targetHints":{"allow":["GET"]}}],"collection":[{"href":"https:\/\/blogs.ua.es\/nachoduato\/wp-json\/wp\/v2\/pages"}],"about":[{"href":"https:\/\/blogs.ua.es\/nachoduato\/wp-json\/wp\/v2\/types\/page"}],"author":[{"embeddable":true,"href":"https:\/\/blogs.ua.es\/nachoduato\/wp-json\/wp\/v2\/users\/2865"}],"replies":[{"embeddable":true,"href":"https:\/\/blogs.ua.es\/nachoduato\/wp-json\/wp\/v2\/comments?post=22"}],"version-history":[{"count":5,"href":"https:\/\/blogs.ua.es\/nachoduato\/wp-json\/wp\/v2\/pages\/22\/revisions"}],"predecessor-version":[{"id":35,"href":"https:\/\/blogs.ua.es\/nachoduato\/wp-json\/wp\/v2\/pages\/22\/revisions\/35"}],"wp:attachment":[{"href":"https:\/\/blogs.ua.es\/nachoduato\/wp-json\/wp\/v2\/media?parent=22"}],"curies":[{"name":"wp","href":"https:\/\/api.w.org\/{rel}","templated":true}]}}