{"id":26,"date":"2013-01-10T18:02:04","date_gmt":"2013-01-10T18:02:04","guid":{"rendered":"https:\/\/blogs.ua.es\/nachoduato\/?page_id=26"},"modified":"2013-01-25T00:09:11","modified_gmt":"2013-01-25T00:09:11","slug":"explicacion-general-del-tema","status":"publish","type":"page","link":"https:\/\/blogs.ua.es\/nachoduato\/explicacion-general-del-tema\/","title":{"rendered":"Explicaci\u00f3n general del tema"},"content":{"rendered":"<p>El tema sobre el que trata este blog es, a rasgos generales, la vida y trayectoria profesional del bailar\u00edn y core\u00f3grafo valenciano Nacho Duato.<\/p>\n<p><strong>Nacho Duato<\/strong> comenz\u00f3 su formaci\u00f3n profesional en la Rambert School de Londres, y posteriormente estudi\u00f3 en la Mudra School de Maurice B\u00e9jart en Bruselas y en The Alvin Ailey American Dance Centre de Nueva York.<\/p>\n<p>Desde ese momento ha cosechado numerosos \u00e9xitos tanto en su faceta de bailar\u00edn como en la de core\u00f3grafo, y es due\u00f1o de un largo n\u00famero de galardones y premios como el Primer premio del Concurso Coreogr\u00e1fico Internacional de Colonia (1983); VSCD Gouden Dansprijs (Premio de Oro de la Danza, 1987); Caballero de la Orden de las Artes y las Letras, otorgado por la Embajada de Francia en Espa\u00f1a (1995); Medalla de Oro al M\u00e9rito de las Bellas artes (1998); Premio Benois de la Danse (2000); y Premio Nacional de Danza (2003).<\/p>\n<p>Nacho Duato ha trabajado con prestigiosos core\u00f3grafos internacionales, como Maurice B\u00e9jart, Hans van Manen y Jir\u00ed Kyli\u00e1n, de cuya relaci\u00f3n y ense\u00f1anzas podremos encontrar en las p\u00e1ginas de su libro\u00a0<em>El placer de la danza,\u00a0<\/em>un personal\u00edsimo relato, a trav\u00e9s del cual podemos descubrir las reflexiones y experiencias del bailar\u00edn en el mundo de la danza.<\/p>\n","protected":false},"excerpt":{"rendered":"<p>El tema sobre el que trata este blog es, a rasgos generales, la vida y trayectoria profesional del bailar\u00edn y core\u00f3grafo valenciano Nacho Duato. Nacho Duato comenz\u00f3 su formaci\u00f3n profesional en la Rambert School de Londres, y posteriormente estudi\u00f3 en &hellip; <a href=\"https:\/\/blogs.ua.es\/nachoduato\/explicacion-general-del-tema\/\">Continue reading <span class=\"meta-nav\">&rarr;<\/span><\/a><\/p>\n","protected":false},"author":2865,"featured_media":0,"parent":0,"menu_order":0,"comment_status":"open","ping_status":"open","template":"","meta":{"footnotes":""},"class_list":["post-26","page","type-page","status-publish","hentry"],"_links":{"self":[{"href":"https:\/\/blogs.ua.es\/nachoduato\/wp-json\/wp\/v2\/pages\/26","targetHints":{"allow":["GET"]}}],"collection":[{"href":"https:\/\/blogs.ua.es\/nachoduato\/wp-json\/wp\/v2\/pages"}],"about":[{"href":"https:\/\/blogs.ua.es\/nachoduato\/wp-json\/wp\/v2\/types\/page"}],"author":[{"embeddable":true,"href":"https:\/\/blogs.ua.es\/nachoduato\/wp-json\/wp\/v2\/users\/2865"}],"replies":[{"embeddable":true,"href":"https:\/\/blogs.ua.es\/nachoduato\/wp-json\/wp\/v2\/comments?post=26"}],"version-history":[{"count":4,"href":"https:\/\/blogs.ua.es\/nachoduato\/wp-json\/wp\/v2\/pages\/26\/revisions"}],"predecessor-version":[{"id":69,"href":"https:\/\/blogs.ua.es\/nachoduato\/wp-json\/wp\/v2\/pages\/26\/revisions\/69"}],"wp:attachment":[{"href":"https:\/\/blogs.ua.es\/nachoduato\/wp-json\/wp\/v2\/media?parent=26"}],"curies":[{"name":"wp","href":"https:\/\/api.w.org\/{rel}","templated":true}]}}