{"id":30,"date":"2013-01-10T18:02:32","date_gmt":"2013-01-10T18:02:32","guid":{"rendered":"https:\/\/blogs.ua.es\/nachoduato\/?page_id=30"},"modified":"2013-01-26T07:42:01","modified_gmt":"2013-01-26T07:42:01","slug":"recursos-de-informacion-consultados","status":"publish","type":"page","link":"https:\/\/blogs.ua.es\/nachoduato\/recursos-de-informacion-consultados\/","title":{"rendered":"Recursos de informaci\u00f3n consultados"},"content":{"rendered":"<p><span style=\"color: #000000\"><strong>A continuaci\u00f3n podemos ver los recursos de informaci\u00f3n consultados para la realizaci\u00f3n de este blog:<\/strong><\/span><\/p>\n<p>DUATO, Nacho.\u00a0<em>El placer de la danza.<\/em>\u00a0Madrid: Editorial S\u00edntesis, S. A. pp. 141. ISBN: 84-9756-276-3<\/p>\n<p><strong>&gt;&gt;<\/strong> \u00a0\u00c9ste es un libro escrito por el propio \u00a0Nacho Duato, en el que el bailar\u00edn cuenta sus experiencias en el mundo de la danza y en el que se incluyen datos sobre muchas de sus obras, comentarios de gente que ha trabajado con \u00e9l, adem\u00e1s de numerosas fotos de las representaciones de sus obras. \u00c9ste ha sido el recurso que m\u00e1s me ha servido para la realizaci\u00f3n del blog, ya que cuenta con much\u00edsimos contenidos sobre el artista, y, adem\u00e1s, qui\u00e9n hay mejor para contarlos que \u00e9l mismo.<\/p>\n<p>&nbsp;<\/p>\n<p><em>Culturamas.<\/em>\u00a0[Consulta: 24 de enero 2013]. Disponible en:<a href=\"http:\/\/www.culturamas.es\/blog\/2012\/02\/05\/danse-la-danse-documental-sobre-nacho-duato-y-la-cnd\/\">http:\/\/www.culturamas.es\/blog\/2012\/02\/05\/danse-la-danse-documental-sobre-nacho-duato-y-la-cnd\/<\/a><\/p>\n<p><strong>&gt;&gt;\u00a0<\/strong>En la p\u00e1gina de esta revista he podido encontrar informaci\u00f3n sobre el documental que Alain Deymier realiz\u00f3 sobre Nacho Duato y una entrevista al autor en la que explica las razones que le llevaron a hacerlo. Este art\u00edculo servir\u00eda como una especie de introducci\u00f3n al documental\u00a0<em>Danse la danse.<\/em><\/p>\n<p>&nbsp;<\/p>\n<p><em>Espa\u00f1a es cultura<\/em>\u00a0[en l\u00ednea].`[Consulta: 17 de enero de 2013]\u00a0<em>\u00a0<\/em>Disponible en:\u00a0<a href=\"http:\/\/www.xn--espaaescultura-tnb.es\/es\/obras_culturales\/jardi_tancat.html\">http:\/\/www.xn--espaaescultura-tnb.es\/es\/obras_culturales\/jardi_tancat.html<\/a><\/p>\n<p><strong>&gt;&gt;\u00a0<\/strong>En esta web encontramos informaci\u00f3n bastante escueta sobre su obra\u00a0<em>Jard\u00ed Tancat<\/em> y sobre Mar\u00eda del Mar Bonet, la autora de la melod\u00eda.<\/p>\n<p>&nbsp;<\/p>\n<p>Europapress.\u00a0[Consulta: 22 de enero de 2013]. Disponible en:\u00a0<a href=\"http:\/\/www.europapress.es\/cultura\/exposiciones-00131\/noticia-nacho-duato-rusia-me-llaman-maestro-espana-me-llaman-valenciano-20120421091622.html\">http:\/\/www.europapress.es\/cultura\/exposiciones-00131\/noticia-nacho-duato-rusia-me-llaman-maestro-espana-me-llaman-valenciano-20120421091622.html<\/a><\/p>\n<p><strong>&gt;&gt;<\/strong>\u00a0En esta p\u00e1gina encontramos informaci\u00f3n sobre el motivo por el que Nacho Duato dej\u00f3 su trabajo en Espa\u00f1a, acompa\u00f1ada de testimonios del propio artista. El problema que le veo a este art\u00edculo es que no explica muy detalladamente el problema que tuvo el bailar\u00edn, da muchas cosas por hecho; pero lo considero un buen art\u00edculo ya que por los detalles que da y los testimonios del bailar\u00edn puedes hacerte una idea m\u00e1s ampliada de lo que sucedi\u00f3.<\/p>\n<p>&nbsp;<\/p>\n<p><em>Fundaci\u00f3n Loewe.<\/em>\u00a02012 [Consulta: 24 de enero 2013]. Disponible en:\u00a0<a href=\"http:\/\/www.blogfundacionloewe.es\/danse-la-danse%E2%80%9D\/\">http:\/\/www.blogfundacionloewe.es\/danse-la-danse%E2%80%9D\/<\/a><\/p>\n<p><strong>&gt;&gt;\u00a0<\/strong>En esta p\u00e1gina encontramos tambi\u00e9n informaci\u00f3n sobre el documental\u00a0<em>Danse la danse<\/em>, ya que Loewe fue uno de los colaboradores en el proyecto.<\/p>\n<p>&nbsp;<\/p>\n<p>Actualidad.\u00a0<em>Orange<\/em>. 18 de noviembre de 2009 [Consulta: 24 de enero de 2013] Disponible en:\u00a0<a href=\"http:\/\/actualidad.orange.es\/fotos\/mejores-portadas-revista-zero\/nacho-duato.html\">http:\/\/actualidad.orange.es\/fotos\/mejores-portadas-revista-zero\/nacho-duato.html<\/a><\/p>\n<p><strong>&gt;&gt;\u00a0<\/strong>En esta p\u00e1gina encontramos solamente la portada de dicha revista y no el art\u00edculo en el que se encuentra la entrevista que se describe en la misma, por lo que esta p\u00e1gina es \u00fatil para estar informado de que en esta revista hay un art\u00edculo sobre Nacho Duato, pero no lo es si lo que quieres es leer el art\u00edculo.<\/p>\n<p>&nbsp;<\/p>\n<p>La virtud del asesino.\u00a0<em>Pizquita\u00a0<\/em>[en l\u00ednea]. [Consulta: 17 de enero de 2013]. Disponible en:\u00a0<a href=\"http:\/\/www.pizquita.com\/seriearticulo-851.html\" target=\"_blank\">http:\/\/www.pizquita.com\/seriearticulo-851.html<\/a><\/p>\n<p><strong>&gt;&gt;\u00a0<\/strong>Esta p\u00e1gina web contiene informaci\u00f3n bastante bien elaborada y completa acerca de la serie que protagoniz\u00f3 el bailar\u00edn en 1999, adem\u00e1s, contiene la ficha t\u00e9cnica de la serie de televisi\u00f3n, incluida una lista del elenco, fecha de estreno y final, director y otros datos de inter\u00e9s.<\/p>\n<p>&nbsp;<\/p>\n<p>Nacho Duato.\u00a0<em>Wikipedia<\/em>\u00a0[en l\u00ednea]. 11 sept. 2012, a las 12:36 [consulta: 17 de enero de 2013]. Disponible en:\u00a0<a href=\"http:\/\/es.wikipedia.org\/wiki\/Nacho_Duato#Premios.2C_distinciones_y_menciones_internacionales\">http:\/\/es.wikipedia.org\/wiki\/Nacho_Duato#Premios.2C_distinciones_y_menciones_internacionales<\/a><\/p>\n<p><strong>&gt;&gt;\u00a0<\/strong>En Wikipedia encontramos lo mismo de siempre, datos biogr\u00e1ficos del artista, menciones y premios, obras&#8230; En mi opini\u00f3n es un recurso muy utilizado y en ocasiones puede resultar \u00fatil, pero tampoco debe abusarse de \u00e9l puesto que no es el mejor que podemos encontrar.<\/p>\n<p>&nbsp;<\/p>\n","protected":false},"excerpt":{"rendered":"<p>A continuaci\u00f3n podemos ver los recursos de informaci\u00f3n consultados para la realizaci\u00f3n de este blog: DUATO, Nacho.\u00a0El placer de la danza.\u00a0Madrid: Editorial S\u00edntesis, S. A. pp. 141. ISBN: 84-9756-276-3 &gt;&gt; \u00a0\u00c9ste es un libro escrito por el propio \u00a0Nacho Duato, &hellip; <a href=\"https:\/\/blogs.ua.es\/nachoduato\/recursos-de-informacion-consultados\/\">Continue reading <span class=\"meta-nav\">&rarr;<\/span><\/a><\/p>\n","protected":false},"author":2865,"featured_media":0,"parent":0,"menu_order":0,"comment_status":"open","ping_status":"open","template":"","meta":{"footnotes":""},"class_list":["post-30","page","type-page","status-publish","hentry"],"_links":{"self":[{"href":"https:\/\/blogs.ua.es\/nachoduato\/wp-json\/wp\/v2\/pages\/30","targetHints":{"allow":["GET"]}}],"collection":[{"href":"https:\/\/blogs.ua.es\/nachoduato\/wp-json\/wp\/v2\/pages"}],"about":[{"href":"https:\/\/blogs.ua.es\/nachoduato\/wp-json\/wp\/v2\/types\/page"}],"author":[{"embeddable":true,"href":"https:\/\/blogs.ua.es\/nachoduato\/wp-json\/wp\/v2\/users\/2865"}],"replies":[{"embeddable":true,"href":"https:\/\/blogs.ua.es\/nachoduato\/wp-json\/wp\/v2\/comments?post=30"}],"version-history":[{"count":3,"href":"https:\/\/blogs.ua.es\/nachoduato\/wp-json\/wp\/v2\/pages\/30\/revisions"}],"predecessor-version":[{"id":98,"href":"https:\/\/blogs.ua.es\/nachoduato\/wp-json\/wp\/v2\/pages\/30\/revisions\/98"}],"wp:attachment":[{"href":"https:\/\/blogs.ua.es\/nachoduato\/wp-json\/wp\/v2\/media?parent=30"}],"curies":[{"name":"wp","href":"https:\/\/api.w.org\/{rel}","templated":true}]}}