{"id":32,"date":"2013-01-10T18:02:58","date_gmt":"2013-01-10T18:02:58","guid":{"rendered":"https:\/\/blogs.ua.es\/nachoduato\/?page_id=32"},"modified":"2013-01-27T16:20:13","modified_gmt":"2013-01-27T16:20:13","slug":"valoracion-general-de-las-referencias-publicadas-y-de-la-informacion-disponible-sobre-el-tema-trabajado","status":"publish","type":"page","link":"https:\/\/blogs.ua.es\/nachoduato\/valoracion-general-de-las-referencias-publicadas-y-de-la-informacion-disponible-sobre-el-tema-trabajado\/","title":{"rendered":"Valoraci\u00f3n"},"content":{"rendered":"<p>Mediante este blog hemos podido conocer la vida, trayectoria profesional y an\u00e9cdotas del bailar\u00edn y core\u00f3grafo valenciano Nacho Duato.<\/p>\n<p>En la clase en la cual realizamos por primera vez nuestro blog, recuerdo que el profesor se sorprendi\u00f3 mucho porque ni mi compa\u00f1era ni yo conoc\u00edamos qui\u00e9n era Nacho Duato, ni siquiera nos sonaba su nombre, y ahora, tras realizar este blog comprendo el porqu\u00e9 de tal asombro.<\/p>\n<p>Duato es una figura muy importante culturalmente hablando, es un bailar\u00edn y core\u00f3grafo reconocido internacionalmente y sus coreograf\u00edas han sido solicitadas por numerosas instituciones para poder representarlas. Gracias a esto, podr\u00eda ser posible que los j\u00f3venes se interesaran m\u00e1s por este tipo de actos y temas, ya que lo considero una parte fundamental de nuestra cultura. Normalmente este tipo de espect\u00e1culos no llaman la atenci\u00f3n al p\u00fablico (o son desconocidos para \u00e9l) por el mero hecho de considerarse &#8220;aburridos&#8221; o ser m\u00e1s c\u00f3modo, barato y aceptado ir, por ejemplo, al cine.<\/p>\n<p>Aparte de su trayectoria profesional, he podido conocer al detalle aspectos muy personales del bailar\u00edn, de los cuales he podido sacar valores de gran importancia.<\/p>\n<blockquote>\n<p style=\"text-align: right\">He comprendido lo importante de tomar distancia con respecto a mis ideas y de aceptar ideas de los dem\u00e1s para el enriquecimiento de mi trabajo y para la b\u00fasqueda de nuevas fronteras.<\/p>\n<p style=\"text-align: right\"><em>&#8211;<strong>Nacho Duato<\/strong><\/em><\/p>\n<\/blockquote>\n","protected":false},"excerpt":{"rendered":"<p>Mediante este blog hemos podido conocer la vida, trayectoria profesional y an\u00e9cdotas del bailar\u00edn y core\u00f3grafo valenciano Nacho Duato. En la clase en la cual realizamos por primera vez nuestro blog, recuerdo que el profesor se sorprendi\u00f3 mucho porque ni &hellip; <a href=\"https:\/\/blogs.ua.es\/nachoduato\/valoracion-general-de-las-referencias-publicadas-y-de-la-informacion-disponible-sobre-el-tema-trabajado\/\">Continue reading <span class=\"meta-nav\">&rarr;<\/span><\/a><\/p>\n","protected":false},"author":2865,"featured_media":0,"parent":0,"menu_order":0,"comment_status":"open","ping_status":"open","template":"","meta":{"footnotes":""},"class_list":["post-32","page","type-page","status-publish","hentry"],"_links":{"self":[{"href":"https:\/\/blogs.ua.es\/nachoduato\/wp-json\/wp\/v2\/pages\/32","targetHints":{"allow":["GET"]}}],"collection":[{"href":"https:\/\/blogs.ua.es\/nachoduato\/wp-json\/wp\/v2\/pages"}],"about":[{"href":"https:\/\/blogs.ua.es\/nachoduato\/wp-json\/wp\/v2\/types\/page"}],"author":[{"embeddable":true,"href":"https:\/\/blogs.ua.es\/nachoduato\/wp-json\/wp\/v2\/users\/2865"}],"replies":[{"embeddable":true,"href":"https:\/\/blogs.ua.es\/nachoduato\/wp-json\/wp\/v2\/comments?post=32"}],"version-history":[{"count":4,"href":"https:\/\/blogs.ua.es\/nachoduato\/wp-json\/wp\/v2\/pages\/32\/revisions"}],"predecessor-version":[{"id":100,"href":"https:\/\/blogs.ua.es\/nachoduato\/wp-json\/wp\/v2\/pages\/32\/revisions\/100"}],"wp:attachment":[{"href":"https:\/\/blogs.ua.es\/nachoduato\/wp-json\/wp\/v2\/media?parent=32"}],"curies":[{"name":"wp","href":"https:\/\/api.w.org\/{rel}","templated":true}]}}