{"id":76,"date":"2012-10-03T15:27:18","date_gmt":"2012-10-03T15:27:18","guid":{"rendered":"https:\/\/blogs.ua.es\/nacionalismo\/?page_id=76"},"modified":"2012-10-03T15:39:20","modified_gmt":"2012-10-03T15:39:20","slug":"bibliografia","status":"publish","type":"page","link":"https:\/\/blogs.ua.es\/nacionalismo\/bibliografia\/","title":{"rendered":"Bibliograf\u00eda"},"content":{"rendered":"<ul>\n<li>Fern\u00e1ndez \u00c1lvarez, Manuel, <em>Carlos V, el c\u00e9sar y el hombre<\/em>, Ed. Espasa-Calpe<\/li>\n<li>Fern\u00e1ndez \u00c1lvarez, Manuel, <em>Felipe II y su tiempo<\/em>, Ed. Espasa-Calpe<\/li>\n<li>M.B., Benassar et ali., <em>Historia Moderna<\/em>, Madrid, Akal Textos, 2005<\/li>\n<li>Mart\u00ednez Ruiz, Enrique, <em>La Espa\u00f1a Moderna<\/em>, Ed. Istmo<\/li>\n<\/ul>\n","protected":false},"excerpt":{"rendered":"<p>Fern\u00e1ndez \u00c1lvarez, Manuel, Carlos V, el c\u00e9sar y el hombre, Ed. Espasa-Calpe Fern\u00e1ndez \u00c1lvarez, Manuel, Felipe II y su tiempo, Ed. Espasa-Calpe M.B., Benassar et ali., Historia Moderna, Madrid, Akal Textos, 2005 Mart\u00ednez Ruiz, Enrique, La Espa\u00f1a Moderna, Ed. Istmo<\/p>\n","protected":false},"author":1739,"featured_media":0,"parent":0,"menu_order":9,"comment_status":"open","ping_status":"open","template":"","meta":{"footnotes":""},"class_list":["post-76","page","type-page","status-publish","hentry"],"_links":{"self":[{"href":"https:\/\/blogs.ua.es\/nacionalismo\/wp-json\/wp\/v2\/pages\/76","targetHints":{"allow":["GET"]}}],"collection":[{"href":"https:\/\/blogs.ua.es\/nacionalismo\/wp-json\/wp\/v2\/pages"}],"about":[{"href":"https:\/\/blogs.ua.es\/nacionalismo\/wp-json\/wp\/v2\/types\/page"}],"author":[{"embeddable":true,"href":"https:\/\/blogs.ua.es\/nacionalismo\/wp-json\/wp\/v2\/users\/1739"}],"replies":[{"embeddable":true,"href":"https:\/\/blogs.ua.es\/nacionalismo\/wp-json\/wp\/v2\/comments?post=76"}],"version-history":[{"count":6,"href":"https:\/\/blogs.ua.es\/nacionalismo\/wp-json\/wp\/v2\/pages\/76\/revisions"}],"predecessor-version":[{"id":85,"href":"https:\/\/blogs.ua.es\/nacionalismo\/wp-json\/wp\/v2\/pages\/76\/revisions\/85"}],"wp:attachment":[{"href":"https:\/\/blogs.ua.es\/nacionalismo\/wp-json\/wp\/v2\/media?parent=76"}],"curies":[{"name":"wp","href":"https:\/\/api.w.org\/{rel}","templated":true}]}}