{"id":253,"date":"2016-12-10T22:17:37","date_gmt":"2016-12-10T22:17:37","guid":{"rendered":"https:\/\/blogs.ua.es\/nevaenalicante\/?page_id=253"},"modified":"2016-12-13T11:30:46","modified_gmt":"2016-12-13T11:30:46","slug":"portada-u-r-5-de-octubre-de-1936","status":"publish","type":"page","link":"https:\/\/blogs.ua.es\/nevaenalicante\/analisis-general-de-los-periodicos\/%d1%83%d1%80%d0%b0%d0%bb%d1%8c%d1%81%d0%ba%d0%b8%d0%b9-%d1%80%d0%b0%d0%b1%d0%be%d1%87%d0%b8%d0%b9-uralskiy-rabochiy\/portada-u-r-5-de-octubre-de-1936\/","title":{"rendered":"Portada (U.R.) 5 de octubre de 1936"},"content":{"rendered":"<h2 style=\"text-align: center\"><strong>Ficha; El <em>&#8220;Neva&#8221;<\/em> en <em>&#8220;Uralskiy Rabochiy&#8221;<\/em><\/strong><em><strong>\u00a0<\/strong><\/em><\/h2>\n<h2><strong><img loading=\"lazy\" decoding=\"async\" class=\" wp-image-265 aligncenter\" src=\"https:\/\/blogs.ua.es\/nevaenalicante\/files\/2016\/12\/5-octubre-192x300.png\" alt=\"5-octubre\" width=\"290\" height=\"453\" srcset=\"https:\/\/blogs.ua.es\/nevaenalicante\/files\/2016\/12\/5-octubre-192x300.png 192w, https:\/\/blogs.ua.es\/nevaenalicante\/files\/2016\/12\/5-octubre.png 339w\" sizes=\"auto, (max-width: 290px) 100vw, 290px\" \/><br \/>\n<\/strong><\/h2>\n<h3 style=\"text-align: justify\"><strong>1-Personalizaci\u00f3n y Fisonom\u00eda de un Peri\u00f3dico<\/strong><\/h3>\n<h4 style=\"text-align: justify\"><strong>\u00a0a)\u00a0<\/strong><strong>Identificaci\u00f3n de un Cotidiano:<\/strong><\/h4>\n<p style=\"text-align: justify\">\u00a0<strong>Nombre del Peri\u00f3dico\/ \u00a0<\/strong>Uralskiy Rabochiy (Trabajador de Urales)<\/p>\n<p style=\"text-align: justify\"><strong>Indicaci\u00f3n acompa\u00f1a al nombre<\/strong>\/ <strong>\u00a0<\/strong>\u00a1Proletarios de todos los pa\u00edses, un\u00edos!<\/p>\n<p style=\"text-align: justify\"><strong>Lugar de residencia de la administraci\u00f3n y de la redacci\u00f3n\/ <\/strong>Edificio en el cruce de la intersecci\u00f3n (Lenin) y Obvinskoy en la ciudad provincial de Perm.<\/p>\n<p style=\"text-align: justify\"><strong>Periodicidad<\/strong>\/ Es cotidiano excepto los d\u00edas despu\u00e9s de las fiestas a partir de 28 de octubre (10 de noviembre) de 1917.<\/p>\n<p style=\"text-align: justify\"><strong>Zona principal de difusi\u00f3n<\/strong>\/ Los Urales (Ekaterimburgo, Perm, Ufa, Orenburg, Tumen, Chelyabinsk)<\/p>\n<p style=\"text-align: justify\"><strong>Tiraje<\/strong>\/76000<\/p>\n<p style=\"text-align: justify\"><strong>N\u00famero<\/strong>\/ 230 (6366)<\/p>\n<p style=\"text-align: justify\"><strong>Fecha del primer n\u00famero\/<\/strong> 14 (1) de febrero de 1907<\/p>\n<p style=\"text-align: justify\"><strong>Fecha del ejemplar concreto<\/strong>\/ 5 de octubre de 1936 *(pod\u00e9is acceder al ejemplar completo pinchando aqu\u00ed:\u00a0<a href=\"https:\/\/blogs.ua.es\/nevaenalicante\/files\/2016\/12\/ur.1936-10-05.230.pdf\">ur-1936-10-05-230<\/a>)<\/p>\n<p style=\"text-align: justify\"><strong>Precio del peri\u00f3dico<\/strong>\/ 10 kopeek (10 c\u00e9ntimos) (Esto nos permite conocer qu\u00e9 tipo de lectores tienen acceso al ejemplar)<\/p>\n<p style=\"text-align: justify\"><strong>Caracter\u00edsticas excepcionales de la vida del peri\u00f3dico<\/strong>\/\u00a0Se trata del\u00a0diario sociopol\u00edtico m\u00e1s antiguo de los Urales, se publica en Ekaterimburgo desde el 1 (\u00a014 ) de febrero de 1907 hasta el d\u00eda de hoy <em>(con interrupciones)<\/em>. \u00a0Desde el 6 (19) de septiembre de 1917 se publica con este nombre que sigue hasta la actualidad.\u00a0Durante la intensificaci\u00f3n de los combates en julio de 1918 en Ekaterimburgo poder pas\u00f3 a los blancos. Junto con los \u00f3rganos y partidos sovi\u00e9ticos redacci\u00f3n del peri\u00f3dico \u201cUralskiy Rabochiy\u201d se evacuo primero\u00a0\u00a0en planta Kushvinsky (desde 30 de julio 1918), luego\u00a0se instal\u00f3 en el vag\u00f3n de la estaci\u00f3n personal de Perm I (hasta noviembre de 1918), y posteriormente se traslad\u00f3 a un edificio en el cruce de la intercesi\u00f3n (Lenin) y Obvinskoy (25 de octubre) en la ciudad provincial de Perm. Ha recibido el premio por la URSS por grandes logros de trabajo en 1957.<\/p>\n<p style=\"text-align: justify\"><strong>Formato<\/strong>\/ En soporte papel (A2\/ 420 x 594)<\/p>\n<p style=\"text-align: justify\"><strong>N\u00ba de p\u00e1ginas y de columnas por cada p\u00e1gina<\/strong>\/ El ejemplar que estudiamos cuenta con 4 p\u00e1ginas. Este ejemplar respeta en todas sus p\u00e1ginas las 7 columnas.<\/p>\n<p style=\"text-align: justify\"><strong>Nombre del redactor responsable<\/strong>\/\u00a0A. Zhukhovitskii<\/p>\n<p style=\"text-align: justify\"><strong>N\u00ba de ediciones<\/strong>\/<\/p>\n<p style=\"text-align: justify\"><strong>Lugar de Conservaci\u00f3n de las colecciones<\/strong>\/ El peri\u00f3dico Uralskiy Rabochiy tiene su archivo digitalizado disponible en formato pdf. (es un servicio de pago). Disponible aqu\u00ed; <a href=\"http:\/\/ur.iarchive.info\/\">\u00a0http:\/\/ur.iarchive.info\/<\/a><\/p>\n<h4 style=\"text-align: justify\"><strong>b) Expediente de identidad:\u00a0<\/strong><\/h4>\n<p style=\"text-align: justify\"><strong>Estructura jur\u00eddica y financiera<\/strong>\/\u00a0\u00d3rgano de la comisi\u00f3n sindical regional de Urales y de Ekaterimburgo del Comit\u00e9 de Uni\u00f3n del \u0420\u0421\u0414\u0420\u041f (Partido Obrero Socialdem\u00f3crata de Rusia). Actualmente pertenece a \u00ab\u041c\u0435\u0434\u0438\u0430-\u0445\u043e\u043b\u0434\u0438\u043d\u0433 \u201c\u0423\u0440\u0430\u043b\u044c\u0441\u043a\u0438\u0439 \u0440\u0430\u0431\u043e\u0447\u0438\u0439.<\/p>\n<p style=\"text-align: justify\"><strong>Condiciones de impresi\u00f3n<\/strong>\/ Utiliza el sepia (las fotograf\u00edas soon sepia y los grabados en blanco y negro \u00a0no aparece color)<\/p>\n<p style=\"text-align: justify\"><strong>Condiciones de distribuci\u00f3n<\/strong>\/ Por subscripci\u00f3n (con claro contenido ideol\u00f3gico y propagand\u00edstico del partido)<\/p>\n<p style=\"text-align: justify\"><strong>Condiciones de subscripci\u00f3n<\/strong>\/\u00a0Para 12 meses; 30 rublos. Hay direcci\u00f3n y tel\u00e9fonos para subscribirse<\/p>\n<p style=\"text-align: justify\"><strong>Organizaci\u00f3n de la redacci\u00f3n<\/strong>\/ Parece ser que no cuenta con una plantilla fija, ya que la mayor\u00eda de la informaci\u00f3n que aparece son cartas personales de los obrero\/as en primera persona, art\u00edculos de autor\u00eda diversa, informaci\u00f3n de nivel general (metalurgia, constituci\u00f3n, asuntos internacionales como el deber de los obreros sovi\u00e9ticos a ayudar a sus hermanos republicanos espa\u00f1oles), fotograf\u00edas siempre citando al autor (que siempre es distinto), igual que grabados y tambi\u00e9n fotograf\u00edas de <a href=\"http:\/\/www.rbflphoto.ru\/Catalogue\/Soyuzfoto\">\u00a0&#8220;C\u043e\u044e\u0437\u0444\u043e\u0442\u043e&#8221;<\/a>\u00a0(\u00a0Editorial fotogr\u00e1fica Sovi\u00e9tica)<\/p>\n<p style=\"text-align: justify\"><strong>L\u00ednea y acci\u00f3n pol\u00edtica<\/strong>\/\u00a0\u00d3rgano de Sverdlovsk de los comit\u00e9s provinciales y de la ciudad (\u0412\u041a\u041f). Comit\u00e9 Ejecutivo de la provincia de Sverdlovsk y la Junta de Oblprof (\u0412\u041a\u041f), \u041a\u043e\u043c\u043c\u0443\u043d\u0438\u0441\u0442\u0438\u0447\u0435\u0441\u043a\u0430\u044f \u043f\u0430\u0440\u0442\u0438\u044f \u0421\u043e\u0432\u0435\u0442\u0441\u043a\u043e\u0433\u043e \u0421\u043e\u044e\u0437\u0430. (El Partido Comunista de la Uni\u00f3n Sovi\u00e9tica).<\/p>\n<h3><strong>2)Morfolog\u00eda o formas externas del peri\u00f3dico:<\/strong><\/h3>\n<p style=\"text-align: justify\"><strong>Publicidad<\/strong>\/\u00a0El final de la \u00faltima p\u00e1gina (proporci\u00f3n muy reducida con alguna imagen) \u00a0y sobre todo enfocado a actos de car\u00e1cter cultural (cine, teatro, m\u00edtines, conferencias historia de la URSS). En este ejemplar en concreto aparecen anuncios de circo, algunos fallecimientos y el anuncio con una peque\u00f1a ilustraci\u00f3n de la venta de sand\u00eda, mel\u00f3n y uva.<\/p>\n<p style=\"text-align: justify\"><strong>Espacio de redacci\u00f3n<\/strong>\/ Los <strong>t\u00edtulos<\/strong> ilustran la intencionalidad principal del peri\u00f3dico. En la portada el t\u00edtulo<img loading=\"lazy\" decoding=\"async\" class=\"alignnone wp-image-291 alignright\" src=\"https:\/\/blogs.ua.es\/nevaenalicante\/files\/2016\/12\/Captura-5-300x191.png\" alt=\"captura\" width=\"335\" height=\"213\" srcset=\"https:\/\/blogs.ua.es\/nevaenalicante\/files\/2016\/12\/Captura-5-300x191.png 300w, https:\/\/blogs.ua.es\/nevaenalicante\/files\/2016\/12\/Captura-5.png 745w\" sizes=\"auto, (max-width: 335px) 100vw, 335px\" \/> principal es: &#8220;<strong>En cumplimiento con el Congreso de los Soviets&#8221; &#8220;El mayor problema del Komsomol&#8221;<\/strong>\u00a0El t\u00edtulo que nos interesa para esta trabajo se encuentra al final en la izquierda ocupando el <strong>apartado pen\u00faltimo entre las dos primeras columnas<\/strong>.\u00a0(marcado en circulo violeta en la imagen principal del peri\u00f3dico); <b style=\"color: #000000\">&#8220;Radio-conversaci\u00f3n con el capit\u00e1n\u00a0de la motonave Neva&#8221;. <\/b><span style=\"color: #000000\">Ocupando un lugar que seg\u00fan Kayser est\u00e1 ya algo mejor <\/span>posicionado<span style=\"color: #000000\">\u00a0que en el ejemplar anterior (29 de septiembre de 1936). Ocupando <strong>15 l\u00edneas<\/strong> en el pen\u00faltimo apartado de las dos columnas principales. Est\u00e1 al principio del apartado final de la portada dedicado a Espa\u00f1a. (vease la imagen principal) all\u00ed aparece un t\u00edtulo con letras incluso m\u00e1s grandes que el t\u00edtulo principal: <strong>&#8220;SUBLEVACI\u00d3N MILITAR-FASCISTA EN ESPA\u00d1A&#8221;<\/strong>. Destaca la fotograf\u00eda de los republicanos luchando en la l\u00ednea de frontera, Extremadura. Fotograf\u00eda de\u00a0<a href=\"http:\/\/www.rbflphoto.ru\/Catalogue\/Soyuzfoto\">\u00a0&#8220;C\u043e\u044e\u0437\u0444\u043e\u0442\u043e&#8221;<\/a><\/span><\/p>\n<h3 style=\"text-align: justify\"><strong>3) Valoraci\u00f3n:<\/strong><\/h3>\n<p style=\"text-align: justify\">Como hemos dicho el lugar que ocupa la noticia que nos interesa est\u00e1 mejor posicionada que en el ejemplar anterior de 29 de septiembre. De hecho ocupa el lugar principal del apartado final de la portada dedicado a la situaci\u00f3n en Espa\u00f1a con otros titulares como (&#8220;La situaci\u00f3n en el frente&#8221; \/&#8221;Nuevos decretos del gobierno catal\u00e1n&#8221;&#8230;)<\/p>\n<p style=\"text-align: justify\">Debido a esta situaci\u00f3n privilegiada de la noticia en esta ocasi\u00f3n he conseguido leer la noticia al completo. Traduzco:<\/p>\n<blockquote>\n<p style=\"text-align: justify\">Odesa, 3 de octubre. La noche del 3 de octubre el corresponsal TACC ha llevado una radio-comunicaci\u00f3n con el capit\u00e1n de motonave &#8220;Neva&#8221; , quien regresa a Odesa de Espa\u00f1a, donde ha llevado <strong>2 mil 200 toneladas \u00a0de alimentos<\/strong> comprados con la recaudaci\u00f3n de las <strong>mujeres sovi\u00e9ticas<\/strong>. El capit\u00e1n <strong><a href=\"http:\/\/www.nlr.ru\/e-case3\/sc2.php\/web_gak\/lc\/45167\/1\">Korenevskiy<\/a><\/strong> ha dicho:<\/p>\n<p style=\"text-align: justify\">&#8220;La petici\u00f3n de los trabajadores de nuestro pa\u00eds hemos cumplido con honor. En el tiempo que est\u00e1bamos parados en Alicante los trabajadores espa\u00f1oles y sus mujeres nos rodearon con una atenci\u00f3n exclusiva. Antes de salir de vuelta han venido a despedirnos los representantes de la prefectura, el jefe y el comisario del puerto, de la delegaci\u00f3n del trabajador. Los trabajadores de Alicante \u00a0han pedido a nosotros mensajeros de la URSS transmitir a todos los trabajadores de la URSS calientes agradecimientos.<\/p>\n<p style=\"text-align: justify\">-Enviar,- dec\u00edan ellos- a nuestros hermanos sovi\u00e9ticos, que su uni\u00f3n nos da nuevas fuerzas para luchar por una rep\u00fablica democr\u00e1tica.<\/p>\n<p style=\"text-align: justify\">Al final de la conversaci\u00f3n Korenevskiy ha comentado que &#8220;Neva&#8221; ha pasado Sicilia y el <strong>9 de octubre<\/strong> suponen estar en Odesa de vuelta.<\/p>\n<\/blockquote>\n<p style=\"text-align: justify\">Resulta l\u00f3gico que esta vez la noticia este posesionada tan bien (la primera en la secci\u00f3n final de la portada dedicada a Espa\u00f1a) ya que trae respuesta de Espa\u00f1a, tan importante para los usuarios de este peri\u00f3dico ya que en gran parte son ellos los que han contribuida a esta ayuda mandada. Nos consta que este peri\u00f3dico tiene un <strong>elevado n\u00famero de lectoras femeninas<\/strong>, ya que son ellas las que han llevado todo una campa\u00f1a en este peri\u00f3dico para sufragar \u00a0la ayuda a mujeres y ni\u00f1os espa\u00f1oles a base de cartas personales, llamamientos a contribuir a la causa dedicadas a otras mujeres (o por lo menos es lo que ha reflejado este peri\u00f3dico durante el 1936). Por poner s\u00f3lo algunos ejemplos <strong>&#8220;Profesora Sverdlovska a la gente espa\u00f1ola&#8221;<\/strong> (ejemplar 8 de octubre de 1936), <strong>&#8220;Mujeres a ni\u00f1os espa\u00f1oles&#8221;<\/strong> (ejemplar 26 de septiembre de 36)<strong> &#8220;Las mujeres del Koljos apoyaron con alegr\u00eda&#8221; \u00a0<\/strong>(15 de septiembre de 1936), \u00a0<strong>&#8220;Las trabajadoras de Leninka las primeras han reaccionado al llamamiento&#8221;<\/strong>\/&#8221;<strong>\u00a1En ayuda de ni\u00f1os y madres de los trabajadores espa\u00f1oles!&#8221;<\/strong> (14 de septiembre de 36), <strong>&#8220;Mitin de las mujeres&#8221;<\/strong> (16 septiembre de 1936).<\/p>\n<p style=\"text-align: justify\">En fin, titulares de llamamiento a la ayuda a las madres y ni\u00f1os espa\u00f1oles, donde las mujeres sovi\u00e9ticas piden deducir un d\u00eda de sueldo al principio para la causa, luego ser\u00e1 m\u00e1s.<\/p>\n<p style=\"text-align: justify\">Ahora entrando en valoraci\u00f3n vemos como el peri\u00f3dico Uralskiy Rabochiy era un <strong>poderoso instrumento de propaganda<\/strong>, de <strong>cohesi\u00f3n social<\/strong>, de <strong>llamamientos<\/strong> y <strong>respuestas<\/strong>, una <strong>herramienta<\/strong> <strong>m\u00e1s de comunicaci\u00f3n que de informaci\u00f3n<\/strong>. \u00a0Apreciamos como con un peri\u00f3dico la gente se volc\u00f3 a la causa, recaudo ayuda y como hemos podido observar con esta noticia de 15 l\u00edneas, \u00a0estuvieron\u00a0<strong>informado\/as<\/strong> que su ayuda hab\u00eda llegado y hab\u00edan recibido los <strong>agradecimientos enviados por la gente espa\u00f1ola alicantina<\/strong> con el capit\u00e1n Korenskiy de Neva.<\/p>\n","protected":false},"excerpt":{"rendered":"<p>Ficha; El &#8220;Neva&#8221; en &#8220;Uralskiy Rabochiy&#8221;\u00a0 1-Personalizaci\u00f3n y Fisonom\u00eda de un Peri\u00f3dico \u00a0a)\u00a0Identificaci\u00f3n de un Cotidiano: \u00a0Nombre del Peri\u00f3dico\/ \u00a0Uralskiy Rabochiy (Trabajador de Urales) Indicaci\u00f3n acompa\u00f1a al nombre\/ \u00a0\u00a1Proletarios de todos los pa\u00edses, un\u00edos! Lugar de residencia de la administraci\u00f3n y de la redacci\u00f3n\/ Edificio en el cruce de la intersecci\u00f3n (Lenin) y Obvinskoy en [&hellip;]<\/p>\n","protected":false},"author":3353,"featured_media":372,"parent":77,"menu_order":1,"comment_status":"closed","ping_status":"closed","template":"","meta":{"footnotes":""},"class_list":["post-253","page","type-page","status-publish","has-post-thumbnail","hentry"],"_links":{"self":[{"href":"https:\/\/blogs.ua.es\/nevaenalicante\/wp-json\/wp\/v2\/pages\/253","targetHints":{"allow":["GET"]}}],"collection":[{"href":"https:\/\/blogs.ua.es\/nevaenalicante\/wp-json\/wp\/v2\/pages"}],"about":[{"href":"https:\/\/blogs.ua.es\/nevaenalicante\/wp-json\/wp\/v2\/types\/page"}],"author":[{"embeddable":true,"href":"https:\/\/blogs.ua.es\/nevaenalicante\/wp-json\/wp\/v2\/users\/3353"}],"replies":[{"embeddable":true,"href":"https:\/\/blogs.ua.es\/nevaenalicante\/wp-json\/wp\/v2\/comments?post=253"}],"version-history":[{"count":12,"href":"https:\/\/blogs.ua.es\/nevaenalicante\/wp-json\/wp\/v2\/pages\/253\/revisions"}],"predecessor-version":[{"id":378,"href":"https:\/\/blogs.ua.es\/nevaenalicante\/wp-json\/wp\/v2\/pages\/253\/revisions\/378"}],"up":[{"embeddable":true,"href":"https:\/\/blogs.ua.es\/nevaenalicante\/wp-json\/wp\/v2\/pages\/77"}],"wp:featuredmedia":[{"embeddable":true,"href":"https:\/\/blogs.ua.es\/nevaenalicante\/wp-json\/wp\/v2\/media\/372"}],"wp:attachment":[{"href":"https:\/\/blogs.ua.es\/nevaenalicante\/wp-json\/wp\/v2\/media?parent=253"}],"curies":[{"name":"wp","href":"https:\/\/api.w.org\/{rel}","templated":true}]}}