{"id":41,"date":"2016-12-07T13:58:35","date_gmt":"2016-12-07T13:58:35","guid":{"rendered":"https:\/\/blogs.ua.es\/nevaenalicante\/?page_id=41"},"modified":"2016-12-13T16:37:37","modified_gmt":"2016-12-13T16:37:37","slug":"bibliografia","status":"publish","type":"page","link":"https:\/\/blogs.ua.es\/nevaenalicante\/bibliografia\/","title":{"rendered":"Bibliograf\u00eda"},"content":{"rendered":"<ul>\n<li><img loading=\"lazy\" decoding=\"async\" class=\"alignnone wp-image-222 alignright\" src=\"https:\/\/blogs.ua.es\/nevaenalicante\/files\/2016\/12\/foto-iosif-stallin-644x362-1-300x169.jpg\" alt=\"foto-iosif-stallin-644x362-1\" width=\"462\" height=\"260\" srcset=\"https:\/\/blogs.ua.es\/nevaenalicante\/files\/2016\/12\/foto-iosif-stallin-644x362-1-300x169.jpg 300w, https:\/\/blogs.ua.es\/nevaenalicante\/files\/2016\/12\/foto-iosif-stallin-644x362-1.jpg 644w\" sizes=\"auto, (max-width: 462px) 100vw, 462px\" \/><strong>Monograf\u00edas consultadas:\u00a0<\/strong><\/li>\n<\/ul>\n<p>AL\u00cdA MIRANDA, F. (2005): <em>T\u00e9cnica de investigaci\u00f3n para historiadores<\/em>, Sintesis, Madrid.<\/p>\n<p>CERD\u00c1 BA\u00d1\u00d3N, J. (2016): <em>Historia del cine en Alicante durante la Guerra Civil Espa\u00f1ola (1936-1939), <\/em>tesis doctoral, Universidad de Murcia.<\/p>\n<p>MORENO S\u00c1EZ, F. (ed.1994): <em>La prensa en la provincia de Alicante durante la Guerra Civil (1936-1939)<\/em>, Instituto de Cultura Juan Gil Albert, Alicante.<\/p>\n<p>&nbsp;<\/p>\n<ul>\n<li>\n<h5><strong>Enlaces consultados:\u00a0<\/strong><\/h5>\n<\/li>\n<\/ul>\n<p><strong>Archivo Estatal Ruso de Historia Pol\u00edtico-Social<\/strong>.\u00a0[En l\u00ednea]. [Consulta: 10\/12\/2016 a las 15:08]. Disponible en:\u00a0<a href=\"http:\/\/rgaspi.org\/\">http:\/\/rgaspi.org\/<\/a><\/p>\n<p>ABC de Sevilla.\u00a0\u00a0[En l\u00ednea]. [Consulta: 20\/12\/2016 a las 11:08]. Disponible en:\u00a0<a href=\"http:\/\/hemeroteca.abc.es\/nav\/Navigate.exe\/hemeroteca\/sevilla\/abc.sevilla.html\">http:\/\/hemeroteca.abc.es\/nav\/Navigate.exe\/hemeroteca\/sevilla\/abc.sevilla.html<\/a><\/p>\n<p><a href=\"https:\/\/argonauta.revues.org\/1195\">https:\/\/argonauta.revues.org\/1195<\/a><\/p>\n<p><a href=\"http:\/\/www.abc.es\/especiales\/guerra-civil\/portadas\/index.asp\">http:\/\/www.abc.es\/especiales\/guerra-civil\/portadas\/index.asp<\/a><\/p>\n<p><a href=\"https:\/\/www.google.es\/search?q=banderas+republicanas+y+nacionalista&amp;biw=1366&amp;bih=662\">https:\/\/www.google.es\/search?q=banderas+republicanas+y+nacionalista&amp;biw=1366&amp;bih=662<\/a><\/p>\n<p>https:\/\/diario25.wordpress.com\/2012\/03\/20\/dos-abc-dos-espanas-i\/<\/p>\n<p><a href=\"http:\/\/hemeroteca.abc.es\/nav\/Navigate.exe\/hemeroteca\/sevilla\/abc.sevilla\/1936\/11\/06\/001.html\">http:\/\/hemeroteca.abc.es\/nav\/Navigate.exe\/hemeroteca\/sevilla\/abc.sevilla\/1936\/11\/06\/001.html<\/a><\/p>\n<p><a href=\"http:\/\/www.iesseneca.net\/iesseneca\/IMG\/pdf\/6.-_temas_16_a_20._franco_a_integracion_europa._3_trimestre.pdf\">http:\/\/www.iesseneca.net\/iesseneca\/IMG\/pdf\/6.-_temas_16_a_20._franco_a_integracion_europa._3_trimestre.pdf<\/a><\/p>\n<p><a href=\"https:\/\/es.wikipedia.org\/wiki\/Comit%C3%A9_de_No_Intervenci%C3%B3n\">https:\/\/es.wikipedia.org\/wiki\/Comit%C3%A9_de_No_Intervenci%C3%B3n<\/a><\/p>\n<p>&nbsp;<\/p>\n<ul>\n<li>\n<h5><strong>Enlaces adicionales de inter\u00e9s:<\/strong><\/h5>\n<\/li>\n<\/ul>\n<ul>\n<li>\n<h5><strong>Enlaces en Ruso:<\/strong><\/h5>\n<\/li>\n<\/ul>\n<p><a href=\"http:\/\/alerozin.narod.ru\/SovietSpain1.htm\">http:\/\/alerozin.narod.ru\/SovietSpain1.htm<\/a><\/p>\n<p><a href=\"http:\/\/alternathistory.com\/kirovskaya-vesna-1936-god-chast-2\">http:\/\/alternathistory.com\/kirovskaya-vesna-1936-god-chast-2<\/a><\/p>\n<p><a href=\"http:\/\/moskva-volga.ru\/gazeta-izvestiya-1936-06-24\/\">http:\/\/moskva-volga.ru\/gazeta-izvestiya-1936-06-24\/<\/a><\/p>\n<p><a href=\"http:\/\/wanderer-jan07.livejournal.com\/26994.html\">http:\/\/wanderer-jan07.livejournal.com\/26994.html<\/a><\/p>\n<p><a href=\"http:\/\/zadocs.ru\/voennoe\/139\/index.html?page=13\">http:\/\/zadocs.ru\/voennoe\/139\/index.html?page=13<\/a><\/p>\n<ul>\n<li>\n<h5><strong>Enlaces a blogs relacionados de compa\u00f1eros de clase:<\/strong><\/h5>\n<\/li>\n<\/ul>\n<p><a href=\"https:\/\/blogs.ua.es\/solidaridadobrera19311936\/2016\/11\/29\/1931\/\">https:\/\/blogs.ua.es\/solidaridadobrera19311936\/2016\/11\/29\/1931\/\u00a0<\/a><\/p>\n<p><a href=\"https:\/\/blogs.ua.es\/abcguerracivil\/2016\/12\/\">https:\/\/blogs.ua.es\/abcguerracivil\/2016\/12\/\u00a0<\/a><\/p>\n","protected":false},"excerpt":{"rendered":"<p>Monograf\u00edas consultadas:\u00a0 AL\u00cdA MIRANDA, F. (2005): T\u00e9cnica de investigaci\u00f3n para historiadores, Sintesis, Madrid. CERD\u00c1 BA\u00d1\u00d3N, J. (2016): Historia del cine en Alicante durante la Guerra Civil Espa\u00f1ola (1936-1939), tesis doctoral, Universidad de Murcia. MORENO S\u00c1EZ, F. (ed.1994): La prensa en la provincia de Alicante durante la Guerra Civil (1936-1939), Instituto de Cultura Juan Gil Albert, [&hellip;]<\/p>\n","protected":false},"author":3353,"featured_media":0,"parent":0,"menu_order":5,"comment_status":"closed","ping_status":"closed","template":"","meta":{"footnotes":""},"class_list":["post-41","page","type-page","status-publish","hentry"],"_links":{"self":[{"href":"https:\/\/blogs.ua.es\/nevaenalicante\/wp-json\/wp\/v2\/pages\/41","targetHints":{"allow":["GET"]}}],"collection":[{"href":"https:\/\/blogs.ua.es\/nevaenalicante\/wp-json\/wp\/v2\/pages"}],"about":[{"href":"https:\/\/blogs.ua.es\/nevaenalicante\/wp-json\/wp\/v2\/types\/page"}],"author":[{"embeddable":true,"href":"https:\/\/blogs.ua.es\/nevaenalicante\/wp-json\/wp\/v2\/users\/3353"}],"replies":[{"embeddable":true,"href":"https:\/\/blogs.ua.es\/nevaenalicante\/wp-json\/wp\/v2\/comments?post=41"}],"version-history":[{"count":11,"href":"https:\/\/blogs.ua.es\/nevaenalicante\/wp-json\/wp\/v2\/pages\/41\/revisions"}],"predecessor-version":[{"id":401,"href":"https:\/\/blogs.ua.es\/nevaenalicante\/wp-json\/wp\/v2\/pages\/41\/revisions\/401"}],"wp:attachment":[{"href":"https:\/\/blogs.ua.es\/nevaenalicante\/wp-json\/wp\/v2\/media?parent=41"}],"curies":[{"name":"wp","href":"https:\/\/api.w.org\/{rel}","templated":true}]}}