{"id":54,"date":"2016-12-07T14:41:15","date_gmt":"2016-12-07T14:41:15","guid":{"rendered":"https:\/\/blogs.ua.es\/nevaenalicante\/?page_id=54"},"modified":"2016-12-13T11:36:18","modified_gmt":"2016-12-13T11:36:18","slug":"metodologia-empleada","status":"publish","type":"page","link":"https:\/\/blogs.ua.es\/nevaenalicante\/anexos\/metodologia-empleada\/","title":{"rendered":"Videoteca"},"content":{"rendered":"<p><a href=\"http:\/\/www.youtube.com\/watch?v=xIKBGX9nOPs\">http:\/\/www.youtube.com\/watch?v=xIKBGX9nOPs<\/a><\/p>\n<p style=\"text-align: justify\"><strong>&#8220;Pel\u00edcula Documental sobre la Guerra C\u00edvil Espa\u00f1ola&#8221;<\/strong>, producido por la URSS en 1939. Subtitulado en Italiano.<\/p>\n<p style=\"text-align: center\">***<\/p>\n<p><a href=\"https:\/\/m.youtube.com\/watch?v=DYfK8u769oY\">https:\/\/m.youtube.com\/watch?v=DYfK8u769oY<\/a><\/p>\n<p style=\"text-align: justify\">(Cr\u00f3nicas de la URSS 1936-39)<\/p>\n<p style=\"text-align: center\">***<\/p>\n<p><a href=\"http:\/\/www.youtube.com\/watch?v=jSGZFja8hNU\">http:\/\/www.youtube.com\/watch?v=jSGZFja8hNU<\/a><\/p>\n<p style=\"text-align: justify\">\u00a0<strong>&#8220;Voluntarios rusos en la Guerra C\u00edvil Espa\u00f1ola. Al lado de Franco y de la Rep\u00fablica&#8221;<\/strong>. Producido por la televisi\u00f3n Rusa.<\/p>\n<p style=\"text-align: justify\">Documental muy interesante y aportativo en informaci\u00f3n ya que trata de un tema que resulta desconocido \u00a0para la mayor\u00eda de la sociedad espa\u00f1ola y rusa. Pr\u00e1cticamente carece de estudio, pero hubo tambi\u00e9n voluntarios blancos que apoyaron a Franco, por lo que la Guerra C\u00edvil Espa\u00f1ola es una herida que involucra m\u00e1s de lo que se piensa a la sociedad rusa. Es importante resaltar tambi\u00e9n este aspecto en este trabajo, donde la prensa y la opini\u00f3n p\u00fablica son los protagonistas y como ocurre desde el remoto pasado hasta los d\u00edas de hoy hay cosas que voluntariamente por verg\u00fcenza o por cualquier otro motivo no tienen lugar en la prensa y no trascienden a la opini\u00f3n p\u00fablica y son piezas olvidadas que no encajan ya en este puzle que denominamos memoria hist\u00f3rica.<\/p>\n<p style=\"text-align: center\">***<\/p>\n<p><iframe loading=\"lazy\" title=\"\u0412\u0441\u044f \u043f\u0440\u0430\u0432\u0434\u0430 \u043e\u0431 \u0438\u043d\u0442\u0435\u0440\u0431\u0440\u0438\u0433\u0430\u0434\u0430\u0445. \u0418\u0441\u043f\u0430\u043d\u0438\u044f 1936-1939\" width=\"500\" height=\"281\" src=\"https:\/\/www.youtube.com\/embed\/1VMBDW1Ez4I?feature=oembed\" frameborder=\"0\" allow=\"accelerometer; autoplay; clipboard-write; encrypted-media; gyroscope; picture-in-picture; web-share\" referrerpolicy=\"strict-origin-when-cross-origin\" allowfullscreen><\/iframe><\/p>\n<p>Documental, <strong>&#8220;Toda la verdad sobre las Interbrigadas. Espa\u00f1a 1936-1939&#8221;<\/strong>. Producido por la televisi\u00f3n Rusa<\/p>\n<p style=\"text-align: center\">***<\/p>\n<p><a href=\"http:\/\/www.youtube.com\/watch?v=7pT_c8hPgLk\">http:\/\/www.youtube.com\/watch?v=7pT_c8hPgLk<\/a><\/p>\n<p style=\"text-align: justify\"><strong>&#8220;Guerra c\u00edvil en Espa\u00f1a; 80 a\u00f1os de preguntas y respuestas&#8221;<\/strong><\/p>\n<p style=\"text-align: justify\">En julio de 1936, comenz\u00f3 la guerra civil en Espa\u00f1a.\u00a0\u00bfQu\u00e9 fuerzas estaban detr\u00e1s de los pa\u00edses combatientes? \u00bfEra realmente la guerra un choque entre la democracia y el fascismo? \u00bfPor qu\u00e9 Stalin no sigui\u00f3 hasta el final con el apoyo a los Republicanos? \u00bfQuien formaba parte de las brigadas sovi\u00e9ticas?\u00a0\u00a0Seg\u00fan el historiador espa\u00f1ol C\u00e9sar Vidal Manzanares, eran sobre todo la KGB sovi\u00e9tica, que destruy\u00f3 la intelectualidad espa\u00f1ola y la oposici\u00f3n trotskista en el gobierno. \u00bfA quien apoy\u00f3 el Occidente? \u00bf Y si le era beneficioso para Espa\u00f1a\u00a0la victoria de la fuerza bruta del fascismo? Sobre todas estas preguntas en directo en <a href=\"http:\/\/www.pravda.ru\/\">Pravda.ru\u00a0<\/a>\u00a0debatiran las respuestas el historiador ruso, docente de la Universidad Estatal de Mosc\u00fa,\u00a0\u00a0<a href=\"https:\/\/ru.wikipedia.org\/wiki\/%D0%90%D0%B9%D1%80%D0%B0%D0%BF%D0%B5%D1%82%D0%BE%D0%B2,_%D0%9E%D0%BB%D0%B5%D0%B3_%D0%A0%D1%83%D0%B4%D0%BE%D0%BB%D1%8C%D1%84%D0%BE%D0%B2%D0%B8%D1%87\">Oleg Airapetov <\/a>e historiador <a href=\"https:\/\/ru.wikipedia.org\/wiki\/%D0%9A%D0%BE%D0%BB%D0%BF%D0%B0%D0%BA%D0%B8%D0%B4%D0%B8,_%D0%90%D0%BB%D0%B5%D0%BA%D1%81%D0%B0%D0%BD%D0%B4%D1%80_%D0%98%D0%B2%D0%B0%D0%BD%D0%BE%D0%B2%D0%B8%D1%87\">Alexander Kolpakidi<\/a>. La presentadora; Lubov\u00a0Lyul&#8217;ko.<\/p>\n<p style=\"text-align: justify\">Desafortunadamente el video solo esta en ruso, aunque s\u00ed es de inter\u00e9s\u00a0<a href=\"http:\/\/www.pravda.ru\/\">Pravda.ru\u00a0<\/a>\u00a0tiene un canal en youtube de similar contenido en ingles;<\/p>\n<p><a href=\"https:\/\/www.youtube.com\/user\/PravdaTV\">https:\/\/www.youtube.com\/user\/PravdaTV<\/a><\/p>\n<p>Videoteca de\u00a0<a href=\"http:\/\/www.pravda.ru\/\">Pravda.ru\u00a0<\/a>:<\/p>\n<p><a href=\"http:\/\/www.pravda.ru\/video\/\">http:\/\/www.pravda.ru\/video\/<\/a><\/p>\n","protected":false},"excerpt":{"rendered":"<p>&#8220;Pel\u00edcula Documental sobre la Guerra C\u00edvil Espa\u00f1ola&#8221;, producido por la URSS en 1939. Subtitulado en Italiano. *** (Cr\u00f3nicas de la URSS 1936-39) *** \u00a0&#8220;Voluntarios rusos en la Guerra C\u00edvil Espa\u00f1ola. Al lado de Franco y de la Rep\u00fablica&#8221;. Producido por la televisi\u00f3n Rusa. Documental muy interesante y aportativo en informaci\u00f3n ya que trata de un [&hellip;]<\/p>\n","protected":false},"author":3353,"featured_media":0,"parent":39,"menu_order":2,"comment_status":"closed","ping_status":"closed","template":"","meta":{"footnotes":""},"class_list":["post-54","page","type-page","status-publish","hentry"],"_links":{"self":[{"href":"https:\/\/blogs.ua.es\/nevaenalicante\/wp-json\/wp\/v2\/pages\/54","targetHints":{"allow":["GET"]}}],"collection":[{"href":"https:\/\/blogs.ua.es\/nevaenalicante\/wp-json\/wp\/v2\/pages"}],"about":[{"href":"https:\/\/blogs.ua.es\/nevaenalicante\/wp-json\/wp\/v2\/types\/page"}],"author":[{"embeddable":true,"href":"https:\/\/blogs.ua.es\/nevaenalicante\/wp-json\/wp\/v2\/users\/3353"}],"replies":[{"embeddable":true,"href":"https:\/\/blogs.ua.es\/nevaenalicante\/wp-json\/wp\/v2\/comments?post=54"}],"version-history":[{"count":9,"href":"https:\/\/blogs.ua.es\/nevaenalicante\/wp-json\/wp\/v2\/pages\/54\/revisions"}],"predecessor-version":[{"id":380,"href":"https:\/\/blogs.ua.es\/nevaenalicante\/wp-json\/wp\/v2\/pages\/54\/revisions\/380"}],"up":[{"embeddable":true,"href":"https:\/\/blogs.ua.es\/nevaenalicante\/wp-json\/wp\/v2\/pages\/39"}],"wp:attachment":[{"href":"https:\/\/blogs.ua.es\/nevaenalicante\/wp-json\/wp\/v2\/media?parent=54"}],"curies":[{"name":"wp","href":"https:\/\/api.w.org\/{rel}","templated":true}]}}