{"id":56,"date":"2016-12-07T14:43:03","date_gmt":"2016-12-07T14:43:03","guid":{"rendered":"https:\/\/blogs.ua.es\/nevaenalicante\/?page_id=56"},"modified":"2016-12-13T10:59:50","modified_gmt":"2016-12-13T10:59:50","slug":"instrumental-empleado-metodo-kayser","status":"publish","type":"page","link":"https:\/\/blogs.ua.es\/nevaenalicante\/llegada-del-neva-a-alicante-reflejo-de-la-noticia-en-prensa\/instrumental-empleado-metodo-kayser\/","title":{"rendered":"Neva en el ABC"},"content":{"rendered":"<h2 style=\"text-align: justify\"><strong>El <em>&#8220;Neva&#8221;<\/em> en Alicante su reflejo en el <em>&#8220;ABC&#8221;<\/em><\/strong><\/h2>\n<p style=\"text-align: justify\">Durante la guerra civil, la prensa fue utilizada como herramienta del poder pol\u00edtico. Ambos mandos, utilizaron la propaganda a trav\u00e9s de la prensa para ganarse a sus lectores, mediante la manipulaci\u00f3n. Por lo tanto, la noticia no fue tratada de la misma forma entre los diarios. El bando sublevado supo hacer un buen uso de este medio de comunicaci\u00f3n, generando miedo en el lector y al mismo tiempo tratando de justificar la intervenci\u00f3n de su ej\u00e9rcito\u00a0<a href=\"#_ftn1\" name=\"_ftnref1\">[1]<\/a>.<\/p>\n<p style=\"text-align: justify\">El ABC de Sevilla es un claro ejemplo de intencionalidad, durante la contienda, en manos de los sublevados, es por eso que hemos elegido el estudio de este diario, para poder acercarnos a comprender la lectura de su estrategia, desde la ausencia de la noticia. El vac\u00edo, nos permite comprender que no interesa al bando nacional que sus lectores \u00a0sepan de ella, por lo tanto, la no comunicaci\u00f3n es otra manera de comunicar al lector.<\/p>\n<p style=\"text-align: justify\">El \u201cNeva\u201d, llega al puerto de Alicante, el 18 de octubre del 1936. A partir de ese d\u00eda revisamos el diario ABC de Sevilla, poniendo de fecha tope el 6 de noviembre, que es cuando aparece\u00a0 en la edici\u00f3n de la ma\u00f1ana\u00a0 del ABC de Madrid, una noticia haciendo referencia al vapor ruso y \u00a0al \u201cComit\u00e9 de no Intervenci\u00f3n\u201d reunido en Londres,\u00a0 con el objetivo de crear un sistema de supervisi\u00f3n.<\/p>\n<p style=\"text-align: justify\">El \u00a0\u201cNeva\u201d, no aparece en el diario del ABC de Sevilla, en este periodo que establecemos, por lo tanto su silencio demuestra que \u00a0no todos los medios van a tratar una misma noticia igual. Pretendiendo con este silencio negar cualquier tipo de ayuda al bando republicano y por otro lado tranquilizar al bando sublevado.<\/p>\n<p style=\"text-align: justify\">Esto es un claro ejemplo, del uso de la comunicaci\u00f3n para fines partidistas, manipulando de esta manera \u00a0los sentimientos de las gentes.<\/p>\n<p style=\"text-align: right\"><strong>Notas al pie de p\u00e1gina:<\/strong><\/p>\n<p style=\"text-align: right\"><a href=\"#_ftnref1\" name=\"_ftn1\">[1]<\/a> <a href=\"https:\/\/argonauta.revues.org\/1195\">https:\/\/argonauta.revues.org\/1195<\/a><\/p>\n<p style=\"text-align: justify\">\n","protected":false},"excerpt":{"rendered":"<p>El &#8220;Neva&#8221; en Alicante su reflejo en el &#8220;ABC&#8221; Durante la guerra civil, la prensa fue utilizada como herramienta del poder pol\u00edtico. Ambos mandos, utilizaron la propaganda a trav\u00e9s de la prensa para ganarse a sus lectores, mediante la manipulaci\u00f3n. Por lo tanto, la noticia no fue tratada de la misma forma entre los diarios. [&hellip;]<\/p>\n","protected":false},"author":3353,"featured_media":365,"parent":120,"menu_order":0,"comment_status":"closed","ping_status":"closed","template":"","meta":{"footnotes":""},"class_list":["post-56","page","type-page","status-publish","has-post-thumbnail","hentry"],"_links":{"self":[{"href":"https:\/\/blogs.ua.es\/nevaenalicante\/wp-json\/wp\/v2\/pages\/56","targetHints":{"allow":["GET"]}}],"collection":[{"href":"https:\/\/blogs.ua.es\/nevaenalicante\/wp-json\/wp\/v2\/pages"}],"about":[{"href":"https:\/\/blogs.ua.es\/nevaenalicante\/wp-json\/wp\/v2\/types\/page"}],"author":[{"embeddable":true,"href":"https:\/\/blogs.ua.es\/nevaenalicante\/wp-json\/wp\/v2\/users\/3353"}],"replies":[{"embeddable":true,"href":"https:\/\/blogs.ua.es\/nevaenalicante\/wp-json\/wp\/v2\/comments?post=56"}],"version-history":[{"count":7,"href":"https:\/\/blogs.ua.es\/nevaenalicante\/wp-json\/wp\/v2\/pages\/56\/revisions"}],"predecessor-version":[{"id":363,"href":"https:\/\/blogs.ua.es\/nevaenalicante\/wp-json\/wp\/v2\/pages\/56\/revisions\/363"}],"up":[{"embeddable":true,"href":"https:\/\/blogs.ua.es\/nevaenalicante\/wp-json\/wp\/v2\/pages\/120"}],"wp:featuredmedia":[{"embeddable":true,"href":"https:\/\/blogs.ua.es\/nevaenalicante\/wp-json\/wp\/v2\/media\/365"}],"wp:attachment":[{"href":"https:\/\/blogs.ua.es\/nevaenalicante\/wp-json\/wp\/v2\/media?parent=56"}],"curies":[{"name":"wp","href":"https:\/\/api.w.org\/{rel}","templated":true}]}}