{"id":64,"date":"2016-12-07T14:51:36","date_gmt":"2016-12-07T14:51:36","guid":{"rendered":"https:\/\/blogs.ua.es\/nevaenalicante\/?page_id=64"},"modified":"2016-12-13T16:22:11","modified_gmt":"2016-12-13T16:22:11","slug":"espana-nacional","status":"publish","type":"page","link":"https:\/\/blogs.ua.es\/nevaenalicante\/anexos\/espana-nacional\/","title":{"rendered":"Galeria de Imagenes"},"content":{"rendered":"<p><img loading=\"lazy\" decoding=\"async\" class=\" wp-image-4 aligncenter\" src=\"https:\/\/blogs.ua.es\/nevaenalicante\/files\/2016\/12\/FullSizeRender-300x202.jpg\" alt=\"fullsizerender\" width=\"436\" height=\"294\" srcset=\"https:\/\/blogs.ua.es\/nevaenalicante\/files\/2016\/12\/FullSizeRender-300x202.jpg 300w, https:\/\/blogs.ua.es\/nevaenalicante\/files\/2016\/12\/FullSizeRender-768x518.jpg 768w, https:\/\/blogs.ua.es\/nevaenalicante\/files\/2016\/12\/FullSizeRender-1024x690.jpg 1024w, https:\/\/blogs.ua.es\/nevaenalicante\/files\/2016\/12\/FullSizeRender.jpg 1403w\" sizes=\"auto, (max-width: 436px) 100vw, 436px\" \/><\/p>\n<p style=\"text-align: center\"><em>( Fotograma sacado del documental &#8220;Mi s vami&#8221; (&#8220;Estamos con vosotros&#8221;) de 1936. De la productora Soiuzkinocronika)<\/em><\/p>\n<p style=\"text-align: center\"><img loading=\"lazy\" decoding=\"async\" class=\"alignnone wp-image-340\" src=\"https:\/\/blogs.ua.es\/nevaenalicante\/files\/2016\/12\/021-300x197.jpg\" alt=\"021\" width=\"508\" height=\"334\" srcset=\"https:\/\/blogs.ua.es\/nevaenalicante\/files\/2016\/12\/021-300x197.jpg 300w, https:\/\/blogs.ua.es\/nevaenalicante\/files\/2016\/12\/021-768x505.jpg 768w, https:\/\/blogs.ua.es\/nevaenalicante\/files\/2016\/12\/021.jpg 993w\" sizes=\"auto, (max-width: 508px) 100vw, 508px\" \/><\/p>\n<p><em>(Cartel con la imagen de Stalin en la Rambla. La ayuda militar soci\u00e9tica fue uno de los factores clave del ascenso del Partido Comunista durante la guerra. (S\u00e1nchez, AMA)<\/em><\/p>\n<p>Fuente Alicante Vivo: <a href=\"http:\/\/www.alicantevivo.org\/2008\/04\/la-guerra-civil-en-alicante.html\">http:\/\/www.alicantevivo.org\/2008\/04\/la-guerra-civil-en-alicante.html<\/a><\/p>\n<p><img loading=\"lazy\" decoding=\"async\" class=\"alignnone wp-image-341\" src=\"https:\/\/blogs.ua.es\/nevaenalicante\/files\/2016\/12\/05-300x202.jpg\" alt=\"05\" width=\"590\" height=\"397\" srcset=\"https:\/\/blogs.ua.es\/nevaenalicante\/files\/2016\/12\/05-300x202.jpg 300w, https:\/\/blogs.ua.es\/nevaenalicante\/files\/2016\/12\/05-768x516.jpg 768w, https:\/\/blogs.ua.es\/nevaenalicante\/files\/2016\/12\/05.jpg 977w\" sizes=\"auto, (max-width: 590px) 100vw, 590px\" \/><\/p>\n<p>(<em>Un acto de Altavoz del Frente, en el Teatro Principal. Altavoz del Frente era una organizaci\u00f3n de la Alianza de Intelectuales Antifascistas en la que se integraron muchos hombres de la cultura alicantina: Gast\u00f3n Castell\u00f3, Melchor Aracil, Jos\u00e9 Juan, Antonio Blanca o Jos\u00e9 Ram\u00f3n Clemente (S\u00e1nchez, AMA)<\/em><\/p>\n<p>Fuene Alicante Vivo: <a href=\"http:\/\/www.alicantevivo.org\/2008\/04\/la-guerra-civil-en-alicante.html\">http:\/\/www.alicantevivo.org\/2008\/04\/la-guerra-civil-en-alicante.html\u00a0<\/a><\/p>\n<p><strong>\u00a0<\/strong><\/p>\n<p style=\"text-align: center\"><img loading=\"lazy\" decoding=\"async\" class=\"alignnone wp-image-159\" src=\"https:\/\/blogs.ua.es\/nevaenalicante\/files\/2016\/12\/19361228_soviet_vessel_spanish_port_alicante_military_supplies_spanish_republic-300x218.jpg\" alt=\"19361228_soviet_vessel_spanish_port_alicante_military_supplies_spanish_republic\" width=\"468\" height=\"340\" srcset=\"https:\/\/blogs.ua.es\/nevaenalicante\/files\/2016\/12\/19361228_soviet_vessel_spanish_port_alicante_military_supplies_spanish_republic-300x218.jpg 300w, https:\/\/blogs.ua.es\/nevaenalicante\/files\/2016\/12\/19361228_soviet_vessel_spanish_port_alicante_military_supplies_spanish_republic.jpg 750w\" sizes=\"auto, (max-width: 468px) 100vw, 468px\" \/><\/p>\n<p style=\"text-align: center\"><em>(El carguero sovi\u00e9tico Kursk desembarcando material militar para la Rep\u00fablica en el puerto de Alicante)<\/em><\/p>\n<p style=\"text-align: center\"><img loading=\"lazy\" decoding=\"async\" class=\"alignnone wp-image-138\" src=\"https:\/\/blogs.ua.es\/nevaenalicante\/files\/2016\/12\/Captura-300x191.png\" alt=\"captura\" width=\"434\" height=\"276\" srcset=\"https:\/\/blogs.ua.es\/nevaenalicante\/files\/2016\/12\/Captura-300x191.png 300w, https:\/\/blogs.ua.es\/nevaenalicante\/files\/2016\/12\/Captura-768x488.png 768w, https:\/\/blogs.ua.es\/nevaenalicante\/files\/2016\/12\/Captura.png 868w\" sizes=\"auto, (max-width: 434px) 100vw, 434px\" \/><\/p>\n<p style=\"text-align: center\"><em>(Manifestaci\u00f3n &#8220;Pro-Komsomol&#8221; en la puerta del Sol en Madrid, el 6 de febrero de 1937)<\/em><\/p>\n<p style=\"text-align: center\"><img loading=\"lazy\" decoding=\"async\" class=\"alignnone wp-image-144\" src=\"https:\/\/blogs.ua.es\/nevaenalicante\/files\/2016\/12\/images.jpg\" alt=\"images\" width=\"398\" height=\"263\" \/><\/p>\n<p style=\"text-align: center\"><em>(&#8220;Stalin capitaneando la URSS de Victoria a Victoria&#8221;Cartel publicado en 1933 )<\/em><\/p>\n<p style=\"text-align: center\"><em><img loading=\"lazy\" decoding=\"async\" class=\"alignnone wp-image-148\" src=\"https:\/\/blogs.ua.es\/nevaenalicante\/files\/2016\/12\/\u041a\u043e\u043d\u0441\u0442\u0438\u0442\u0443\u0446\u0438\u044f_\u0421\u0421\u0421\u0420_1936_\u0433\u043e\u0434\u0430_3-212x300.png\" alt=\"%d0%ba%d0%be%d0%bd%d1%81%d1%82%d0%b8%d1%82%d1%83%d1%86%d0%b8%d1%8f_%d1%81%d1%81%d1%81%d1%80_1936_%d0%b3%d0%be%d0%b4%d0%b0_3\" width=\"280\" height=\"398\" srcset=\"https:\/\/blogs.ua.es\/nevaenalicante\/files\/2016\/12\/\u041a\u043e\u043d\u0441\u0442\u0438\u0442\u0443\u0446\u0438\u044f_\u0421\u0421\u0421\u0420_1936_\u0433\u043e\u0434\u0430_3-212x300.png 212w, https:\/\/blogs.ua.es\/nevaenalicante\/files\/2016\/12\/\u041a\u043e\u043d\u0441\u0442\u0438\u0442\u0443\u0446\u0438\u044f_\u0421\u0421\u0421\u0420_1936_\u0433\u043e\u0434\u0430_3.png 330w\" sizes=\"auto, (max-width: 280px) 100vw, 280px\" \/><\/em><\/p>\n<p style=\"text-align: center\"><em>(Portada de la Constituci\u00f3n Sovi\u00e9tica o de Stalin de 1936)<\/em><\/p>\n<p style=\"text-align: center\"><img loading=\"lazy\" decoding=\"async\" class=\"alignnone wp-image-151\" src=\"https:\/\/blogs.ua.es\/nevaenalicante\/files\/2016\/12\/\u0418\u0441\u043f\u0430\u043d\u0441\u043a\u0430\u044f_11_\u0438\u043d\u0442\u0435\u0440\u0431\u0440\u0438\u0433\u0430\u0434\u0430_\u0432_\u0431\u043e\u044e_\u043f\u043e\u0434_\u0411\u0435\u043b\u044c\u0447\u0438\u0442\u0435._1937-300x233.jpg\" alt=\"%d0%b8%d1%81%d0%bf%d0%b0%d0%bd%d1%81%d0%ba%d0%b0%d1%8f_11_%d0%b8%d0%bd%d1%82%d0%b5%d1%80%d0%b1%d1%80%d0%b8%d0%b3%d0%b0%d0%b4%d0%b0_%d0%b2_%d0%b1%d0%be%d1%8e_%d0%bf%d0%be%d0%b4_%d0%b1%d0%b5%d0%bb%d1%8c\" width=\"406\" height=\"316\" srcset=\"https:\/\/blogs.ua.es\/nevaenalicante\/files\/2016\/12\/\u0418\u0441\u043f\u0430\u043d\u0441\u043a\u0430\u044f_11_\u0438\u043d\u0442\u0435\u0440\u0431\u0440\u0438\u0433\u0430\u0434\u0430_\u0432_\u0431\u043e\u044e_\u043f\u043e\u0434_\u0411\u0435\u043b\u044c\u0447\u0438\u0442\u0435._1937-300x233.jpg 300w, https:\/\/blogs.ua.es\/nevaenalicante\/files\/2016\/12\/\u0418\u0441\u043f\u0430\u043d\u0441\u043a\u0430\u044f_11_\u0438\u043d\u0442\u0435\u0440\u0431\u0440\u0438\u0433\u0430\u0434\u0430_\u0432_\u0431\u043e\u044e_\u043f\u043e\u0434_\u0411\u0435\u043b\u044c\u0447\u0438\u0442\u0435._1937.jpg 514w\" sizes=\"auto, (max-width: 406px) 100vw, 406px\" \/><\/p>\n<p style=\"text-align: center\"><em>(Tanque de origen sovi\u00e9tico T-26B\u00a0durante la batalla de Belchite, septiembre de 1937\u00a0)<\/em><\/p>\n<p style=\"text-align: center\"><img loading=\"lazy\" decoding=\"async\" class=\"alignnone wp-image-152\" src=\"https:\/\/blogs.ua.es\/nevaenalicante\/files\/2016\/12\/KirovTKA-G-5-1940-300x214.jpg\" alt=\"kirovtka-g-5-1940\" width=\"421\" height=\"300\" srcset=\"https:\/\/blogs.ua.es\/nevaenalicante\/files\/2016\/12\/KirovTKA-G-5-1940-300x214.jpg 300w, https:\/\/blogs.ua.es\/nevaenalicante\/files\/2016\/12\/KirovTKA-G-5-1940-768x547.jpg 768w, https:\/\/blogs.ua.es\/nevaenalicante\/files\/2016\/12\/KirovTKA-G-5-1940-1024x730.jpg 1024w, https:\/\/blogs.ua.es\/nevaenalicante\/files\/2016\/12\/KirovTKA-G-5-1940.jpg 1566w\" sizes=\"auto, (max-width: 421px) 100vw, 421px\" \/><\/p>\n<p style=\"text-align: center\"><em>(Lancha torpedera sovi\u00e9tica de clase G-5 pasando por proa del crucero Kirov)\u00a0<\/em><\/p>\n<p style=\"text-align: center\"><img loading=\"lazy\" decoding=\"async\" class=\"alignnone wp-image-155\" src=\"https:\/\/blogs.ua.es\/nevaenalicante\/files\/2016\/12\/Ilustracion-diario-Maine-voluntarios-rumanos_EDIIMA20161106_0281_20-221x300.jpg\" alt=\"ilustracion-diario-maine-voluntarios-rumanos_ediima20161106_0281_20\" width=\"347\" height=\"471\" srcset=\"https:\/\/blogs.ua.es\/nevaenalicante\/files\/2016\/12\/Ilustracion-diario-Maine-voluntarios-rumanos_EDIIMA20161106_0281_20-221x300.jpg 221w, https:\/\/blogs.ua.es\/nevaenalicante\/files\/2016\/12\/Ilustracion-diario-Maine-voluntarios-rumanos_EDIIMA20161106_0281_20.jpg 394w\" sizes=\"auto, (max-width: 347px) 100vw, 347px\" \/><\/p>\n<p style=\"text-align: center\"><em>(Ilustraci\u00f3n del diario &#8216;Asi si Maine&#8217; de voluntarios rumanos para Brigadas Internacionales)<\/em><\/p>\n<p style=\"text-align: center\"><img loading=\"lazy\" decoding=\"async\" class=\"alignnone wp-image-196\" src=\"https:\/\/blogs.ua.es\/nevaenalicante\/files\/2016\/12\/IMG0056.jpg\" alt=\"img0056\" width=\"261\" height=\"371\" \/><\/p>\n<p style=\"text-align: center\">(Ilustraci\u00f3n de interbrigadas con Ej\u00e9rcito republicano espa\u00f1ol)<\/p>\n<p><img loading=\"lazy\" decoding=\"async\" class=\"wp-image-177 aligncenter\" src=\"https:\/\/blogs.ua.es\/nevaenalicante\/files\/2016\/12\/bb.jpg\" alt=\"bb\" width=\"280\" height=\"443\" \/><\/p>\n<p style=\"text-align: center\">(<a href=\"https:\/\/es.wikipedia.org\/wiki\/Juan_Ignacio_Luca_de_Tena\">Juan Ignacio Luca de Tena y Garc\u00eda de Torres<\/a>.\u00a0director de <i><a class=\"mw-redirect\" title=\"ABC (Espa\u00f1a)\" href=\"https:\/\/es.wikipedia.org\/wiki\/ABC_(Espa%C3%B1a)\">ABC<\/a><\/i> a la muerte de su padre, en 1929 fund\u00f3 ABC de Sevilla.)<\/p>\n<p style=\"text-align: center\"><img loading=\"lazy\" decoding=\"async\" class=\"alignnone size-full wp-image-176\" src=\"https:\/\/blogs.ua.es\/nevaenalicante\/files\/2016\/12\/aa.jpg\" alt=\"aa\" width=\"229\" height=\"229\" srcset=\"https:\/\/blogs.ua.es\/nevaenalicante\/files\/2016\/12\/aa.jpg 229w, https:\/\/blogs.ua.es\/nevaenalicante\/files\/2016\/12\/aa-150x150.jpg 150w\" sizes=\"auto, (max-width: 229px) 100vw, 229px\" \/><\/p>\n<p style=\"text-align: center\">(Torcuato Luca de Tena Brunet. Fundador ABC de Madrid 1903)<\/p>\n","protected":false},"excerpt":{"rendered":"<p>( Fotograma sacado del documental &#8220;Mi s vami&#8221; (&#8220;Estamos con vosotros&#8221;) de 1936. De la productora Soiuzkinocronika) (Cartel con la imagen de Stalin en la Rambla. La ayuda militar soci\u00e9tica fue uno de los factores clave del ascenso del Partido Comunista durante la guerra. (S\u00e1nchez, AMA) Fuente Alicante Vivo: http:\/\/www.alicantevivo.org\/2008\/04\/la-guerra-civil-en-alicante.html (Un acto de Altavoz del [&hellip;]<\/p>\n","protected":false},"author":3353,"featured_media":0,"parent":39,"menu_order":1,"comment_status":"closed","ping_status":"closed","template":"","meta":{"footnotes":""},"class_list":["post-64","page","type-page","status-publish","hentry"],"_links":{"self":[{"href":"https:\/\/blogs.ua.es\/nevaenalicante\/wp-json\/wp\/v2\/pages\/64","targetHints":{"allow":["GET"]}}],"collection":[{"href":"https:\/\/blogs.ua.es\/nevaenalicante\/wp-json\/wp\/v2\/pages"}],"about":[{"href":"https:\/\/blogs.ua.es\/nevaenalicante\/wp-json\/wp\/v2\/types\/page"}],"author":[{"embeddable":true,"href":"https:\/\/blogs.ua.es\/nevaenalicante\/wp-json\/wp\/v2\/users\/3353"}],"replies":[{"embeddable":true,"href":"https:\/\/blogs.ua.es\/nevaenalicante\/wp-json\/wp\/v2\/comments?post=64"}],"version-history":[{"count":12,"href":"https:\/\/blogs.ua.es\/nevaenalicante\/wp-json\/wp\/v2\/pages\/64\/revisions"}],"predecessor-version":[{"id":394,"href":"https:\/\/blogs.ua.es\/nevaenalicante\/wp-json\/wp\/v2\/pages\/64\/revisions\/394"}],"up":[{"embeddable":true,"href":"https:\/\/blogs.ua.es\/nevaenalicante\/wp-json\/wp\/v2\/pages\/39"}],"wp:attachment":[{"href":"https:\/\/blogs.ua.es\/nevaenalicante\/wp-json\/wp\/v2\/media?parent=64"}],"curies":[{"name":"wp","href":"https:\/\/api.w.org\/{rel}","templated":true}]}}