{"id":68,"date":"2016-12-07T14:54:19","date_gmt":"2016-12-07T14:54:19","guid":{"rendered":"https:\/\/blogs.ua.es\/nevaenalicante\/?page_id=68"},"modified":"2016-12-13T11:40:37","modified_gmt":"2016-12-13T11:40:37","slug":"glosario-especifico","status":"publish","type":"page","link":"https:\/\/blogs.ua.es\/nevaenalicante\/anexos\/glosario-especifico\/","title":{"rendered":"Glosario espec\u00edfico"},"content":{"rendered":"<p><strong>Art\u00edculos:\u00a0<img loading=\"lazy\" decoding=\"async\" class=\"alignnone size-medium wp-image-227 alignright\" src=\"https:\/\/blogs.ua.es\/nevaenalicante\/files\/2016\/12\/Jos\u00e9_Stalin_y_Le\u00f3n_Trotsky-300x224.jpg\" alt=\"jose_stalin_y_leon_trotsky\" width=\"300\" height=\"224\" srcset=\"https:\/\/blogs.ua.es\/nevaenalicante\/files\/2016\/12\/Jos\u00e9_Stalin_y_Le\u00f3n_Trotsky-300x224.jpg 300w, https:\/\/blogs.ua.es\/nevaenalicante\/files\/2016\/12\/Jos\u00e9_Stalin_y_Le\u00f3n_Trotsky.jpg 414w\" sizes=\"auto, (max-width: 300px) 100vw, 300px\" \/><\/strong><\/p>\n<p style=\"text-align: justify\">Son los<strong> \u00a0<\/strong>textos en el que comentan informaciones, exponen ideas o se discuten asuntos diversos.<\/p>\n<p style=\"text-align: justify\"><strong>Edici\u00f3n:<\/strong><\/p>\n<p style=\"text-align: justify\">En el caso de la prensa, y seg\u00fan el reglamento de la OJD, edici\u00f3n es producto o el conjunto de ejemplares impresos a partir de los mismos moldes o planchas. Algunas publicaciones ofrecen distintas ediciones.<br \/>\nConjunto de ejemplares de una publicaci\u00f3n peri\u00f3dica distribuidos y difundidos. La edici\u00f3n extraordinaria es la que lanzan los peri\u00f3dicos o las revistas cuando ya ha salido la normal. Tambi\u00e9n se entiende por edici\u00f3n a la acci\u00f3n de elaborar y organizar el contenido de una p\u00e1gina, secci\u00f3n o publicacion completa.<\/p>\n<p style=\"text-align: justify\"><strong>Editor:<\/strong><\/p>\n<p style=\"text-align: justify\">Periodista encargado de comprobar si la informaci\u00f3n es correcta en cuanto a su contenido, fuentes y redacci\u00f3n<strong>.<\/strong><br \/>\nEmpresario de medios impresos. Persona encargada de editar. No hay que confundirse con la voz inglesa que se traduce como director de una publicaci\u00f3n, mientras que el editor en ingl\u00e9s es publisher.<br \/>\n<strong>Editor de prensa<\/strong><br \/>\nTambi\u00e9n denominado editor de peri\u00f3dico, es una persona f\u00edsica que act\u00faa como representante del empresario, individual o social y su misi\u00f3n es velar por la fidelidad de la publicaci\u00f3n a los principios editoriales. Puede pertenecer a la sociedad titular de la empresa period\u00edstica en calidad de socio, o ser ajena a ella. Por supuesto puede ser el mismo empresario individual, el socio industrial o comanditario o un consejero delegado para esa misi\u00f3n. En definitiva, es la personificaci\u00f3n de los principios editoriales de la empresa informativa.<br \/>\n<strong>Editorial (El)<\/strong><br \/>\nOpini\u00f3n del medio sobre uno o varios temas de inter\u00e9s.<strong>\u00a0<\/strong>Art\u00edculo que expresa la opini\u00f3n del peri\u00f3dico. Se compone en l\u00ednea m\u00e1s larga que la columna natural y seg\u00fan sea el valor del cuerpo de composici\u00f3n del diario recibe un interlineado ligeramente mayor<\/p>\n<p style=\"text-align: justify\"><strong>Ficha catalogr\u00e1fica:<\/strong><\/p>\n<p style=\"text-align: justify\">Tarjeta de papel o cartulina de forma rectangular dimensi\u00f3n peque\u00f1a.\u00a0 En la que se fija la forma sintetizada del contenido y los caracteres externos de un documento \u00a0o de un libro de este modo se ofrece una idea de la materia o partes constitutivas facilitando el trabajo de los investigadores.<\/p>\n<p style=\"text-align: justify\"><strong>Fuente:<\/strong><br \/>\nPersona que, a t\u00edtulo individual o en nombre de la instituci\u00f3n o en funci\u00f3n del cargo que representa, informa a los medios<strong>.<\/strong><strong>\u00a0<\/strong><\/p>\n<p style=\"text-align: justify\"><strong>Hemerogr\u00e1fico:<\/strong><\/p>\n<p style=\"text-align: justify\">Es el conjunto de datos archivados, por temas, durante muchos a\u00f1os y que al consultarlos ves el proceso de informaci\u00f3n que ha tenido de a\u00f1os atr\u00e1s a la fecha de\u00a0 consulta.<\/p>\n<p style=\"text-align: justify\"><strong>Huecograbado:<\/strong><br \/>\nEs un sistema de impresi\u00f3n que ofrece una calidad superior a la del tipogr\u00e1fico, y que utiliza un procedimiento por el que las superficies de imprenta o zonas de la placa que se ha de imprimir tienen en hueco las porciones donde hay que colocar la tinta, la cual sale de ellos cuando el papel entra en contacto con la citada superficie en el momento de imprimir. La grabaci\u00f3n de un solo cilindro de huecograbado apenas necesitaba una hora para su terminaci\u00f3n. Se utilizaba para la parte exterior de los peri\u00f3dicos, en huecograbado, mucho m\u00e1s gr\u00e1fica, y el interior, m\u00e1s informativa, se imprim\u00eda en tipograf\u00eda.<\/p>\n<p style=\"text-align: justify\"><strong>Noticia:<\/strong><\/p>\n<p style=\"text-align: justify\">Narraci\u00f3n de hechos. Consta de dos partes entradilla o &#8220;lead&#8221; y cuerpo de la noticia. Pertenece al g\u00e9nero de informaci\u00f3n.<\/p>\n<p style=\"text-align: justify\"><strong>Neva:<\/strong><\/p>\n<p style=\"text-align: justify\"><strong>\u00a0<\/strong>Barco de vapor ruso. Concretamente se trata de una motonave.<\/p>\n<p style=\"text-align: justify\"><strong>Producci\u00f3n:<\/strong><\/p>\n<p style=\"text-align: justify\">Conjunto de operaciones que sirven para mejorar e incrementar la utilidad o el valor de los bienes.<\/p>\n<p style=\"text-align: justify\"><strong>Tirada de prensa:\u00a0<\/strong><br \/>\nCantidad<strong>\u00a0<\/strong>de ejemplares que se imprimen de una misma edici\u00f3n, desde el primero hasta el \u00faltimo, sean o no puestos en circulaci\u00f3n y cumplan posteriormente la funci\u00f3n de la difusi\u00f3n.<\/p>\n<p style=\"text-align: justify\"><strong>Tipograf\u00eda:<\/strong><\/p>\n<p style=\"text-align: justify\">T\u00e9cnica de imprimir textos o dibujos, a partir de tipos o moldes en relieve que, entintados, se aplican sobre el papel.<\/p>\n<p style=\"text-align: justify\"><strong>Ubicaci\u00f3n<a href=\"#_ftn1\" name=\"_ftnref1\">[1]<\/a><\/strong><strong>\u00a0:<\/strong><strong>\u00a0<\/strong><\/p>\n<p style=\"text-align: justify\">Est\u00e1 considerada desde dos puntos de vista:<\/p>\n<p style=\"text-align: justify\"><strong>(<\/strong>a) Paginaci\u00f3n<strong>.\u00a0\u00a0<\/strong>Se considera prioritaria la p\u00e1gina \u201cuno\u201d, por sobre el resto del peri\u00f3dico.\u00a0\u00a0La evaluaci\u00f3n siguiente est\u00e1 condicionada por los h\u00e1bitos de lectura, as\u00ed, cada diario, ofrece para sus p\u00e1ginas, una jerarqu\u00eda que le es propia y que es aceptada impl\u00edcitamente por sus lectores habituales.<\/p>\n<p style=\"text-align: justify\">(b)\u00a0\u00a0\u00a0Lugar en la p\u00e1gina<strong>.\u00a0\u00a0<\/strong>Existen ciertas ubicaciones que llaman m\u00e1s la atenci\u00f3n respecto a otras.\u00a0\u00a0Por lo que Kayser admite la hip\u00f3tesis: \u201cla mayor de los lectores leen un peri\u00f3dico de izquierda a derecha y de arriba a abajo\u2026lo que deduce que la cabeza del primer grupo de columnas, a la izquierda, en la \u2018uno\u2019, es el lugar privilegiado\u201d.<\/p>\n<p style=\"text-align: justify\">Lo anterior implica\u00a0\u00a0que un texto ubicado en la p\u00e1gina \u201cuno\u201d, ha sido juzgado como \u201cimportante\u201d por el peri\u00f3dico, y posee igual importancia para el lector; ya que el grado de esta jerarqu\u00eda es m\u00e1s manifiesto a\u00fan, si est\u00e1 a la cabeza de la columna, a la izquierda<\/p>\n<p style=\"text-align: justify\"><strong>Valorizaci\u00f3n<a href=\"#_ftn2\" name=\"_ftnref2\">[2]<\/a><\/strong><strong><em>\u00a0:<\/em><\/strong><\/p>\n<p style=\"text-align: justify\">Es la ubicaci\u00f3n que se le da a una informaci\u00f3n dentro de un diario, las caracter\u00edsticas de los t\u00edtulos y sus presentaci\u00f3n son factores que, de una u otra forma, presumen una influencia que su lectura ejerce sobre el lector, es decir, que la valorizaci\u00f3n consiste en la mayor o menor forma en que un diario destaca una informaci\u00f3n.<\/p>\n<p style=\"text-align: justify\"><strong><em>\u00a0<\/em><\/strong><\/p>\n<p style=\"text-align: right\">\u00a0<strong>Notas al pie de p\u00e1gina:<\/strong><\/p>\n<p style=\"text-align: right\"><a href=\"#_ftnref1\" name=\"_ftn1\">[1]<\/a> De un texto period\u00edstico, seg\u00fan\u00a0 el franc\u00e9s Jacke Kayser<\/p>\n<p style=\"text-align: right\"><a href=\"#_ftnref2\" name=\"_ftn2\">[2]<\/a> De un texto period\u00edstico, seg\u00fan\u00a0 el franc\u00e9s Jacke Kayser<\/p>\n","protected":false},"excerpt":{"rendered":"<p>Art\u00edculos:\u00a0 Son los \u00a0textos en el que comentan informaciones, exponen ideas o se discuten asuntos diversos. Edici\u00f3n: En el caso de la prensa, y seg\u00fan el reglamento de la OJD, edici\u00f3n es producto o el conjunto de ejemplares impresos a partir de los mismos moldes o planchas. Algunas publicaciones ofrecen distintas ediciones. Conjunto de ejemplares [&hellip;]<\/p>\n","protected":false},"author":3353,"featured_media":0,"parent":39,"menu_order":0,"comment_status":"closed","ping_status":"closed","template":"","meta":{"footnotes":""},"class_list":["post-68","page","type-page","status-publish","hentry"],"_links":{"self":[{"href":"https:\/\/blogs.ua.es\/nevaenalicante\/wp-json\/wp\/v2\/pages\/68","targetHints":{"allow":["GET"]}}],"collection":[{"href":"https:\/\/blogs.ua.es\/nevaenalicante\/wp-json\/wp\/v2\/pages"}],"about":[{"href":"https:\/\/blogs.ua.es\/nevaenalicante\/wp-json\/wp\/v2\/types\/page"}],"author":[{"embeddable":true,"href":"https:\/\/blogs.ua.es\/nevaenalicante\/wp-json\/wp\/v2\/users\/3353"}],"replies":[{"embeddable":true,"href":"https:\/\/blogs.ua.es\/nevaenalicante\/wp-json\/wp\/v2\/comments?post=68"}],"version-history":[{"count":7,"href":"https:\/\/blogs.ua.es\/nevaenalicante\/wp-json\/wp\/v2\/pages\/68\/revisions"}],"predecessor-version":[{"id":314,"href":"https:\/\/blogs.ua.es\/nevaenalicante\/wp-json\/wp\/v2\/pages\/68\/revisions\/314"}],"up":[{"embeddable":true,"href":"https:\/\/blogs.ua.es\/nevaenalicante\/wp-json\/wp\/v2\/pages\/39"}],"wp:attachment":[{"href":"https:\/\/blogs.ua.es\/nevaenalicante\/wp-json\/wp\/v2\/media?parent=68"}],"curies":[{"name":"wp","href":"https:\/\/api.w.org\/{rel}","templated":true}]}}