{"id":99,"date":"2016-12-08T16:17:13","date_gmt":"2016-12-08T16:17:13","guid":{"rendered":"https:\/\/blogs.ua.es\/nevaenalicante\/?page_id=99"},"modified":"2016-12-09T15:00:33","modified_gmt":"2016-12-09T15:00:33","slug":"el-metodo-de-j-kayser","status":"publish","type":"page","link":"https:\/\/blogs.ua.es\/nevaenalicante\/instrumental-metodologico-y-teorico\/instrumental-metodologico\/el-metodo-de-j-kayser\/","title":{"rendered":"El M\u00e9todo de J. Kayser"},"content":{"rendered":"<p style=\"text-align: justify\"><strong>El m\u00e9todo de Kayser \u00a0\u201cEl Peri\u00f3dico. Estudios de Morfolog\u00eda y de Prensa Comparada\u201d \u00a0<\/strong><\/p>\n<p style=\"text-align: justify\"><strong>Breve Introducci\u00f3n<\/strong><\/p>\n<p style=\"text-align: justify\">El objetivo del estudio del an\u00e1lisis morfol\u00f3gico, propuesto por <strong>Kayser<\/strong>, es la evaluaci\u00f3n de la <strong>estructura del diario y su presentaci\u00f3n<\/strong>. La finalidad es mostrarnos la <strong>influencia<\/strong> que tienen determinados agentes externos, tales como la disposici\u00f3n del peri\u00f3dico, el volumen y las ilustraciones, etc. y c\u00f3mo pueden llegar a ejercer <strong>sobre el lector<\/strong>, un valor peculiar a la informaci\u00f3n.<\/p>\n<p style=\"text-align: justify\">El autor, va a dividir el trabajo para el estudio del peri\u00f3dico, principalmente en tres partes:<\/p>\n<p style=\"text-align: justify\"><strong>a) La Personalidad del Peri\u00f3dico<\/strong><\/p>\n<p style=\"text-align: justify\"><em>\u00a0<\/em>\u00a0La UNESCO agrupa en\u00a0 la misma categor\u00eda los diarios y otros peri\u00f3dicos, as\u00ed pues, debiendo de cumplir las siguientes condiciones:<\/p>\n<ol style=\"text-align: justify\">\n<li>La publicaci\u00f3n debe ser impresa<\/li>\n<li>Debe ser ofrecida al p\u00fablico<\/li>\n<li>Debe presentarse en serie continua y bajo un mismo t\u00edtulo<\/li>\n<li>Hecha a intervalos regulares o irregulares, m\u00e1s de una vez por a\u00f1o<\/li>\n<li>Cada ejemplar debe de estar fechado y numerado:<\/li>\n<\/ol>\n<ul style=\"text-align: justify\">\n<li>se exige publicaci\u00f3n bajo un mismo t\u00edtulo<\/li>\n<li>su periodicidad da lugar a una clasificaci\u00f3n: cotidianos y no cotidianos <span style=\"color: #000000\"><b>(1)<\/b><\/span><\/li>\n<\/ul>\n<p style=\"text-align: justify\"><em>\u00a0<\/em>Registro de <strong>Identificaci\u00f3n<\/strong>, hace referencia a todo lo que respecta a la identidad del peri\u00f3dico como:<\/p>\n<ol style=\"text-align: justify\">\n<li>El nombre<\/li>\n<li>El lugar de residencia de la administraci\u00f3n y de la redacci\u00f3n<\/li>\n<li>Las indicaciones que pueden acompa\u00f1ar al nombre<\/li>\n<li>La periodicidad<\/li>\n<li>El momento de la aparici\u00f3n: ma\u00f1ana o tarde<\/li>\n<li>La zona principal de difusi\u00f3n<\/li>\n<li>El tiraje<\/li>\n<li>La fecha del primer n\u00famero y, si se trata de un peri\u00f3dico desaparecido, la fecha del \u00faltimo n\u00famero<\/li>\n<\/ol>\n<ol style=\"text-align: justify\">\n<li>El precio<\/li>\n<li>Las caracter\u00edsticas excepcionales de la vida del peri\u00f3dico<\/li>\n<li>El formato<\/li>\n<li>El n\u00famero de p\u00e1ginas y el n\u00famero de columnas por cada p\u00e1gina<\/li>\n<li>El nombre y direcci\u00f3n del impresor<\/li>\n<li>El n\u00famero de ediciones y la zona cubierta por cada edici\u00f3n<\/li>\n<\/ol>\n<p style=\"text-align: justify\"><strong>\u00a0<\/strong>Expediente de Identidad, son los datos que ata\u00f1e a la <strong>Estructura Jur\u00eddica y Financiera<\/strong> del peri\u00f3dico. Hay que destacar los siguientes puntos:<\/p>\n<ol style=\"text-align: justify\">\n<li>Estructura jur\u00eddica y financiera<\/li>\n<li>Condiciones de impresi\u00f3n<\/li>\n<li>Condiciones de distribuci\u00f3n<\/li>\n<li>Organizaci\u00f3n de la redacci\u00f3n<\/li>\n<li>L\u00ednea y Acci\u00f3n Pol\u00edtica<\/li>\n<\/ol>\n<p style=\"text-align: justify\"><strong>b) La Morfolog\u00eda del Peri\u00f3dico<\/strong><\/p>\n<p style=\"text-align: justify\"><strong>Elementos <\/strong>de Estructura:<\/p>\n<ol style=\"text-align: justify\">\n<li>La Publicidad<\/li>\n<li>Espacio de redacci\u00f3n: los t\u00edtulos, las ilustraciones, los textos.<\/li>\n<li>Clasificaci\u00f3n de las materias: por g\u00e9neros, por origen, marco geogr\u00e1fico, objetivo.<\/li>\n<li>los m\u00e9todos y las reglas:<\/li>\n<\/ol>\n<ul style=\"text-align: justify\">\n<li>M\u00e9todo de alcance general.<\/li>\n<li>Reglas para los estudios de prensa comparada.<\/li>\n<li>Procedimientos de recuento.<\/li>\n<li>Condiciones del recuento.<\/li>\n<li>Valor relativo. Valor absoluto<\/li>\n<\/ul>\n<p style=\"text-align: justify\"><strong>c) La Valoraci\u00f3n<\/strong><\/p>\n<p style=\"text-align: justify\">El autor dice <strong>(2)<\/strong> \u00a0que \u201cLos redactores o directores atraen, desv\u00edan, acrecientan, disminuyen o neutralizan la atenci\u00f3n del lector\u201d. Por lo tanto una informaci\u00f3n redactada en la <strong>primera p\u00e1gina<\/strong> con ilustraci\u00f3n o sin ella, no recibe la misma valoraci\u00f3n que la publicaci\u00f3n de otra p\u00e1gina, al igual que la <strong>\u00faltima p\u00e1gina,<\/strong> tambi\u00e9n se considera importante en la investigaci\u00f3n.<\/p>\n<p style=\"text-align: justify\">Por lo tanto, hay que tener en cuenta la importancia del texto, y \u00e9ste se valorar\u00e1 en funci\u00f3n de los siguientes elementos:<\/p>\n<ol style=\"text-align: justify\">\n<li style=\"text-align: justify\">La ubicaci\u00f3n:<\/li>\n<\/ol>\n<p style=\"text-align: justify\">Hay que tener en cuenta donde se sit\u00faa el texto, su p\u00e1gina y su lugar. Puesto que los lectores leen de izquierda a derecha.<\/p>\n<p style=\"text-align: justify\">2. Los t\u00edtulos, se estudian bajo tres aspectos importantes<\/p>\n<ul style=\"text-align: justify\">\n<li>Importancia Real, que trata de la dimensi\u00f3n y los caracteres empleados de los siguientes elementos: la ocupaci\u00f3n del columnaje, su altura, la ocupaci\u00f3n del espacio y de sus caracteres<\/li>\n<li>Importancia Relativa, ser\u00eda la comparaci\u00f3n de los t\u00edtulos en una misma p\u00e1gina.<\/li>\n<li>Contenido, es imprescindible considerarlo, a\u00fan teniendo un t\u00edtulo que no causa sensaci\u00f3n. Hay cuatro categor\u00edas de t\u00edtulos: informativos, explicativos, orientativos y sensacionalistas<\/li>\n<\/ul>\n<p style=\"text-align: justify\">3. La Presentaci\u00f3n, le afectan tres elementos:<\/p>\n<ul style=\"text-align: justify\">\n<li>La ilustraci\u00f3n depende del elemento f\u00edsico y cualitativo<\/li>\n<li>La tipograf\u00eda, va a emplear caracteres diferenciadores como, las may\u00fasculas, los subrayados, de it\u00e1licas, de exergos, etc.<\/li>\n<li>La estructura, agrupados en los siguientes elementos: fragmentaci\u00f3n, composici\u00f3n, origen y fuente, y por \u00faltimo la longitud.<\/li>\n<\/ul>\n<p style=\"text-align: justify\">4. La Selecci\u00f3n, el an\u00e1lisis del material no seleccionado en algunos casos puede revelar luz<\/p>\n<p style=\"text-align: justify\">5. La Forma de Valorizaci\u00f3n. V = U +T + P<\/p>\n<ul style=\"text-align: justify\">\n<li>La ubicaci\u00f3n, ser\u00edan dos elementos la inserci\u00f3n en la \u201cuno\u201d, o bien a la cabeza de la columna de la izquierda.<\/li>\n<li>Los t\u00edtulos, el m\u00e1s importante es el \u201ccolumnaje\u201d, tambi\u00e9n hay que considerar la altura, el espacio y los caracteres<\/li>\n<li>La presentaci\u00f3n, lo m\u00e1s importante es la ilustraci\u00f3n y en segundo lugar la tipograf\u00eda.<\/li>\n<li>La selecci\u00f3n<\/li>\n<\/ul>\n<p style=\"text-align: justify\">*El estudio del contenido no se debe reducir a un solo texto, s\u00ed a una serie de textos de un solo diario o de varios.<\/p>\n<p style=\"text-align: justify\">*Se valora el texto iniciado por un t\u00edtulo espectacular o acompa\u00f1ado de ilustraciones, tambi\u00e9n aquel que presenta una tipograf\u00eda diferente de lo habitual.<\/p>\n<p>&nbsp;<\/p>\n<p style=\"text-align: right\"><strong>Pie de p\u00e1gina:<\/strong><\/p>\n<h6 style=\"text-align: right\"><strong>(1)\u00a0Aparecen menos de cuatro veces por semana. La UNESCO establece tres subcategor\u00edas dentro de \u00e9stos.<\/strong><\/h6>\n<h6 style=\"text-align: right\"><strong>(2)\u00a0P\u00e1g. 79<\/strong><\/h6>\n","protected":false},"excerpt":{"rendered":"<p>El m\u00e9todo de Kayser \u00a0\u201cEl Peri\u00f3dico. Estudios de Morfolog\u00eda y de Prensa Comparada\u201d \u00a0 Breve Introducci\u00f3n El objetivo del estudio del an\u00e1lisis morfol\u00f3gico, propuesto por Kayser, es la evaluaci\u00f3n de la estructura del diario y su presentaci\u00f3n. La finalidad es mostrarnos la influencia que tienen determinados agentes externos, tales como la disposici\u00f3n del peri\u00f3dico, el [&hellip;]<\/p>\n","protected":false},"author":3353,"featured_media":165,"parent":92,"menu_order":1,"comment_status":"closed","ping_status":"closed","template":"","meta":{"footnotes":""},"class_list":["post-99","page","type-page","status-publish","has-post-thumbnail","hentry"],"_links":{"self":[{"href":"https:\/\/blogs.ua.es\/nevaenalicante\/wp-json\/wp\/v2\/pages\/99","targetHints":{"allow":["GET"]}}],"collection":[{"href":"https:\/\/blogs.ua.es\/nevaenalicante\/wp-json\/wp\/v2\/pages"}],"about":[{"href":"https:\/\/blogs.ua.es\/nevaenalicante\/wp-json\/wp\/v2\/types\/page"}],"author":[{"embeddable":true,"href":"https:\/\/blogs.ua.es\/nevaenalicante\/wp-json\/wp\/v2\/users\/3353"}],"replies":[{"embeddable":true,"href":"https:\/\/blogs.ua.es\/nevaenalicante\/wp-json\/wp\/v2\/comments?post=99"}],"version-history":[{"count":6,"href":"https:\/\/blogs.ua.es\/nevaenalicante\/wp-json\/wp\/v2\/pages\/99\/revisions"}],"predecessor-version":[{"id":168,"href":"https:\/\/blogs.ua.es\/nevaenalicante\/wp-json\/wp\/v2\/pages\/99\/revisions\/168"}],"up":[{"embeddable":true,"href":"https:\/\/blogs.ua.es\/nevaenalicante\/wp-json\/wp\/v2\/pages\/92"}],"wp:featuredmedia":[{"embeddable":true,"href":"https:\/\/blogs.ua.es\/nevaenalicante\/wp-json\/wp\/v2\/media\/165"}],"wp:attachment":[{"href":"https:\/\/blogs.ua.es\/nevaenalicante\/wp-json\/wp\/v2\/media?parent=99"}],"curies":[{"name":"wp","href":"https:\/\/api.w.org\/{rel}","templated":true}]}}