{"id":10,"date":"2010-03-05T10:08:47","date_gmt":"2010-03-05T10:08:47","guid":{"rendered":"https:\/\/blogs.ua.es\/niccolomachiavelli\/10\/"},"modified":"2010-05-25T17:34:18","modified_gmt":"2010-05-25T17:34:18","slug":"10","status":"publish","type":"page","link":"https:\/\/blogs.ua.es\/niccolomachiavelli\/10\/","title":{"rendered":"BIOGRAF\u00cdA"},"content":{"rendered":"<p style=\"text-align: justify\">Nicol\u00e1s Maquiavelo naci\u00f3 en Florencia, concretamente en <a href=\"http:\/\/es.wikipedia.org\/wiki\/San_Casciano_in_Val_di_Pesa\" target=\"_blank\">San Casciano in Val de Pesa,<\/a> en 1469, destacando su figura por ser un gran estadista, diplom\u00e1tico, fil\u00f3sofo pol\u00edtico y escritor. Siendo considerado como uno de los te\u00f3ricos pol\u00edticos m\u00e1s notable del Renacimiento.<\/p>\n<p style=\"text-align: justify\">A lo largo de su vida podr\u00edamos hablar claramente de tres apartados, su etapa de juventud, servicio civil y finalmente su etapa de exilio, con sus \u00faltimos a\u00f1os de vida.<\/p>\n<p style=\"text-align: justify\"><a href=\"https:\/\/blogs.ua.es\/niccolomachiavelli\/files\/2010\/03\/Maquiavelo1.jpg\"><img loading=\"lazy\" decoding=\"async\" class=\"alignleft size-full wp-image-132\" title=\"Maquiavelo\" src=\"https:\/\/blogs.ua.es\/niccolomachiavelli\/files\/2010\/03\/Maquiavelo1.jpg\" alt=\"\" width=\"179\" height=\"208\" \/><\/a>Nicol\u00e1s convivi\u00f3 con la etapa de gran esplendor de Florencia, bajo el mandato de Lorenzo de y Pedro M\u00e9dicis.<\/p>\n<p style=\"text-align: justify\">El italiano se consagr\u00f3 diplom\u00e1ticamente a una temprana edad, concretamente a los veinticinco a\u00f1os fue nombrado secretario del gobierno de Dei Dieci. Su principal objetivo pol\u00edtico fue preservar la soberan\u00eda de Florencia, siempre amenazada por las grandes potencias europeas, y para conseguirlo cre\u00f3 la milicia nacional en 1505. Posteriormente, desempe\u00f1\u00f3 algunas legaciones en algunos estados de Italia y Alemania, aspectos que despu\u00e9s se ver\u00edan reflejados en sus escritos.\u00a0 Durante su etapa como oficial Italia fue libre bajo el gobierno de una rep\u00fablica. Intent\u00f3 sin \u00e9xito propiciar el acercamiento de posiciones entre Luis XII de Francia y el papa Julio II, cuyo enfrentamiento termin\u00f3 con la derrota de los franceses y el regreso de los M\u00e9dicis. Sus actividades como oficial las realiz\u00f3 hasta 1512, cuando los M\u00e9dicis regresaron a Florencia y al poder, con el retorno de estos al poder fue despedido por decreto el 7 de noviembre de 1512. Siendo apresado y torturado por al pertenecer a una conspiraci\u00f3n contra los M\u00e9dicis.<\/p>\n<p style=\"text-align: justify\">Gracias al pont\u00edfice Le\u00f3n X fue liberado, tras mediar, retir\u00e1ndose a una peque\u00f1a propiedad que pose\u00eda en San Casciano in Val de Pesa (ciudad natal), momento en el que realizar\u00e1 la mayor parte de sus obras, un total de ocho entre 1513 y 1525. En una carta a Francesco Vettori, fechada en diciembre de 1513, dej\u00f3 una descripci\u00f3n interesante de su vida en ese per\u00edodo, y un esbozo de sus motivos para escribir <em>El Pr\u00edncipe<\/em>. Esta obra fue entregada a los M\u00e9dicis pero la rechazaron.<\/p>\n<p style=\"text-align: justify\">Pese a obtener amnist\u00eda en 1521, fue acusado de un hecho de conspiraci\u00f3n contra el poder de los M\u00e9dicis,<a href=\"https:\/\/blogs.ua.es\/niccolomachiavelli\/files\/2010\/03\/maquiavelo-2-FD.jpg\"><img loading=\"lazy\" decoding=\"async\" class=\"alignright size-medium wp-image-89\" title=\"maquiavelo-2-FD\" src=\"https:\/\/blogs.ua.es\/niccolomachiavelli\/files\/2010\/03\/maquiavelo-2-FD-282x300.jpg\" alt=\"\" width=\"150\" height=\"160\" srcset=\"https:\/\/blogs.ua.es\/niccolomachiavelli\/files\/2010\/03\/maquiavelo-2-FD-282x300.jpg 282w, https:\/\/blogs.ua.es\/niccolomachiavelli\/files\/2010\/03\/maquiavelo-2-FD.jpg 350w\" sizes=\"auto, (max-width: 150px) 100vw, 150px\" \/><\/a> acusaci\u00f3n falseada, siendo nuevamente acusado, encarcelado y torturado, logrando nuevamente su liberaci\u00f3n.\u00a0 Tras estos hechos se acerc\u00f3 nuevamente al campo pol\u00edtico, gracias al nuevo pont\u00edfice Clemente VII, este le encarg\u00f3 una obra sobre la Historia de Florencia, siendo acusado tras ella partidario de los M\u00e9dicis, hecho obsoleto ya que anteriormente hab\u00eda sido encarcelado por no ser af\u00edn al poder de los M\u00e9dicis.<\/p>\n<p style=\"text-align: justify\">Finalmente, su muerte se produjo en 1527, denostado por la opini\u00f3n p\u00fablica y en soledad.<\/p>\n<p style=\"text-align: justify\">\n<p style=\"text-align: justify\">\n<p style=\"text-align: justify\">PD: Consulta esta <a href=\"https:\/\/blogs.ua.es\/niccolomachiavelli\/2010\/05\/24\/video-maquiavelo-y-el-contexto-historico\/\" target=\"_blank\">entrada,<\/a> te servir\u00e1 para completar la informaci\u00f3n de este apartado.<\/p>\n","protected":false},"excerpt":{"rendered":"<p>Nicol\u00e1s Maquiavelo naci\u00f3 en Florencia, concretamente en San Casciano in Val de Pesa, en 1469, destacando su figura por ser un gran estadista, diplom\u00e1tico, fil\u00f3sofo pol\u00edtico y escritor. Siendo considerado como uno de los te\u00f3ricos pol\u00edticos m\u00e1s notable del Renacimiento. A lo largo de su vida podr\u00edamos hablar claramente de tres apartados, su etapa de [&hellip;]<\/p>\n","protected":false},"author":458,"featured_media":0,"parent":0,"menu_order":0,"comment_status":"open","ping_status":"open","template":"","meta":{"footnotes":""},"class_list":["post-10","page","type-page","status-publish","hentry"],"_links":{"self":[{"href":"https:\/\/blogs.ua.es\/niccolomachiavelli\/wp-json\/wp\/v2\/pages\/10","targetHints":{"allow":["GET"]}}],"collection":[{"href":"https:\/\/blogs.ua.es\/niccolomachiavelli\/wp-json\/wp\/v2\/pages"}],"about":[{"href":"https:\/\/blogs.ua.es\/niccolomachiavelli\/wp-json\/wp\/v2\/types\/page"}],"author":[{"embeddable":true,"href":"https:\/\/blogs.ua.es\/niccolomachiavelli\/wp-json\/wp\/v2\/users\/458"}],"replies":[{"embeddable":true,"href":"https:\/\/blogs.ua.es\/niccolomachiavelli\/wp-json\/wp\/v2\/comments?post=10"}],"version-history":[{"count":11,"href":"https:\/\/blogs.ua.es\/niccolomachiavelli\/wp-json\/wp\/v2\/pages\/10\/revisions"}],"predecessor-version":[{"id":91,"href":"https:\/\/blogs.ua.es\/niccolomachiavelli\/wp-json\/wp\/v2\/pages\/10\/revisions\/91"}],"wp:attachment":[{"href":"https:\/\/blogs.ua.es\/niccolomachiavelli\/wp-json\/wp\/v2\/media?parent=10"}],"curies":[{"name":"wp","href":"https:\/\/api.w.org\/{rel}","templated":true}]}}