{"id":369,"date":"2010-06-04T10:56:45","date_gmt":"2010-06-04T10:56:45","guid":{"rendered":"https:\/\/blogs.ua.es\/niccolomachiavelli\/?page_id=369"},"modified":"2010-06-04T11:01:41","modified_gmt":"2010-06-04T11:01:41","slug":"frases","status":"publish","type":"page","link":"https:\/\/blogs.ua.es\/niccolomachiavelli\/frases\/","title":{"rendered":"FRASES"},"content":{"rendered":"<p><strong><span style=\"color: #ff6600\">Adjunto una serie de frases recogidas de Nicol\u00e1s Maquiavelo:<\/span><\/strong><\/p>\n<ul>\n<li>&#8220;Los hombres son tan simples, y se someten hasta tal punto a las  necesidades presentes, que quien enga\u00f1a encontrar\u00e1 siempre quien se deje  enga\u00f1ar\u00b4\u00b4<\/li>\n<\/ul>\n<ul>\n<li>&#8220;Los hombres en general juzgan m\u00e1s por los ojos que por las manos; porque  el ver pertenece a todos, y el tocar a pocos. . . El vulgo se deja  siempre coger por las apariencias. . . Y en el mundo no hay sino vulgo\u00b4\u00b4<\/li>\n<\/ul>\n<ul>\n<li>&#8220;La habilidad y la constancia son las armas de la debilidad\u00b4\u00b4<\/li>\n<\/ul>\n<ul>\n<li>&#8220;Los hombres ofenden antes al que aman que al que temen\u00b4\u00b4<\/li>\n<\/ul>\n<ul>\n<li>&#8220;Vale m\u00e1s hacer y arrepentirse, que no hacer y arrepentirse\u00b4\u00b4<\/li>\n<\/ul>\n<ul>\n<li>&#8220;Pocos ven lo que somos, pero todos ven lo que aparentamos\u00b4\u00b4<\/li>\n<\/ul>\n<ul>\n<li>&#8220;Un pr\u00edncipe. . . Jam\u00e1s predica otra cosa que concordia y buena fe; y es  enemigo ac\u00e9rrimo de ambas, ya que, si las hubiese observado, habr\u00eda  perdido m\u00e1s de una vez la fama y las tierras\u00b4\u00b4<\/li>\n<\/ul>\n<ul>\n<li>&#8220;En todas las cosas humanas, cuando se examinan de cerca, se demuestra  que no pueden apartarse los obst\u00e1culos sin que de ellos surjan otros\u00b4\u00b4<\/li>\n<\/ul>\n<ul>\n<li>&#8220;El que es elegido pr\u00edncipe con el favor popular debe conservar al pueblo  como amigo\u00b4\u00b4<\/li>\n<\/ul>\n<ul>\n<li>&#8220;El que quiere ser tirano y no mata a Bruto y el que quiere establecer un  Estado libre y no mata a los hijos de Bruto, s\u00f3lo por breve tiempo  conservar\u00e1 su obra\u00b4\u00b4<\/li>\n<\/ul>\n<ul>\n<li>&#8220;Si el partido principal, sea el pueblo, el ej\u00e9rcito o la nobleza, que os  parece m\u00e1s \u00fatil y m\u00e1s conveniente para la conservaci\u00f3n de vuestra  dignidad est\u00e1 corrompido, deb\u00e9is seguirle el humor y disculparlo. En tal  caso, la honradez y la virtud son perniciosas\u00b4\u00b4<\/li>\n<\/ul>\n<ul>\n<li>&#8220;El hombre a quien el dolor no educ\u00f3 siempre ser\u00e1 un ni\u00f1o\u00b4\u00b4<\/li>\n<\/ul>\n","protected":false},"excerpt":{"rendered":"<p>Adjunto una serie de frases recogidas de Nicol\u00e1s Maquiavelo: &#8220;Los hombres son tan simples, y se someten hasta tal punto a las necesidades presentes, que quien enga\u00f1a encontrar\u00e1 siempre quien se deje enga\u00f1ar\u00b4\u00b4 &#8220;Los hombres en general juzgan m\u00e1s por los ojos que por las manos; porque el ver pertenece a todos, y el tocar [&hellip;]<\/p>\n","protected":false},"author":458,"featured_media":0,"parent":0,"menu_order":0,"comment_status":"open","ping_status":"open","template":"","meta":{"footnotes":""},"class_list":["post-369","page","type-page","status-publish","hentry"],"_links":{"self":[{"href":"https:\/\/blogs.ua.es\/niccolomachiavelli\/wp-json\/wp\/v2\/pages\/369","targetHints":{"allow":["GET"]}}],"collection":[{"href":"https:\/\/blogs.ua.es\/niccolomachiavelli\/wp-json\/wp\/v2\/pages"}],"about":[{"href":"https:\/\/blogs.ua.es\/niccolomachiavelli\/wp-json\/wp\/v2\/types\/page"}],"author":[{"embeddable":true,"href":"https:\/\/blogs.ua.es\/niccolomachiavelli\/wp-json\/wp\/v2\/users\/458"}],"replies":[{"embeddable":true,"href":"https:\/\/blogs.ua.es\/niccolomachiavelli\/wp-json\/wp\/v2\/comments?post=369"}],"version-history":[{"count":5,"href":"https:\/\/blogs.ua.es\/niccolomachiavelli\/wp-json\/wp\/v2\/pages\/369\/revisions"}],"predecessor-version":[{"id":371,"href":"https:\/\/blogs.ua.es\/niccolomachiavelli\/wp-json\/wp\/v2\/pages\/369\/revisions\/371"}],"wp:attachment":[{"href":"https:\/\/blogs.ua.es\/niccolomachiavelli\/wp-json\/wp\/v2\/media?parent=369"}],"curies":[{"name":"wp","href":"https:\/\/api.w.org\/{rel}","templated":true}]}}