{"id":5,"date":"2010-03-05T08:52:14","date_gmt":"2010-03-05T08:52:14","guid":{"rendered":"https:\/\/blogs.ua.es\/niccolomachiavelli\/5\/"},"modified":"2010-05-25T17:35:57","modified_gmt":"2010-05-25T17:35:57","slug":"5","status":"publish","type":"page","link":"https:\/\/blogs.ua.es\/niccolomachiavelli\/5\/","title":{"rendered":"PRESENTACI\u00d3N"},"content":{"rendered":"<p style=\"text-align: justify\">Este blog est\u00e1 orientado hacia la obra de \u201cEl Pr\u00edncipe\u00b4\u00b4 de Nicol\u00e1s Maquiavelo.<\/p>\n<p style=\"text-align: justify\">Por primera vez me inicio en la realizaci\u00f3n de un blog,\u00a0 me he adentrado en estos mundos por\u00a0 la asignatura de <a href=\"http:\/\/cv1.cpd.ua.es\/ConsPlanesEstudio\/cvFichaAsi.asp?wCodEst=B002&amp;wcodasi=8089&amp;wLengua=C&amp;scaca=2009-10\" target=\"_blank\">Ideas y movimientos sociales y pol\u00edticos\u00a0 en la Edad Moderna<\/a> que se imparte dentro del plan 2000 de la<a href=\"http:\/\/cv1.cpd.ua.es\/ConsPlanesEstudio\/cvAsignaturas.asp?wCodEst=B002&amp;Lengua=C\" target=\"_blank\"> licenciatura de Historia<\/a> en la <a href=\"http:\/\/www.ua.es\/\" target=\"_blank\">Universidad de Alicante<\/a>.<\/p>\n<p style=\"text-align: justify\">\u00bfOs preguntar\u00e9is por qu\u00e9 he elegido esta obra? La respuesta es porque quer\u00eda indagar sobre el pensamiento maquiav\u00e9lico, ya que me parece atrayente la manera de pensar en el campo pol\u00edtico\u00a0 que tiene este personaje tan peculiar del siglo XVI, y la mejor forma de hacerlo es mediante la elecci\u00f3n de dicha obra. Adem\u00e1s considero que al tratarse de una obra y tratadista que sigue dejando huella hasta nuestros d\u00edas es l\u00f3gico que despierte en m\u00ed cierto inter\u00e9s.<\/p>\n<p style=\"text-align: justify\">A partir de aqu\u00ed, se intentar\u00e1 un desglosamiento de la misma, y se espera que te sea grato.<\/p>\n<p style=\"text-align: justify\">S\u00f3lo a\u00f1adir:<\/p>\n<p style=\"text-align: justify\">\u00a1Bienvenido\/a al blog de Nicol\u00e1s Maquiavelo o Bienvenutto\/a al blog di Niccol\u00f2 Machiavelli!<\/p>\n","protected":false},"excerpt":{"rendered":"<p>Este blog est\u00e1 orientado hacia la obra de \u201cEl Pr\u00edncipe\u00b4\u00b4 de Nicol\u00e1s Maquiavelo. Por primera vez me inicio en la realizaci\u00f3n de un blog,\u00a0 me he adentrado en estos mundos por\u00a0 la asignatura de Ideas y movimientos sociales y pol\u00edticos\u00a0 en la Edad Moderna que se imparte dentro del plan 2000 de la licenciatura de [&hellip;]<\/p>\n","protected":false},"author":458,"featured_media":0,"parent":0,"menu_order":0,"comment_status":"open","ping_status":"open","template":"","meta":{"footnotes":""},"class_list":["post-5","page","type-page","status-publish","hentry"],"_links":{"self":[{"href":"https:\/\/blogs.ua.es\/niccolomachiavelli\/wp-json\/wp\/v2\/pages\/5","targetHints":{"allow":["GET"]}}],"collection":[{"href":"https:\/\/blogs.ua.es\/niccolomachiavelli\/wp-json\/wp\/v2\/pages"}],"about":[{"href":"https:\/\/blogs.ua.es\/niccolomachiavelli\/wp-json\/wp\/v2\/types\/page"}],"author":[{"embeddable":true,"href":"https:\/\/blogs.ua.es\/niccolomachiavelli\/wp-json\/wp\/v2\/users\/458"}],"replies":[{"embeddable":true,"href":"https:\/\/blogs.ua.es\/niccolomachiavelli\/wp-json\/wp\/v2\/comments?post=5"}],"version-history":[{"count":19,"href":"https:\/\/blogs.ua.es\/niccolomachiavelli\/wp-json\/wp\/v2\/pages\/5\/revisions"}],"predecessor-version":[{"id":309,"href":"https:\/\/blogs.ua.es\/niccolomachiavelli\/wp-json\/wp\/v2\/pages\/5\/revisions\/309"}],"wp:attachment":[{"href":"https:\/\/blogs.ua.es\/niccolomachiavelli\/wp-json\/wp\/v2\/media?parent=5"}],"curies":[{"name":"wp","href":"https:\/\/api.w.org\/{rel}","templated":true}]}}