{"id":170,"date":"2015-03-08T16:46:31","date_gmt":"2015-03-08T16:46:31","guid":{"rendered":"https:\/\/blogs.ua.es\/nutritic\/?page_id=170"},"modified":"2015-03-25T10:04:59","modified_gmt":"2015-03-25T10:04:59","slug":"contacto","status":"publish","type":"page","link":"https:\/\/blogs.ua.es\/nutritic\/contacto\/","title":{"rendered":"Contacto"},"content":{"rendered":"<p><strong>Puedes contactar con nosotros a trav\u00e9s de:<\/strong><\/p>\n<p>Edificio 34 de Ciencias Sociales en el Departamento de Psicologia de la Salud en la Universidad de Alicante.<\/p>\n<p>Carretera de San Vicente del Raspeig, s\/n &#8211; 03690 San Vicente del Raspeig (Alicante, Espa\u00f1a)<\/p>\n<p>&nbsp;<\/p>\n<p><strong>Correo electr\u00f3nico:<\/strong><\/p>\n<p>nutritic.ua@gmail.com<\/p>\n<p>&nbsp;<\/p>\n<p><strong>O a trav\u00e9s del n\u00famero de tel\u00e9fono:<\/strong><\/p>\n<p>+34 3990<\/p>\n","protected":false},"excerpt":{"rendered":"<p>Puedes contactar con nosotros a trav\u00e9s de: Edificio 34 de Ciencias Sociales en el Departamento de Psicologia de la Salud en la Universidad de Alicante. Carretera de San Vicente del Raspeig, s\/n &#8211; 03690 San Vicente del Raspeig (Alicante, Espa\u00f1a) &hellip; <a href=\"https:\/\/blogs.ua.es\/nutritic\/contacto\/\">Continue reading <span class=\"meta-nav\">&rarr;<\/span><\/a><\/p>\n","protected":false},"author":3807,"featured_media":0,"parent":0,"menu_order":0,"comment_status":"open","ping_status":"open","template":"","meta":{"footnotes":""},"class_list":["post-170","page","type-page","status-publish","hentry"],"_links":{"self":[{"href":"https:\/\/blogs.ua.es\/nutritic\/wp-json\/wp\/v2\/pages\/170","targetHints":{"allow":["GET"]}}],"collection":[{"href":"https:\/\/blogs.ua.es\/nutritic\/wp-json\/wp\/v2\/pages"}],"about":[{"href":"https:\/\/blogs.ua.es\/nutritic\/wp-json\/wp\/v2\/types\/page"}],"author":[{"embeddable":true,"href":"https:\/\/blogs.ua.es\/nutritic\/wp-json\/wp\/v2\/users\/3807"}],"replies":[{"embeddable":true,"href":"https:\/\/blogs.ua.es\/nutritic\/wp-json\/wp\/v2\/comments?post=170"}],"version-history":[{"count":3,"href":"https:\/\/blogs.ua.es\/nutritic\/wp-json\/wp\/v2\/pages\/170\/revisions"}],"predecessor-version":[{"id":330,"href":"https:\/\/blogs.ua.es\/nutritic\/wp-json\/wp\/v2\/pages\/170\/revisions\/330"}],"wp:attachment":[{"href":"https:\/\/blogs.ua.es\/nutritic\/wp-json\/wp\/v2\/media?parent=170"}],"curies":[{"name":"wp","href":"https:\/\/api.w.org\/{rel}","templated":true}]}}