{"id":217,"date":"2015-03-18T09:19:28","date_gmt":"2015-03-18T09:19:28","guid":{"rendered":"https:\/\/blogs.ua.es\/nutritic\/?page_id=217"},"modified":"2015-04-01T13:26:31","modified_gmt":"2015-04-01T13:26:31","slug":"internacionales","status":"publish","type":"page","link":"https:\/\/blogs.ua.es\/nutritic\/organismos-oficiales\/internacionales\/","title":{"rendered":"Organismos Oficiales Internacionales"},"content":{"rendered":"<h1><\/h1>\n<h1><strong>Organismos oficiales e instituciones internacionales en materia de nutrici\u00f3n y alimentaci\u00f3n:<\/strong><\/h1>\n<ul>\n<li><a href=\"http:\/\/www.internationaldietetics.org\" target=\"_blank\">Confederaci\u00f3n Internacional de Asociaciones de Diet\u00e9tica<\/a><\/li>\n<\/ul>\n<ul>\n<li><a href=\"http:\/\/www.efad.org\/everyone\" target=\"_blank\">European Federation of the Associations of Dietitians<\/a>\u00a0(EFAD)<\/li>\n<\/ul>\n<ul>\n<li><a href=\"http:\/\/www.iuns.org\" target=\"_blank\">IUNS International Union of Nutrition Sciences<\/a><\/li>\n<\/ul>\n<ul>\n<li><a href=\"http:\/\/www.fao.org\/home\/es\/\" target=\"_blank\">Organizaci\u00f3n de las Naciones Unidas para la Alimentaci\u00f3n y la Agricultura- FAO<\/a><\/li>\n<\/ul>\n<ul>\n<li><a href=\"http:\/\/www.eufic.org\/index\/es\/\" target=\"_blank\">Consejo Europeo de informaci\u00f3n sobre alimentaci\u00f3n (EUFIC)<\/a><\/li>\n<\/ul>\n<ul>\n<li><a href=\"http:\/\/www.codexalimentarius.org\" target=\"_blank\">Codex Alimentario<\/a><\/li>\n<\/ul>\n<p>&nbsp;<\/p>\n<p><strong>Sociedades Cient\u00edficas Internacionales:<\/strong><\/p>\n<ul>\n<li><a href=\"www.slan.org.mx\" target=\"_blank\">Sociedad Latinoamericana de Nutrici\u00f3n<\/a><\/li>\n<\/ul>\n<ul>\n<li><a href=\"www.naaso.org\" target=\"_blank\">NAASO- North American Association for the Study of Obesity<\/a><\/li>\n<\/ul>\n<ul>\n<li><a href=\"www.naspgn.org\" target=\"_blank\">NASPGN-The North American Society for Pediatric gastroenterology and Nutrition<\/a><\/li>\n<\/ul>\n<ul>\n<li><a href=\"www.iaso.org\" target=\"_blank\">International Asociation for the Study of Obesity<\/a><\/li>\n<\/ul>\n<ul>\n<li><a href=\"%20www.eatright.org\" target=\"_blank\">ADA-American Dietetic Association<\/a><\/li>\n<\/ul>\n<ul>\n<li><a href=\"www.aace.com\" target=\"_blank\">AACE- American Association of Clinical Endocrinologists<\/a><\/li>\n<\/ul>\n<ul>\n<li><a href=\"www.espen.org\" target=\"_blank\">ESPEN-European Society of Parenteral and Enteral Nutrition\u00a0<\/a><\/li>\n<\/ul>\n<ul>\n<li><a href=\"www.nutritioncare.org\" target=\"_blank\">ASPEN- American Society of Parenteral and Enteral Nutrition<\/a><\/li>\n<\/ul>\n<ul>\n<li><a href=\"www.afcn.org\" target=\"_blank\">The American Society for Clinical Nutrition<\/a><\/li>\n<\/ul>\n<ul>\n<li><a href=\"www.dnsdpg.org\" target=\"_blank\">Dieticians in Nutrition Support (DNS)<\/a><\/li>\n<\/ul>\n<ul>\n<li><a href=\"www.diabetes.org\" target=\"_blank\">AMA- American Diabetes association<\/a><\/li>\n<\/ul>\n<ul>\n<li><a href=\"www.dietitians.ca\/icda\" target=\"_blank\">ICD- Comite Internacional de asociaciones de dietistas\u00a0<\/a><\/li>\n<\/ul>\n","protected":false},"excerpt":{"rendered":"<p>Organismos oficiales e instituciones internacionales en materia de nutrici\u00f3n y alimentaci\u00f3n: Confederaci\u00f3n Internacional de Asociaciones de Diet\u00e9tica European Federation of the Associations of Dietitians\u00a0(EFAD) IUNS International Union of Nutrition Sciences Organizaci\u00f3n de las Naciones Unidas para la Alimentaci\u00f3n y la &hellip; <a href=\"https:\/\/blogs.ua.es\/nutritic\/organismos-oficiales\/internacionales\/\">Continue reading <span class=\"meta-nav\">&rarr;<\/span><\/a><\/p>\n","protected":false},"author":3807,"featured_media":0,"parent":35,"menu_order":0,"comment_status":"open","ping_status":"open","template":"","meta":{"footnotes":""},"class_list":["post-217","page","type-page","status-publish","hentry"],"_links":{"self":[{"href":"https:\/\/blogs.ua.es\/nutritic\/wp-json\/wp\/v2\/pages\/217","targetHints":{"allow":["GET"]}}],"collection":[{"href":"https:\/\/blogs.ua.es\/nutritic\/wp-json\/wp\/v2\/pages"}],"about":[{"href":"https:\/\/blogs.ua.es\/nutritic\/wp-json\/wp\/v2\/types\/page"}],"author":[{"embeddable":true,"href":"https:\/\/blogs.ua.es\/nutritic\/wp-json\/wp\/v2\/users\/3807"}],"replies":[{"embeddable":true,"href":"https:\/\/blogs.ua.es\/nutritic\/wp-json\/wp\/v2\/comments?post=217"}],"version-history":[{"count":4,"href":"https:\/\/blogs.ua.es\/nutritic\/wp-json\/wp\/v2\/pages\/217\/revisions"}],"predecessor-version":[{"id":349,"href":"https:\/\/blogs.ua.es\/nutritic\/wp-json\/wp\/v2\/pages\/217\/revisions\/349"}],"up":[{"embeddable":true,"href":"https:\/\/blogs.ua.es\/nutritic\/wp-json\/wp\/v2\/pages\/35"}],"wp:attachment":[{"href":"https:\/\/blogs.ua.es\/nutritic\/wp-json\/wp\/v2\/media?parent=217"}],"curies":[{"name":"wp","href":"https:\/\/api.w.org\/{rel}","templated":true}]}}