{"id":223,"date":"2015-03-18T09:21:23","date_gmt":"2015-03-18T09:21:23","guid":{"rendered":"https:\/\/blogs.ua.es\/nutritic\/?page_id=223"},"modified":"2015-04-08T16:15:53","modified_gmt":"2015-04-08T16:15:53","slug":"embarazo-y-lactancia","status":"publish","type":"page","link":"https:\/\/blogs.ua.es\/nutritic\/recursos-bibliograficos-y-multimedia\/material-bibliografico\/embarazo-y-lactancia\/","title":{"rendered":"Material Bibliogr\u00e1fico Embarazo y lactancia"},"content":{"rendered":"<ul>\n<li><strong>Revisi\u00f3n cient\u00edfica sobre la alimentaci\u00f3n en la mujer embarazada:\u00a0<\/strong><\/li>\n<\/ul>\n<p><a href=\"http:\/\/www.saludoralyembarazo.es\/assets\/pdf\/AlimentacionyembarazoFEDN.pdf\"><img loading=\"lazy\" decoding=\"async\" class=\"aligncenter size-medium wp-image-380\" src=\"https:\/\/blogs.ua.es\/nutritic\/files\/2015\/03\/eembarazo-211x300.png\" alt=\"embarazo\" width=\"211\" height=\"300\" srcset=\"https:\/\/blogs.ua.es\/nutritic\/files\/2015\/03\/eembarazo-211x300.png 211w, https:\/\/blogs.ua.es\/nutritic\/files\/2015\/03\/eembarazo.png 433w\" sizes=\"auto, (max-width: 211px) 100vw, 211px\" \/><\/a><\/p>\n<p><strong><a href=\"http:\/\/www.saludoralyembarazo.es\/assets\/pdf\/AlimentacionyembarazoFEDN.pdf\"><br \/>\n<\/a><\/strong><\/p>\n<ul>\n<li><strong>Antojos saludables en el embarazo:\u00a0<\/strong><\/li>\n<\/ul>\n<p><a href=\"http:\/\/www.saludoralyembarazo.es\/assets\/pdf\/AntojossaludablesFEDN.pdf\"><img loading=\"lazy\" decoding=\"async\" class=\"aligncenter size-medium wp-image-381\" src=\"https:\/\/blogs.ua.es\/nutritic\/files\/2015\/03\/antojos-saludables-212x300.png\" alt=\"antojos saludables\" width=\"212\" height=\"300\" srcset=\"https:\/\/blogs.ua.es\/nutritic\/files\/2015\/03\/antojos-saludables-212x300.png 212w, https:\/\/blogs.ua.es\/nutritic\/files\/2015\/03\/antojos-saludables.png 435w\" sizes=\"auto, (max-width: 212px) 100vw, 212px\" \/><\/a><\/p>\n<p>&nbsp;<\/p>\n","protected":false},"excerpt":{"rendered":"<p>Revisi\u00f3n cient\u00edfica sobre la alimentaci\u00f3n en la mujer embarazada:\u00a0 Antojos saludables en el embarazo:\u00a0 &nbsp;<\/p>\n","protected":false},"author":3807,"featured_media":0,"parent":39,"menu_order":0,"comment_status":"open","ping_status":"open","template":"","meta":{"footnotes":""},"class_list":["post-223","page","type-page","status-publish","hentry"],"_links":{"self":[{"href":"https:\/\/blogs.ua.es\/nutritic\/wp-json\/wp\/v2\/pages\/223","targetHints":{"allow":["GET"]}}],"collection":[{"href":"https:\/\/blogs.ua.es\/nutritic\/wp-json\/wp\/v2\/pages"}],"about":[{"href":"https:\/\/blogs.ua.es\/nutritic\/wp-json\/wp\/v2\/types\/page"}],"author":[{"embeddable":true,"href":"https:\/\/blogs.ua.es\/nutritic\/wp-json\/wp\/v2\/users\/3807"}],"replies":[{"embeddable":true,"href":"https:\/\/blogs.ua.es\/nutritic\/wp-json\/wp\/v2\/comments?post=223"}],"version-history":[{"count":7,"href":"https:\/\/blogs.ua.es\/nutritic\/wp-json\/wp\/v2\/pages\/223\/revisions"}],"predecessor-version":[{"id":382,"href":"https:\/\/blogs.ua.es\/nutritic\/wp-json\/wp\/v2\/pages\/223\/revisions\/382"}],"up":[{"embeddable":true,"href":"https:\/\/blogs.ua.es\/nutritic\/wp-json\/wp\/v2\/pages\/39"}],"wp:attachment":[{"href":"https:\/\/blogs.ua.es\/nutritic\/wp-json\/wp\/v2\/media?parent=223"}],"curies":[{"name":"wp","href":"https:\/\/api.w.org\/{rel}","templated":true}]}}