{"id":227,"date":"2015-03-18T09:25:54","date_gmt":"2015-03-18T09:25:54","guid":{"rendered":"https:\/\/blogs.ua.es\/nutritic\/?page_id=227"},"modified":"2016-02-16T15:37:16","modified_gmt":"2016-02-16T15:37:16","slug":"poblacion-general","status":"publish","type":"page","link":"https:\/\/blogs.ua.es\/nutritic\/recursos-bibliograficos-y-multimedia\/material-bibliografico\/poblacion-general\/","title":{"rendered":"Material Bibliogr\u00e1fico Poblaci\u00f3n general"},"content":{"rendered":"<ul>\n<li><strong><a href=\"http:\/\/www.acab.org\/es\/documentacion\/que-son-los-trastornos-de-la-conducta-alimentaria\/factores-de-riesgo-para-sufrir-un-tca\" target=\"_blank\">Asociaci\u00f3n contra la anorexia y la bulimia:\u00a0<\/a><\/strong><\/li>\n<\/ul>\n<p>&nbsp;<\/p>\n<ul>\n<li><strong>Libro Blanco de la Nutrici\u00f3n en Espa\u00f1a (2013) por la Fundaci\u00f3n Espa\u00f1ola de la Nutrici\u00f3n (FEN).<\/strong><\/li>\n<\/ul>\n<p><a href=\"http:\/\/www.fesnad.org\/pdf\/Libro_Blanco_FEN_2013.pdf\"><img loading=\"lazy\" decoding=\"async\" class=\"aligncenter size-medium wp-image-453\" src=\"https:\/\/blogs.ua.es\/nutritic\/files\/2015\/03\/libroblanconutricion2013-212x300.png\" alt=\"libroblanconutricion2013\" width=\"212\" height=\"300\" srcset=\"https:\/\/blogs.ua.es\/nutritic\/files\/2015\/03\/libroblanconutricion2013-212x300.png 212w, https:\/\/blogs.ua.es\/nutritic\/files\/2015\/03\/libroblanconutricion2013.png 410w\" sizes=\"auto, (max-width: 212px) 100vw, 212px\" \/><\/a><\/p>\n<ul>\n<li><strong>Informe FESNAD sobre la ingesta de grasas trans. Situaci\u00f3n en Espa\u00f1a (2013).<\/strong><\/li>\n<\/ul>\n<p><a href=\"http:\/\/www.fesnad.org\/pdf\/Informe_grasas_trans.pdf\"><img loading=\"lazy\" decoding=\"async\" class=\"aligncenter size-medium wp-image-455\" src=\"https:\/\/blogs.ua.es\/nutritic\/files\/2015\/03\/ingestagrasastrans-214x300.png\" alt=\"ingestagrasastrans\" width=\"214\" height=\"300\" srcset=\"https:\/\/blogs.ua.es\/nutritic\/files\/2015\/03\/ingestagrasastrans-214x300.png 214w, https:\/\/blogs.ua.es\/nutritic\/files\/2015\/03\/ingestagrasastrans.png 469w\" sizes=\"auto, (max-width: 214px) 100vw, 214px\" \/><\/a><\/p>\n<ul>\n<li><strong>Consenso sobre las grasas y aceites en la alimentaci\u00f3n de la poblaci\u00f3n espa\u00f1ola adulta (2015).<\/strong><\/li>\n<\/ul>\n<p><a href=\"http:\/\/www.fesnad.org\/pdf\/Consenso_sobre_las_grasas_y_aceites_2015.pdf\"><img loading=\"lazy\" decoding=\"async\" class=\"aligncenter size-medium wp-image-454\" src=\"https:\/\/blogs.ua.es\/nutritic\/files\/2015\/03\/consensograsasyaceitesFESNAD-214x300.png\" alt=\"consensograsasyaceitesFESNAD\" width=\"214\" height=\"300\" srcset=\"https:\/\/blogs.ua.es\/nutritic\/files\/2015\/03\/consensograsasyaceitesFESNAD-214x300.png 214w, https:\/\/blogs.ua.es\/nutritic\/files\/2015\/03\/consensograsasyaceitesFESNAD.png 415w\" sizes=\"auto, (max-width: 214px) 100vw, 214px\" \/><\/a><\/p>\n<ul>\n<li><strong>Recomendaciones\u00a0nutricionales basadas en la evidencia para la prevenci\u00f3n y el tratamiento de sobrepeso y la obesidad en adultos:<\/strong><\/li>\n<\/ul>\n<p><a href=\"http:\/\/www.seedo.es\/images\/site\/documentacionConsenso\/Documento-Consenso-FESNAD-SEEDO-Oct2011.pdf\"><img loading=\"lazy\" decoding=\"async\" class=\"aligncenter size-medium wp-image-342\" src=\"https:\/\/blogs.ua.es\/nutritic\/files\/2015\/03\/Sense-t\u00edtol-224x300.png\" alt=\"Sense t\u00edtol\" width=\"224\" height=\"300\" srcset=\"https:\/\/blogs.ua.es\/nutritic\/files\/2015\/03\/Sense-t\u00edtol-224x300.png 224w, https:\/\/blogs.ua.es\/nutritic\/files\/2015\/03\/Sense-t\u00edtol.png 494w\" sizes=\"auto, (max-width: 224px) 100vw, 224px\" \/><\/a><\/p>\n<ul>\n<li><strong>Gu\u00eda para empleados: men\u00fa diario, alimentaci\u00f3n equilibrada<\/strong><\/li>\n<\/ul>\n<p><a href=\"http:\/\/www.naos.aesan.msps.es\/naos\/ficheros\/investigacion\/GUIA_FOOD_EMPLEADOS.pdf\"><img loading=\"lazy\" decoding=\"async\" class=\"aligncenter size-medium wp-image-343\" src=\"https:\/\/blogs.ua.es\/nutritic\/files\/2015\/03\/guaiasd-213x300.png\" alt=\"guaiasd\" width=\"213\" height=\"300\" srcset=\"https:\/\/blogs.ua.es\/nutritic\/files\/2015\/03\/guaiasd-213x300.png 213w, https:\/\/blogs.ua.es\/nutritic\/files\/2015\/03\/guaiasd.png 469w\" sizes=\"auto, (max-width: 213px) 100vw, 213px\" \/><\/a><\/p>\n<p>&nbsp;<\/p>\n<p>&nbsp;<\/p>\n<ul>\n<li><strong>Cuida tu peso fuera de casa:\u00a0<\/strong><\/li>\n<\/ul>\n<p><a href=\"http:\/\/www.seedo.es\/images\/site\/Cuida_tu_peso_fuera_casa_SEEDO.pdf\"><img loading=\"lazy\" decoding=\"async\" class=\"aligncenter size-medium wp-image-344\" src=\"https:\/\/blogs.ua.es\/nutritic\/files\/2015\/03\/cuida-300x152.png\" alt=\"cuida\" width=\"300\" height=\"152\" srcset=\"https:\/\/blogs.ua.es\/nutritic\/files\/2015\/03\/cuida-300x152.png 300w, https:\/\/blogs.ua.es\/nutritic\/files\/2015\/03\/cuida-1024x519.png 1024w, https:\/\/blogs.ua.es\/nutritic\/files\/2015\/03\/cuida-500x253.png 500w, https:\/\/blogs.ua.es\/nutritic\/files\/2015\/03\/cuida.png 1290w\" sizes=\"auto, (max-width: 300px) 100vw, 300px\" \/><\/a><\/p>\n<p>&nbsp;<\/p>\n<p>&nbsp;<\/p>\n<ul>\n<li><strong><span lang=\"EN-US\">Handbook of obesity: Clinical applications:<\/span><\/strong><\/li>\n<\/ul>\n<p><a href=\"http:\/\/osp.mans.edu.eg\/tmahdy\/surgeons\/ebooks\/Books\/Handbook%20of%20Obesity.pdf\"><img loading=\"lazy\" decoding=\"async\" class=\"aligncenter size-medium wp-image-311\" src=\"https:\/\/blogs.ua.es\/nutritic\/files\/2015\/03\/handbook-of-obesity-234x300.png\" alt=\"handbook of obesity\" width=\"234\" height=\"300\" srcset=\"https:\/\/blogs.ua.es\/nutritic\/files\/2015\/03\/handbook-of-obesity-234x300.png 234w, https:\/\/blogs.ua.es\/nutritic\/files\/2015\/03\/handbook-of-obesity.png 516w\" sizes=\"auto, (max-width: 234px) 100vw, 234px\" \/><\/a><\/p>\n<p>&nbsp;<\/p>\n<ul>\n<li><strong>Conocimientos y creencias de la poblaci\u00f3n espa\u00f1ola sobre alimentaci\u00f3n y \u00a0c\u00e1ncer:<\/strong><\/li>\n<\/ul>\n<p><a href=\"http:\/\/diamundialdietistanutricionista.org\/wp-content\/uploads\/2014\/11\/Ponencia_marco_DMDN2014.pdf\"><img loading=\"lazy\" decoding=\"async\" class=\"aligncenter size-medium wp-image-345\" src=\"https:\/\/blogs.ua.es\/nutritic\/files\/2015\/03\/conocimientos-300x225.png\" alt=\"conocimientos\" width=\"300\" height=\"225\" srcset=\"https:\/\/blogs.ua.es\/nutritic\/files\/2015\/03\/conocimientos-300x225.png 300w, https:\/\/blogs.ua.es\/nutritic\/files\/2015\/03\/conocimientos-400x300.png 400w, https:\/\/blogs.ua.es\/nutritic\/files\/2015\/03\/conocimientos.png 876w\" sizes=\"auto, (max-width: 300px) 100vw, 300px\" \/><\/a><\/p>\n<p>&nbsp;<\/p>\n<p>&nbsp;<\/p>\n<ul>\n<li><strong>Come sano y mu\u00e9vete: 12 decisiones saludables de la estrategia NAOS:<\/strong><\/li>\n<\/ul>\n<p><a href=\"http:\/\/www.naos.aesan.msssi.gob.es\/naos\/ficheros\/investigacion\/Come_sano_y_muevete.pdf\"><img loading=\"lazy\" decoding=\"async\" class=\"aligncenter size-medium wp-image-327\" src=\"https:\/\/blogs.ua.es\/nutritic\/files\/2015\/03\/comesano-203x300.png\" alt=\"comesano\" width=\"203\" height=\"300\" srcset=\"https:\/\/blogs.ua.es\/nutritic\/files\/2015\/03\/comesano-203x300.png 203w, https:\/\/blogs.ua.es\/nutritic\/files\/2015\/03\/comesano.png 400w\" sizes=\"auto, (max-width: 203px) 100vw, 203px\" \/><\/a><\/p>\n","protected":false},"excerpt":{"rendered":"<p>Asociaci\u00f3n contra la anorexia y la bulimia:\u00a0 &nbsp; Libro Blanco de la Nutrici\u00f3n en Espa\u00f1a (2013) por la Fundaci\u00f3n Espa\u00f1ola de la Nutrici\u00f3n (FEN). Informe FESNAD sobre la ingesta de grasas trans. Situaci\u00f3n en Espa\u00f1a (2013). Consenso sobre las grasas &hellip; <a href=\"https:\/\/blogs.ua.es\/nutritic\/recursos-bibliograficos-y-multimedia\/material-bibliografico\/poblacion-general\/\">Continue reading <span class=\"meta-nav\">&rarr;<\/span><\/a><\/p>\n","protected":false},"author":3807,"featured_media":342,"parent":39,"menu_order":0,"comment_status":"open","ping_status":"open","template":"","meta":{"footnotes":""},"class_list":["post-227","page","type-page","status-publish","has-post-thumbnail","hentry"],"_links":{"self":[{"href":"https:\/\/blogs.ua.es\/nutritic\/wp-json\/wp\/v2\/pages\/227","targetHints":{"allow":["GET"]}}],"collection":[{"href":"https:\/\/blogs.ua.es\/nutritic\/wp-json\/wp\/v2\/pages"}],"about":[{"href":"https:\/\/blogs.ua.es\/nutritic\/wp-json\/wp\/v2\/types\/page"}],"author":[{"embeddable":true,"href":"https:\/\/blogs.ua.es\/nutritic\/wp-json\/wp\/v2\/users\/3807"}],"replies":[{"embeddable":true,"href":"https:\/\/blogs.ua.es\/nutritic\/wp-json\/wp\/v2\/comments?post=227"}],"version-history":[{"count":13,"href":"https:\/\/blogs.ua.es\/nutritic\/wp-json\/wp\/v2\/pages\/227\/revisions"}],"predecessor-version":[{"id":542,"href":"https:\/\/blogs.ua.es\/nutritic\/wp-json\/wp\/v2\/pages\/227\/revisions\/542"}],"up":[{"embeddable":true,"href":"https:\/\/blogs.ua.es\/nutritic\/wp-json\/wp\/v2\/pages\/39"}],"wp:featuredmedia":[{"embeddable":true,"href":"https:\/\/blogs.ua.es\/nutritic\/wp-json\/wp\/v2\/media\/342"}],"wp:attachment":[{"href":"https:\/\/blogs.ua.es\/nutritic\/wp-json\/wp\/v2\/media?parent=227"}],"curies":[{"name":"wp","href":"https:\/\/api.w.org\/{rel}","templated":true}]}}